{"id":2758,"date":"2026-02-19T19:09:33","date_gmt":"2026-02-19T18:09:33","guid":{"rendered":"http:\/\/www.lucie-lom.fr\/site\/?page_id=2758"},"modified":"2026-02-20T14:53:02","modified_gmt":"2026-02-20T13:53:02","slug":"laventure-editoriale","status":"publish","type":"page","link":"http:\/\/www.lucie-lom.fr\/site\/laventure-editoriale\/","title":{"rendered":"L&rsquo;aventure \u00e9ditoriale"},"content":{"rendered":"\n<div style=\"height:170px\" aria-hidden=\"true\" class=\"wp-block-spacer\"><\/div>\n\n\n\n<h2 class=\"wp-block-heading\"><strong>L&rsquo;AVENTURE \u00c9DITORIALE<\/strong><\/h2>\n\n\n\n<h3 class=\"wp-block-heading\"><strong>Delcourt, 40 ans au rythme du 9e art <\/strong><\/h3>\n\n\n\n<h3 class=\"wp-block-heading\"><strong>Une exposition sc\u00e9nographi\u00e9e \u00e0 la Cit\u00e9 de la bande dessin\u00e9e et de l&rsquo;image &#8211; Angoul\u00eame &#8211; 2026<\/strong><\/h3>\n\n\n\n<div style=\"height:20px\" aria-hidden=\"true\" class=\"wp-block-spacer\"><\/div>\n\n\n\n<p><\/p>\n\n\n\n<div class=\"wp-block-columns has-2-columns is-layout-flex wp-container-core-columns-is-layout-9d6595d7 wp-block-columns-is-layout-flex\">\n<div class=\"wp-block-column is-layout-flow wp-block-column-is-layout-flow\" style=\"flex-basis:33%\">\n<figure class=\"wp-block-image is-resized\"><img loading=\"lazy\" decoding=\"async\" width=\"680\" height=\"1020\" src=\"http:\/\/www.lucie-lom.fr\/site\/wp-content\/uploads\/2026\/02\/rvb-c-alfred_0.jpg\" alt=\"\" class=\"wp-image-2752\" style=\"width:500px\" srcset=\"http:\/\/www.lucie-lom.fr\/site\/wp-content\/uploads\/2026\/02\/rvb-c-alfred_0.jpg 680w, http:\/\/www.lucie-lom.fr\/site\/wp-content\/uploads\/2026\/02\/rvb-c-alfred_0-200x300.jpg 200w\" sizes=\"auto, (max-width: 680px) 100vw, 680px\" \/><figcaption class=\"wp-element-caption\">L\u2019affiche de l\u2019exposition sign\u00e9e \u00a9Alfred<\/figcaption><\/figure>\n<\/div>\n\n\n\n<div class=\"wp-block-column is-layout-flow wp-block-column-is-layout-flow\" style=\"flex-basis:46%\">\n<p>Depuis 1986, les \u00e9ditions Delcourt accompagnent, explorent et renouvellent la bande dessin\u00e9e. Fid\u00e8le \u00e0 son histoire li\u00e9e \u00e0 Angoul\u00eame, la maison c\u00e9l\u00e8bre ses quarante ans au Mus\u00e9e de la bande dessin\u00e9e \u00e0 travers un panorama riche de genres, de formes et de styles. De grands noms aux nouvelles voix, du patrimoine \u00e0 l\u2019exp\u00e9rimentation, l\u2019exposition refl\u00e8te la diversit\u00e9 foisonnante d\u2019un art en perp\u00e9tuelle r\u00e9invention.<br>Pour raconter cette histoire riche et prot\u00e9iforme, l\u2019atelier Lucie Lom a choisi de d\u00e9plier une bande de papier, comme un immense origami blanc sur fond noir. Dans ce labyrinthe les perspectives, les plis et les recoins r\u00e9v\u00e8lent des jeux d\u2019influences, d\u2019\u00e9chos, de correspondances. \u00c0 la fois sobre et monumentale, \u00e9l\u00e9gante et ludique, la sc\u00e9nographie du parcours, au service des planches expos\u00e9es, est une exp\u00e9rience en soi.<\/p>\n<\/div>\n<\/div>\n\n\n\n<figure class=\"wp-block-image\"><img loading=\"lazy\" decoding=\"async\" width=\"1024\" height=\"571\" src=\"http:\/\/www.lucie-lom.fr\/site\/wp-content\/uploads\/2026\/02\/lucie-lom-l-aventure-editoriale-site2-1024x571.jpg\" alt=\"\" class=\"wp-image-2751\" srcset=\"http:\/\/www.lucie-lom.fr\/site\/wp-content\/uploads\/2026\/02\/lucie-lom-l-aventure-editoriale-site2-1024x571.jpg 1024w, http:\/\/www.lucie-lom.fr\/site\/wp-content\/uploads\/2026\/02\/lucie-lom-l-aventure-editoriale-site2-300x167.jpg 300w, http:\/\/www.lucie-lom.fr\/site\/wp-content\/uploads\/2026\/02\/lucie-lom-l-aventure-editoriale-site2-768x428.jpg 768w, http:\/\/www.lucie-lom.fr\/site\/wp-content\/uploads\/2026\/02\/lucie-lom-l-aventure-editoriale-site2-500x279.jpg 500w\" sizes=\"auto, (max-width: 1024px) 100vw, 1024px\" \/><\/figure>\n\n\n\n<figure class=\"wp-block-image\"><img loading=\"lazy\" decoding=\"async\" width=\"900\" height=\"463\" src=\"http:\/\/www.lucie-lom.fr\/site\/wp-content\/uploads\/2026\/02\/lucie-lom-l-aventure-editoriale-site.jpg\" alt=\"\" class=\"wp-image-2750\" srcset=\"http:\/\/www.lucie-lom.fr\/site\/wp-content\/uploads\/2026\/02\/lucie-lom-l-aventure-editoriale-site.jpg 900w, http:\/\/www.lucie-lom.fr\/site\/wp-content\/uploads\/2026\/02\/lucie-lom-l-aventure-editoriale-site-300x154.jpg 300w, http:\/\/www.lucie-lom.fr\/site\/wp-content\/uploads\/2026\/02\/lucie-lom-l-aventure-editoriale-site-768x395.jpg 768w, http:\/\/www.lucie-lom.fr\/site\/wp-content\/uploads\/2026\/02\/lucie-lom-l-aventure-editoriale-site-500x257.jpg 500w\" sizes=\"auto, (max-width: 900px) 100vw, 900px\" \/><\/figure>\n\n\n\n<h2 class=\"wp-block-heading\"><\/h2>\n\n\n\n<p><em>Jusqu\u2019au 15 novembre 2026<\/em><\/p>\n\n\n\n<blockquote class=\"wp-block-quote is-layout-flow wp-block-quote-is-layout-flow\">\n<p><\/p>\n<\/blockquote>\n\n\n\n<p>Commissaires : Cathia Engelbach  &amp; Victor Mac\u00e9 de L\u00e9pinay  &#8211;  Sc\u00e9nographie : Lucie Lom<br>\nR\u00e9alisation  : Art Composit &amp; Cobble  &#8211;  Impressions : Maudet <\/p>\n\n\n<\/p>\n<p style=\"text-align: justify;\">&nbsp;<\/p>\n<\/p>\n<p style=\"text-align: justify;\">&nbsp;<\/p>\n<\/p>\n<p style=\"text-align: justify;\">&nbsp;<\/p>\n<p style=\"text-align: justify;\">&nbsp;<\/p>\n\n\n<div style=\"height:100px\" aria-hidden=\"true\" class=\"wp-block-spacer\"><\/div>\n\n\n\n<p><\/p>\n","protected":false},"excerpt":{"rendered":"<p>L&rsquo;AVENTURE \u00c9DITORIALE Delcourt, 40 ans au rythme du 9e art Une exposition sc\u00e9nographi\u00e9e \u00e0 la Cit\u00e9 de la bande dessin\u00e9e et de l&rsquo;image &#8211; Angoul\u00eame &#8211; 2026 Depuis 1986, les \u00e9ditions Delcourt accompagnent, explorent et renouvellent la bande dessin\u00e9e. Fid\u00e8le &hellip; <a href=\"http:\/\/www.lucie-lom.fr\/site\/laventure-editoriale\/\">Lire la suite <span class=\"meta-nav\">&rarr;<\/span><\/a><\/p>\n","protected":false},"author":1,"featured_media":0,"parent":0,"menu_order":0,"comment_status":"closed","ping_status":"closed","template":"","meta":{"footnotes":""},"class_list":["post-2758","page","type-page","status-publish","hentry"],"_links":{"self":[{"href":"http:\/\/www.lucie-lom.fr\/site\/wp-json\/wp\/v2\/pages\/2758","targetHints":{"allow":["GET"]}}],"collection":[{"href":"http:\/\/www.lucie-lom.fr\/site\/wp-json\/wp\/v2\/pages"}],"about":[{"href":"http:\/\/www.lucie-lom.fr\/site\/wp-json\/wp\/v2\/types\/page"}],"author":[{"embeddable":true,"href":"http:\/\/www.lucie-lom.fr\/site\/wp-json\/wp\/v2\/users\/1"}],"replies":[{"embeddable":true,"href":"http:\/\/www.lucie-lom.fr\/site\/wp-json\/wp\/v2\/comments?post=2758"}],"version-history":[{"count":19,"href":"http:\/\/www.lucie-lom.fr\/site\/wp-json\/wp\/v2\/pages\/2758\/revisions"}],"predecessor-version":[{"id":2832,"href":"http:\/\/www.lucie-lom.fr\/site\/wp-json\/wp\/v2\/pages\/2758\/revisions\/2832"}],"wp:attachment":[{"href":"http:\/\/www.lucie-lom.fr\/site\/wp-json\/wp\/v2\/media?parent=2758"}],"curies":[{"name":"wp","href":"https:\/\/api.w.org\/{rel}","templated":true}]}}