{"id":2754,"date":"2026-02-19T19:09:10","date_gmt":"2026-02-19T18:09:10","guid":{"rendered":"http:\/\/www.lucie-lom.fr\/site\/?page_id=2754"},"modified":"2026-02-19T19:28:19","modified_gmt":"2026-02-19T18:28:19","slug":"la-bete-est-morte","status":"publish","type":"page","link":"http:\/\/www.lucie-lom.fr\/site\/la-bete-est-morte\/","title":{"rendered":"La b\u00eate est morte!"},"content":{"rendered":"\n<div style=\"height:170px\" aria-hidden=\"true\" class=\"wp-block-spacer\"><\/div>\n\n\n\n<h2 class=\"wp-block-heading\"><strong>LA B\u00caTE EST MORTE !<\/strong><\/h2>\n\n\n\n<h3 class=\"wp-block-heading\"><strong>Une exposition sc\u00e9nographi\u00e9e autour de l\u2019\u0153uvre de Calvo &#8211;<br>Dans le cadre du Festival Regards Noirs &#8211; Le pilori, Niort (79)\u00a0 &#8211; 2025<\/strong><\/h3>\n\n\n\n<p><\/p>\n\n\n\n<p>Ce chef d\u2019\u0153uvre r\u00e9alis\u00e9 en 1944 et 1945 pendant la p\u00e9riode de l\u2019Occupation malgr\u00e9 la censure, est un t\u00e9moignage historiqueo\u00f9 la virtuosit\u00e9 et l\u2019ironie du dessin d\u00e9jouent, sans l\u2019occulter, la violence des sc\u00e8nes de destruction.Au Pilori, l\u2019exposition est con\u00e7ue en deux parties. En rez-de-chauss\u00e9e, la sc\u00e9nographie constitue un livre g\u00e9ant. Le visiteur est happ\u00e9 par la d\u00e9flagration qui fait basculer de l\u2019insouciance paisible vers l\u2019engrenagedes batailles.Au premier \u00e9tage, une s\u00e9lection de planches sont pr\u00e9sent\u00e9es en grands formats, favorisant l\u2019immersion dans les d\u00e9tails et le dynamisme des images. Ces planches, imprim\u00e9es et pr\u00eat\u00e9es par les Editions Hennebelle, font l\u2019objet d\u2019une colorisation tendant \u00e0 s\u2019approcher des couleurs des planches originales.<\/p>\n\n\n\n<p><\/p>\n\n\n\n<figure class=\"wp-block-image\"><img loading=\"lazy\" decoding=\"async\" width=\"900\" height=\"518\" src=\"http:\/\/www.lucie-lom.fr\/site\/wp-content\/uploads\/2026\/02\/Lucie-Lom-Calvo-lycee-polyvalent-nirot-st-andre-site.jpg\" alt=\"\" class=\"wp-image-2747\" srcset=\"http:\/\/www.lucie-lom.fr\/site\/wp-content\/uploads\/2026\/02\/Lucie-Lom-Calvo-lycee-polyvalent-nirot-st-andre-site.jpg 900w, http:\/\/www.lucie-lom.fr\/site\/wp-content\/uploads\/2026\/02\/Lucie-Lom-Calvo-lycee-polyvalent-nirot-st-andre-site-300x173.jpg 300w, http:\/\/www.lucie-lom.fr\/site\/wp-content\/uploads\/2026\/02\/Lucie-Lom-Calvo-lycee-polyvalent-nirot-st-andre-site-768x442.jpg 768w, http:\/\/www.lucie-lom.fr\/site\/wp-content\/uploads\/2026\/02\/Lucie-Lom-Calvo-lycee-polyvalent-nirot-st-andre-site-500x288.jpg 500w\" sizes=\"auto, (max-width: 900px) 100vw, 900px\" \/><\/figure>\n\n\n\n<h2 class=\"wp-block-heading\"><\/h2>\n\n\n\n<p>Jusqu\u2019au 7 mars 2026<\/p>\n\n\n\n<blockquote class=\"wp-block-quote is-layout-flow wp-block-quote-is-layout-flow\"><p><\/p><\/blockquote>\n\n\n\n<p>Cette sc\u00e9nographie est l\u2019adaptation d\u2019une installation cr\u00e9e par Lucie Lom pour le M\u00e9morial de l\u2019Internement et de la D\u00e9portation de Compi\u00e8gne en 2024.<\/p>\n\n\n<p>\u00a0<\/p>\n<p style=\"text-align: justify;\">\u00a0<\/p>\n<p>\u00a0<\/p>\n<p style=\"text-align: justify;\">\u00a0<\/p>\n<p>\u00a0<\/p>\n<p style=\"text-align: justify;\">\u00a0<\/p>\n<p style=\"text-align: justify;\">\u00a0<\/p>\n\n\n<div style=\"height:100px\" aria-hidden=\"true\" class=\"wp-block-spacer\"><\/div>\n","protected":false},"excerpt":{"rendered":"<p>LA B\u00caTE EST MORTE ! Une exposition sc\u00e9nographi\u00e9e autour de l\u2019\u0153uvre de Calvo &#8211;Dans le cadre du Festival Regards Noirs &#8211; Le pilori, Niort (79)\u00a0 &#8211; 2025 Ce chef d\u2019\u0153uvre r\u00e9alis\u00e9 en 1944 et 1945 pendant la p\u00e9riode de l\u2019Occupation &hellip; <a href=\"http:\/\/www.lucie-lom.fr\/site\/la-bete-est-morte\/\">Lire la suite <span class=\"meta-nav\">&rarr;<\/span><\/a><\/p>\n","protected":false},"author":1,"featured_media":0,"parent":0,"menu_order":0,"comment_status":"closed","ping_status":"closed","template":"","meta":{"footnotes":""},"class_list":["post-2754","page","type-page","status-publish","hentry"],"_links":{"self":[{"href":"http:\/\/www.lucie-lom.fr\/site\/wp-json\/wp\/v2\/pages\/2754","targetHints":{"allow":["GET"]}}],"collection":[{"href":"http:\/\/www.lucie-lom.fr\/site\/wp-json\/wp\/v2\/pages"}],"about":[{"href":"http:\/\/www.lucie-lom.fr\/site\/wp-json\/wp\/v2\/types\/page"}],"author":[{"embeddable":true,"href":"http:\/\/www.lucie-lom.fr\/site\/wp-json\/wp\/v2\/users\/1"}],"replies":[{"embeddable":true,"href":"http:\/\/www.lucie-lom.fr\/site\/wp-json\/wp\/v2\/comments?post=2754"}],"version-history":[{"count":10,"href":"http:\/\/www.lucie-lom.fr\/site\/wp-json\/wp\/v2\/pages\/2754\/revisions"}],"predecessor-version":[{"id":2788,"href":"http:\/\/www.lucie-lom.fr\/site\/wp-json\/wp\/v2\/pages\/2754\/revisions\/2788"}],"wp:attachment":[{"href":"http:\/\/www.lucie-lom.fr\/site\/wp-json\/wp\/v2\/media?parent=2754"}],"curies":[{"name":"wp","href":"https:\/\/api.w.org\/{rel}","templated":true}]}}