{"id":2730,"date":"2024-12-10T17:52:13","date_gmt":"2024-12-10T16:52:13","guid":{"rendered":"http:\/\/www.lucie-lom.fr\/site\/?page_id=2730"},"modified":"2024-12-10T17:59:12","modified_gmt":"2024-12-10T16:59:12","slug":"leau-dessinee","status":"publish","type":"page","link":"http:\/\/www.lucie-lom.fr\/site\/leau-dessinee\/","title":{"rendered":"L&rsquo;eau dessin\u00e9e"},"content":{"rendered":"<p>&nbsp;<\/p>\n<p>&nbsp;<\/p>\n<p>&nbsp;<\/p>\n<h2><strong>L&rsquo;EAU DESSIN\u00c9E<br \/>\n<\/strong><\/h2>\n<p style=\"text-align: justify;\"><strong>Exposition sur l&rsquo;eau dessin\u00e9e dans l&rsquo;illustration, la bande dessin\u00e9e, l&rsquo;animation \u00e0 la fondation d&rsquo;art contemporain Fran\u00e7ois Schneider. Sc\u00e9nographie Lucie Lom. Du 25 octobre 2019 au 29 mars 2020 \u00e0 Wattwiller.<br \/>\n<\/strong><\/p>\n<p>Une grande vague de papier traverse l&rsquo;exposition dans son sillage le visiteur d\u00e9couvre l&rsquo;eau dans tous ses \u00e9tats de la ligne claire \u00e0 l&rsquo;animation en passant par la bande dessin\u00e9e. Le papier virevolte dans tous les espaces de la Fondation pour r\u00e9v\u00e9ler la mati\u00e8re de l\u2019eau, son lien avec le paysage et l\u2019environnement, les narrations du voyage et des mondes imaginaires, ou encore son rapport \u00e0 l\u2019homme et au corps, avec notamment la tradition des bains.<\/p>\n<h6>\u00a0\u00a0 <img loading=\"lazy\" decoding=\"async\" class=\"alignnone size-full wp-image-2439\" src=\"http:\/\/www.lucie-lom.fr\/site\/wp-content\/uploads\/2019\/11\/lucielom-leaudessine\u0301e-2.jpg\" alt=\"lucielom-leaudessine\u0301e-2\" width=\"900\" height=\"616\" srcset=\"http:\/\/www.lucie-lom.fr\/site\/wp-content\/uploads\/2019\/11\/lucielom-leaudessine\u0301e-2.jpg 900w, http:\/\/www.lucie-lom.fr\/site\/wp-content\/uploads\/2019\/11\/lucielom-leaudessine\u0301e-2-300x205.jpg 300w, http:\/\/www.lucie-lom.fr\/site\/wp-content\/uploads\/2019\/11\/lucielom-leaudessine\u0301e-2-768x526.jpg 768w, http:\/\/www.lucie-lom.fr\/site\/wp-content\/uploads\/2019\/11\/lucielom-leaudessine\u0301e-2-438x300.jpg 438w\" sizes=\"auto, (max-width: 900px) 100vw, 900px\" \/> <img loading=\"lazy\" decoding=\"async\" class=\"alignnone size-full wp-image-2441\" src=\"http:\/\/www.lucie-lom.fr\/site\/wp-content\/uploads\/2019\/11\/lucielom-leaudessine\u0301e-4.jpg\" alt=\"lucielom-leaudessine\u0301e-4\" width=\"900\" height=\"675\" srcset=\"http:\/\/www.lucie-lom.fr\/site\/wp-content\/uploads\/2019\/11\/lucielom-leaudessine\u0301e-4.jpg 900w, http:\/\/www.lucie-lom.fr\/site\/wp-content\/uploads\/2019\/11\/lucielom-leaudessine\u0301e-4-300x225.jpg 300w, http:\/\/www.lucie-lom.fr\/site\/wp-content\/uploads\/2019\/11\/lucielom-leaudessine\u0301e-4-768x576.jpg 768w, http:\/\/www.lucie-lom.fr\/site\/wp-content\/uploads\/2019\/11\/lucielom-leaudessine\u0301e-4-400x300.jpg 400w\" sizes=\"auto, (max-width: 900px) 100vw, 900px\" \/> <img loading=\"lazy\" decoding=\"async\" class=\"alignnone size-full wp-image-2442\" src=\"http:\/\/www.lucie-lom.fr\/site\/wp-content\/uploads\/2019\/11\/lucielom-leaudessine\u0301e-5.jpg\" alt=\"lucielom-leaudessine\u0301e-5\" width=\"900\" height=\"604\" srcset=\"http:\/\/www.lucie-lom.fr\/site\/wp-content\/uploads\/2019\/11\/lucielom-leaudessine\u0301e-5.jpg 900w, http:\/\/www.lucie-lom.fr\/site\/wp-content\/uploads\/2019\/11\/lucielom-leaudessine\u0301e-5-300x201.jpg 300w, http:\/\/www.lucie-lom.fr\/site\/wp-content\/uploads\/2019\/11\/lucielom-leaudessine\u0301e-5-768x515.jpg 768w, http:\/\/www.lucie-lom.fr\/site\/wp-content\/uploads\/2019\/11\/lucielom-leaudessine\u0301e-5-447x300.jpg 447w\" sizes=\"auto, (max-width: 900px) 100vw, 900px\" \/><\/h6>\n","protected":false},"excerpt":{"rendered":"<p>&nbsp; &nbsp; &nbsp; L&rsquo;EAU DESSIN\u00c9E Exposition sur l&rsquo;eau dessin\u00e9e dans l&rsquo;illustration, la bande dessin\u00e9e, l&rsquo;animation \u00e0 la fondation d&rsquo;art contemporain Fran\u00e7ois Schneider. Sc\u00e9nographie Lucie Lom. Du 25 octobre 2019 au 29 mars 2020 \u00e0 Wattwiller. Une grande vague de papier &hellip; <a href=\"http:\/\/www.lucie-lom.fr\/site\/leau-dessinee\/\">Lire la suite <span class=\"meta-nav\">&rarr;<\/span><\/a><\/p>\n","protected":false},"author":1,"featured_media":0,"parent":0,"menu_order":0,"comment_status":"closed","ping_status":"closed","template":"","meta":{"footnotes":""},"class_list":["post-2730","page","type-page","status-publish","hentry"],"_links":{"self":[{"href":"http:\/\/www.lucie-lom.fr\/site\/wp-json\/wp\/v2\/pages\/2730","targetHints":{"allow":["GET"]}}],"collection":[{"href":"http:\/\/www.lucie-lom.fr\/site\/wp-json\/wp\/v2\/pages"}],"about":[{"href":"http:\/\/www.lucie-lom.fr\/site\/wp-json\/wp\/v2\/types\/page"}],"author":[{"embeddable":true,"href":"http:\/\/www.lucie-lom.fr\/site\/wp-json\/wp\/v2\/users\/1"}],"replies":[{"embeddable":true,"href":"http:\/\/www.lucie-lom.fr\/site\/wp-json\/wp\/v2\/comments?post=2730"}],"version-history":[{"count":3,"href":"http:\/\/www.lucie-lom.fr\/site\/wp-json\/wp\/v2\/pages\/2730\/revisions"}],"predecessor-version":[{"id":2735,"href":"http:\/\/www.lucie-lom.fr\/site\/wp-json\/wp\/v2\/pages\/2730\/revisions\/2735"}],"wp:attachment":[{"href":"http:\/\/www.lucie-lom.fr\/site\/wp-json\/wp\/v2\/media?parent=2730"}],"curies":[{"name":"wp","href":"https:\/\/api.w.org\/{rel}","templated":true}]}}