{"id":2648,"date":"2023-07-04T12:53:07","date_gmt":"2023-07-04T10:53:07","guid":{"rendered":"http:\/\/www.lucie-lom.fr\/site\/?page_id=2648"},"modified":"2023-07-04T12:53:30","modified_gmt":"2023-07-04T10:53:30","slug":"cave-de-sibylle","status":"publish","type":"page","link":"http:\/\/www.lucie-lom.fr\/site\/cave-de-sibylle\/","title":{"rendered":"La Cave de la Sibylle"},"content":{"rendered":"<p>&nbsp;<br \/>\n&nbsp;<br \/>\n&nbsp;<\/p>\n<h2><strong>LA CAVE DE LA SIBYLLE<br \/>\n<\/strong><\/h2>\n<p style=\"text-align: justify;\"><strong>Un parcours sc\u00e9nographique p\u00e9renne dans une cave troglodyte, con\u00e7u et r\u00e9alis\u00e9 par Lucie Lom \u00e0 partir des textes de Rabelais. Ouvert en 2019 \u00e0 Panzoult.<br \/>\n<\/strong><\/p>\n<p>Dans les recoins des caves de la Sybille, l\u00e0 o\u00f9 nuit et jour se confondent, les monstres de pierre r\u00eavent. Comme l\u2019a racont\u00e9 Rabelais dans son Gargantua, Panurge va consulter dans cette cave la Sibylle de Panzoult, devineresse inqui\u00e9tante et obsc\u00e8ne, qui proph\u00e9tisera son infortune.<br \/>\nNi Panurge, ni les visiteurs ne savent o\u00f9 s\u2019arr\u00eate le r\u00eave et o\u00f9 commence la r\u00e9alit\u00e9.<br \/>\nLes images des monstres et figures entrevus dans le parcours pr\u00e9c\u00e9dent se m\u00ealent \u00e0 d\u2019autres dans les r\u00eaves de Panurge.<br \/>\nElles sont projet\u00e9es sur les murs, les sols et les plafonds. Voil\u00e0 des poissons qui dansent et des soleils \u00e9clat\u00e9s. Et l\u00e0, une figure qui s\u2019entortille autour d\u2019un rire et ici des grenouilles bienheureuses&#8230; Le visiteur est immerg\u00e9 dans un tableau d\u2019images fantasmagoriques.<br \/>\nLa musique sp\u00e9cialement compos\u00e9e pour accompagner la plong\u00e9e dans le r\u00eave s\u2019ajoute \u00e0 la perte de rep\u00e8res.<\/p>\n<p>&nbsp;<\/p>\n<p style=\"text-align: left;\">  <img loading=\"lazy\" decoding=\"async\" class=\"alignnone size-full wp-image-2430\" src=\"http:\/\/www.lucie-lom.fr\/site\/wp-content\/uploads\/2019\/11\/LucieLom-Panzoult.jpg\" alt=\"LucieLom-Panzoult\" width=\"900\" height=\"451\" srcset=\"http:\/\/www.lucie-lom.fr\/site\/wp-content\/uploads\/2019\/11\/LucieLom-Panzoult.jpg 900w, http:\/\/www.lucie-lom.fr\/site\/wp-content\/uploads\/2019\/11\/LucieLom-Panzoult-300x150.jpg 300w, http:\/\/www.lucie-lom.fr\/site\/wp-content\/uploads\/2019\/11\/LucieLom-Panzoult-768x385.jpg 768w, http:\/\/www.lucie-lom.fr\/site\/wp-content\/uploads\/2019\/11\/LucieLom-Panzoult-500x251.jpg 500w\" sizes=\"auto, (max-width: 900px) 100vw, 900px\" \/> <img loading=\"lazy\" decoding=\"async\" class=\"alignnone size-full wp-image-2429\" src=\"http:\/\/www.lucie-lom.fr\/site\/wp-content\/uploads\/2019\/11\/LucieLom-Panzoult-3.jpg\" alt=\"LucieLom-Panzoult-3\" width=\"900\" height=\"394\" srcset=\"http:\/\/www.lucie-lom.fr\/site\/wp-content\/uploads\/2019\/11\/LucieLom-Panzoult-3.jpg 900w, http:\/\/www.lucie-lom.fr\/site\/wp-content\/uploads\/2019\/11\/LucieLom-Panzoult-3-300x131.jpg 300w, http:\/\/www.lucie-lom.fr\/site\/wp-content\/uploads\/2019\/11\/LucieLom-Panzoult-3-768x336.jpg 768w, http:\/\/www.lucie-lom.fr\/site\/wp-content\/uploads\/2019\/11\/LucieLom-Panzoult-3-500x219.jpg 500w\" sizes=\"auto, (max-width: 900px) 100vw, 900px\" \/><\/p>\n<p><iframe loading=\"lazy\" src=\"https:\/\/player.vimeo.com\/video\/371597698?title=0&amp;byline=0&amp;portrait=0\" width=\"900\" height=\"506\" frameborder=\"0\" allowfullscreen=\"allowfullscreen\"><\/iframe><iframe loading=\"lazy\" src=\"https:\/\/player.vimeo.com\/video\/371920659?title=0&amp;byline=0&amp;portrait=0\" width=\"900\" height=\"508\" frameborder=\"0\" allowfullscreen=\"allowfullscreen\"><\/iframe><\/p>\n<p>Film \u00ab\u00a0Figures mouvantes\u00a0\u00bb dessin Marc-Antoine Mathieu animation \u00c9lisa Fache<br \/>\nExtrait du film \u00ab\u00a0Du Cep au flacon\u00a0\u00bb r\u00e9alisation Thomas Machart ( studio train-train )<br \/>\nMusiques Patrice Grupallo<\/p>\n<p>&nbsp;<\/p>\n","protected":false},"excerpt":{"rendered":"<p>&nbsp; &nbsp; &nbsp; LA CAVE DE LA SIBYLLE Un parcours sc\u00e9nographique p\u00e9renne dans une cave troglodyte, con\u00e7u et r\u00e9alis\u00e9 par Lucie Lom \u00e0 partir des textes de Rabelais. Ouvert en 2019 \u00e0 Panzoult. Dans les recoins des caves de la &hellip; <a href=\"http:\/\/www.lucie-lom.fr\/site\/cave-de-sibylle\/\">Lire la suite <span class=\"meta-nav\">&rarr;<\/span><\/a><\/p>\n","protected":false},"author":1,"featured_media":0,"parent":0,"menu_order":0,"comment_status":"closed","ping_status":"closed","template":"","meta":{"footnotes":""},"class_list":["post-2648","page","type-page","status-publish","hentry"],"_links":{"self":[{"href":"http:\/\/www.lucie-lom.fr\/site\/wp-json\/wp\/v2\/pages\/2648","targetHints":{"allow":["GET"]}}],"collection":[{"href":"http:\/\/www.lucie-lom.fr\/site\/wp-json\/wp\/v2\/pages"}],"about":[{"href":"http:\/\/www.lucie-lom.fr\/site\/wp-json\/wp\/v2\/types\/page"}],"author":[{"embeddable":true,"href":"http:\/\/www.lucie-lom.fr\/site\/wp-json\/wp\/v2\/users\/1"}],"replies":[{"embeddable":true,"href":"http:\/\/www.lucie-lom.fr\/site\/wp-json\/wp\/v2\/comments?post=2648"}],"version-history":[{"count":2,"href":"http:\/\/www.lucie-lom.fr\/site\/wp-json\/wp\/v2\/pages\/2648\/revisions"}],"predecessor-version":[{"id":2651,"href":"http:\/\/www.lucie-lom.fr\/site\/wp-json\/wp\/v2\/pages\/2648\/revisions\/2651"}],"wp:attachment":[{"href":"http:\/\/www.lucie-lom.fr\/site\/wp-json\/wp\/v2\/media?parent=2648"}],"curies":[{"name":"wp","href":"https:\/\/api.w.org\/{rel}","templated":true}]}}