{"id":264,"date":"2014-03-23T11:09:58","date_gmt":"2014-03-23T19:09:58","guid":{"rendered":"http:\/\/www.lucie-lom.fr\/?page_id=264"},"modified":"2017-10-20T12:22:28","modified_gmt":"2017-10-20T10:22:28","slug":"cameleon-vermillon","status":"publish","type":"page","link":"http:\/\/www.lucie-lom.fr\/site\/scenographies\/cameleon-vermillon\/","title":{"rendered":"Cam\u00e9l\u00e9on Vermillon"},"content":{"rendered":"<p>&nbsp;<\/p>\n<p>&nbsp;<\/p>\n<p>&nbsp;<\/p>\n<p>&nbsp;<\/p>\n<p style=\"text-align: left;\">\n<p style=\"text-align: left;\"><strong>CAM\u00c9L\u00c9ON VERMILLON\u00a0\u00a0\u00a0Les usages de la couleur dans la peinture<\/strong>\u00a0\u00a0\u00a0Mus\u00e9es d&rsquo;Angers et de Laval &#8211; 1989<em>\u00a0\u00a0\u00a0<\/em><\/p>\n<p style=\"text-align: left;\">Cette exposition proposait une approche des usages de la couleur dans la peinture de la Renaissance \u00e0 nos jours.Un parcours guidait le visiteur dans une red\u00e9couverte du mus\u00e9e<br \/>\ndes Beaux-Arts d\u2019Angers, chamboul\u00e9 par la sc\u00e9nographie. La transformation de la lumi\u00e8re et des espaces incitait le visiteur \u00e0 reconsid\u00e9rer le rapport qu\u2019il entretenait habituellement avec ce lieu. Une exp\u00e9rience sur les limites de nos perceptions et de notre rapport avec le monde.<\/p>\n<p style=\"text-align: left;\"><img loading=\"lazy\" decoding=\"async\" class=\"alignnone size-full wp-image-2328\" src=\"http:\/\/www.lucie-lom.fr\/site\/wp-content\/uploads\/2017\/10\/Lucie-Lom-came\u0301le\u0301on-vermillon.jpg\" alt=\"\" width=\"900\" height=\"658\" srcset=\"http:\/\/www.lucie-lom.fr\/site\/wp-content\/uploads\/2017\/10\/Lucie-Lom-came\u0301le\u0301on-vermillon.jpg 900w, http:\/\/www.lucie-lom.fr\/site\/wp-content\/uploads\/2017\/10\/Lucie-Lom-came\u0301le\u0301on-vermillon-300x219.jpg 300w, http:\/\/www.lucie-lom.fr\/site\/wp-content\/uploads\/2017\/10\/Lucie-Lom-came\u0301le\u0301on-vermillon-768x561.jpg 768w, http:\/\/www.lucie-lom.fr\/site\/wp-content\/uploads\/2017\/10\/Lucie-Lom-came\u0301le\u0301on-vermillon-410x300.jpg 410w\" sizes=\"auto, (max-width: 900px) 100vw, 900px\" \/><\/p>\n<p style=\"text-align: left;\"><em><span style=\"color: #888888;\">Photographies : Jef Rabillon<\/span><\/em><\/p>\n<p><span style=\"border-radius: 2px; text-indent: 20px; width: auto; padding: 0px 4px 0px 0px; text-align: center; font: bold 11px\/20px 'Helvetica Neue',Helvetica,sans-serif; color: #ffffff; background: #bd081c  no-repeat scroll 3px 50% \/ 14px 14px; position: absolute; opacity: 1; z-index: 8675309; display: none; cursor: pointer;\">Enregistrer<\/span><\/p>\n","protected":false},"excerpt":{"rendered":"<p>&nbsp; &nbsp; &nbsp; &nbsp; CAM\u00c9L\u00c9ON VERMILLON\u00a0\u00a0\u00a0Les usages de la couleur dans la peinture\u00a0\u00a0\u00a0Mus\u00e9es d&rsquo;Angers et de Laval &#8211; 1989\u00a0\u00a0\u00a0 Cette exposition proposait une approche des usages de la couleur dans la peinture de la Renaissance \u00e0 nos jours.Un parcours guidait &hellip; <a href=\"http:\/\/www.lucie-lom.fr\/site\/scenographies\/cameleon-vermillon\/\">Lire la suite <span class=\"meta-nav\">&rarr;<\/span><\/a><\/p>\n","protected":false},"author":1,"featured_media":0,"parent":9,"menu_order":14,"comment_status":"closed","ping_status":"open","template":"","meta":{"footnotes":""},"class_list":["post-264","page","type-page","status-publish","hentry"],"_links":{"self":[{"href":"http:\/\/www.lucie-lom.fr\/site\/wp-json\/wp\/v2\/pages\/264","targetHints":{"allow":["GET"]}}],"collection":[{"href":"http:\/\/www.lucie-lom.fr\/site\/wp-json\/wp\/v2\/pages"}],"about":[{"href":"http:\/\/www.lucie-lom.fr\/site\/wp-json\/wp\/v2\/types\/page"}],"author":[{"embeddable":true,"href":"http:\/\/www.lucie-lom.fr\/site\/wp-json\/wp\/v2\/users\/1"}],"replies":[{"embeddable":true,"href":"http:\/\/www.lucie-lom.fr\/site\/wp-json\/wp\/v2\/comments?post=264"}],"version-history":[{"count":8,"href":"http:\/\/www.lucie-lom.fr\/site\/wp-json\/wp\/v2\/pages\/264\/revisions"}],"predecessor-version":[{"id":2329,"href":"http:\/\/www.lucie-lom.fr\/site\/wp-json\/wp\/v2\/pages\/264\/revisions\/2329"}],"up":[{"embeddable":true,"href":"http:\/\/www.lucie-lom.fr\/site\/wp-json\/wp\/v2\/pages\/9"}],"wp:attachment":[{"href":"http:\/\/www.lucie-lom.fr\/site\/wp-json\/wp\/v2\/media?parent=264"}],"curies":[{"name":"wp","href":"https:\/\/api.w.org\/{rel}","templated":true}]}}