{"id":2586,"date":"2023-07-04T10:51:43","date_gmt":"2023-07-04T08:51:43","guid":{"rendered":"http:\/\/www.lucie-lom.fr\/site\/?page_id=2586"},"modified":"2023-07-04T15:53:48","modified_gmt":"2023-07-04T13:53:48","slug":"laigrette","status":"publish","type":"page","link":"http:\/\/www.lucie-lom.fr\/site\/laigrette\/","title":{"rendered":"L&rsquo;Aigrette"},"content":{"rendered":"<p>&nbsp;<\/p>\n<p>&nbsp;<\/p>\n<p>&nbsp;<\/p>\n<p style=\"text-align: justify;\"><strong>L&rsquo;AIGRETTE<br \/>\nUne sculpture de Lucie Lom &#8211; Dans le cadre du fil artistique paysager Loire Layon Aubance (49) &#8211; 2023<\/strong><\/p>\n<p style=\"text-align: justify;\">L\u2019Aigrette flotte sur l\u2019horizon, ancr\u00e9e entre ciel et eau. Ses rames d\u00e9ploy\u00e9es traduisent un d\u00e9part imminent ou une arriv\u00e9e r\u00e9cente; nous tous, qui pratiquons ou contemplons le fleuve, nous plairons \u00e0 embarquer pour ce r\u00eave suspendu.<br \/>\nVous pourrez la d\u00e9couvrir en fl\u00e2nant du c\u00f4t\u00e9 du port de La Possonni\u00e8re \u00e0 proximit\u00e9 de la Guinguette Les Tourbillons.<br \/>\nCette premi\u00e8re sculpture inaugure le Fil artistique paysager CC Loire Layon Aubance. D\u2019autres \u0153uvres enrichiront le parcours d\u00e8s l\u2019ann\u00e9e prochaine.<\/p>\n<p>&nbsp;<\/p>\n<p style=\"text-align: justify;\"><img loading=\"lazy\" decoding=\"async\" class=\"alignnone wp-image-2588 size-full\" src=\"http:\/\/www.lucie-lom.fr\/site\/wp-content\/uploads\/2023\/07\/Inauguration-Aigrette-web.jpg\" width=\"900\" height=\"506\" srcset=\"http:\/\/www.lucie-lom.fr\/site\/wp-content\/uploads\/2023\/07\/Inauguration-Aigrette-web.jpg 900w, http:\/\/www.lucie-lom.fr\/site\/wp-content\/uploads\/2023\/07\/Inauguration-Aigrette-web-300x169.jpg 300w, http:\/\/www.lucie-lom.fr\/site\/wp-content\/uploads\/2023\/07\/Inauguration-Aigrette-web-768x432.jpg 768w, http:\/\/www.lucie-lom.fr\/site\/wp-content\/uploads\/2023\/07\/Inauguration-Aigrette-web-500x281.jpg 500w\" sizes=\"auto, (max-width: 900px) 100vw, 900px\" \/> <iframe loading=\"lazy\" style=\"border: none; overflow: hidden;\" src=\"https:\/\/www.facebook.com\/plugins\/video.php?height=476&amp;href=https%3A%2F%2Fwww.facebook.com%2Floirelayonaubance.fr%2Fvideos%2F603946524903282%2F&amp;show_text=false&amp;width=476&amp;t=0\" width=\"900\" height=\"900\" frameborder=\"0\" scrolling=\"no\" allowfullscreen=\"allowfullscreen\"><\/iframe><img loading=\"lazy\" decoding=\"async\" class=\"alignnone wp-image-2589 size-full\" src=\"http:\/\/www.lucie-lom.fr\/site\/wp-content\/uploads\/2023\/07\/Inauguration-Aigrette-14web.jpg\" width=\"900\" height=\"1334\" srcset=\"http:\/\/www.lucie-lom.fr\/site\/wp-content\/uploads\/2023\/07\/Inauguration-Aigrette-14web.jpg 900w, http:\/\/www.lucie-lom.fr\/site\/wp-content\/uploads\/2023\/07\/Inauguration-Aigrette-14web-202x300.jpg 202w, http:\/\/www.lucie-lom.fr\/site\/wp-content\/uploads\/2023\/07\/Inauguration-Aigrette-14web-768x1138.jpg 768w, http:\/\/www.lucie-lom.fr\/site\/wp-content\/uploads\/2023\/07\/Inauguration-Aigrette-14web-691x1024.jpg 691w\" sizes=\"auto, (max-width: 900px) 100vw, 900px\" \/> Conception : Lucie Lom &#8211; R\u00e9alisation : La Mutine (44) &#8211; Photographies : SiscoVid\u00e9o<\/p>\n<p style=\"text-align: justify;\">\n","protected":false},"excerpt":{"rendered":"<p>&nbsp; &nbsp; &nbsp; L&rsquo;AIGRETTE Une sculpture de Lucie Lom &#8211; Dans le cadre du fil artistique paysager Loire Layon Aubance (49) &#8211; 2023 L\u2019Aigrette flotte sur l\u2019horizon, ancr\u00e9e entre ciel et eau. Ses rames d\u00e9ploy\u00e9es traduisent un d\u00e9part imminent ou &hellip; <a href=\"http:\/\/www.lucie-lom.fr\/site\/laigrette\/\">Lire la suite <span class=\"meta-nav\">&rarr;<\/span><\/a><\/p>\n","protected":false},"author":1,"featured_media":0,"parent":0,"menu_order":0,"comment_status":"closed","ping_status":"closed","template":"","meta":{"footnotes":""},"class_list":["post-2586","page","type-page","status-publish","hentry"],"_links":{"self":[{"href":"http:\/\/www.lucie-lom.fr\/site\/wp-json\/wp\/v2\/pages\/2586","targetHints":{"allow":["GET"]}}],"collection":[{"href":"http:\/\/www.lucie-lom.fr\/site\/wp-json\/wp\/v2\/pages"}],"about":[{"href":"http:\/\/www.lucie-lom.fr\/site\/wp-json\/wp\/v2\/types\/page"}],"author":[{"embeddable":true,"href":"http:\/\/www.lucie-lom.fr\/site\/wp-json\/wp\/v2\/users\/1"}],"replies":[{"embeddable":true,"href":"http:\/\/www.lucie-lom.fr\/site\/wp-json\/wp\/v2\/comments?post=2586"}],"version-history":[{"count":6,"href":"http:\/\/www.lucie-lom.fr\/site\/wp-json\/wp\/v2\/pages\/2586\/revisions"}],"predecessor-version":[{"id":2673,"href":"http:\/\/www.lucie-lom.fr\/site\/wp-json\/wp\/v2\/pages\/2586\/revisions\/2673"}],"wp:attachment":[{"href":"http:\/\/www.lucie-lom.fr\/site\/wp-json\/wp\/v2\/media?parent=2586"}],"curies":[{"name":"wp","href":"https:\/\/api.w.org\/{rel}","templated":true}]}}