{"id":2570,"date":"2022-06-29T15:29:13","date_gmt":"2022-06-29T13:29:13","guid":{"rendered":"http:\/\/www.lucie-lom.fr\/site\/?page_id=2570"},"modified":"2026-02-19T19:06:58","modified_gmt":"2026-02-19T18:06:58","slug":"canonnade-poetique","status":"publish","type":"page","link":"http:\/\/www.lucie-lom.fr\/site\/canonnade-poetique\/","title":{"rendered":"canonnade po\u00e9tique"},"content":{"rendered":"<p>&nbsp;<\/p>\n<p>&nbsp;<\/p>\n<p>&nbsp;<\/p>\n<p style=\"text-align: justify;\"><strong>CANONNADE PO\u00c9TIQUE<br \/>\n\u0152uvre artistique p\u00e9renne dans l&rsquo;espace public &#8211; Rochefort-sur-mer (17) &#8211; 2020<\/strong><\/p>\n<div class=\"page\" title=\"Page 4\">\n<div class=\"section\">\n<div class=\"layoutArea\">\n<div class=\"column\">\n<p>Les canons de Rochefort- sur-Mer pointaient autrefois depuis la cite\u0301 vers l\u2019exte\u0301rieur. Aujourd\u2019hui, comme sous l\u2019effet d\u2019un miroir du temps et de l\u2019espace, les canons se retournent vers la ville. Aussi \u00abperformatifs\u00bb qu\u2019autrefois, leurs tirs sont a\u0300 pre\u0301sent silencieux et magnifiques. Tirant a\u0300 l\u2019aveugle, ils e\u0301claboussent fac\u0327ades et parterres de leurs lettres blanches qui s\u2019agencent en mots et en phrases&#8230;<br \/>\nA\u0300 les lire de plus pre\u0300s, ces textes sont porteurs d\u2019horizons et de de\u0301sir d\u2019ailleurs. Ce sont des invitations aux voyages inte\u0301rieurs ou par-dela\u0300 les mers. A\u0300 chaque fois les mots e\u0301mergent du de\u0301sordre des lettres comme s\u2019ils avaient leurs vies propres, pour s\u2019assembler et former du sens.<br \/>\nLes remparts, l\u2019arsenal ou le lyce\u0301e Marcel Dassault accueillent le beau chaos provoque\u0301 par ces tirs. Ces lieux e\u0301vocateurs d\u2019un passe\u0301 militaire s\u2019habillent aujourd\u2019hui de pense\u0301es poe\u0301tiques. Des maux aux mots, c\u2019est le dialogue du passe\u0301 au pre\u0301sent que ces canons proposent aujourd\u2019hui au promeneur, dans une installation a\u0300 la fois disruptive et me\u0301ditative..<\/p>\n<\/div>\n<\/div>\n<\/div>\n<\/div>\n<p><img loading=\"lazy\" decoding=\"async\" class=\"alignnone size-full wp-image-2574\" src=\"http:\/\/www.lucie-lom.fr\/site\/wp-content\/uploads\/2022\/06\/cannonade-poe\u0301tique-pour-site-Photo-mam.jpg\" alt=\"cannonade poe\u0301tique pour site-Photo mam\" width=\"900\" height=\"675\" srcset=\"http:\/\/www.lucie-lom.fr\/site\/wp-content\/uploads\/2022\/06\/cannonade-poe\u0301tique-pour-site-Photo-mam.jpg 900w, http:\/\/www.lucie-lom.fr\/site\/wp-content\/uploads\/2022\/06\/cannonade-poe\u0301tique-pour-site-Photo-mam-300x225.jpg 300w, http:\/\/www.lucie-lom.fr\/site\/wp-content\/uploads\/2022\/06\/cannonade-poe\u0301tique-pour-site-Photo-mam-768x576.jpg 768w, http:\/\/www.lucie-lom.fr\/site\/wp-content\/uploads\/2022\/06\/cannonade-poe\u0301tique-pour-site-Photo-mam-400x300.jpg 400w\" sizes=\"auto, (max-width: 900px) 100vw, 900px\" \/> <img loading=\"lazy\" decoding=\"async\" class=\"alignnone size-full wp-image-2575\" src=\"http:\/\/www.lucie-lom.fr\/site\/wp-content\/uploads\/2022\/06\/canonnade-poe\u0301tique-3-pour-site-photo-mam.jpg\" alt=\"canonnade poe\u0301tique-3-pour site-photo mam\" width=\"900\" height=\"600\" srcset=\"http:\/\/www.lucie-lom.fr\/site\/wp-content\/uploads\/2022\/06\/canonnade-poe\u0301tique-3-pour-site-photo-mam.jpg 900w, http:\/\/www.lucie-lom.fr\/site\/wp-content\/uploads\/2022\/06\/canonnade-poe\u0301tique-3-pour-site-photo-mam-300x200.jpg 300w, http:\/\/www.lucie-lom.fr\/site\/wp-content\/uploads\/2022\/06\/canonnade-poe\u0301tique-3-pour-site-photo-mam-768x512.jpg 768w, http:\/\/www.lucie-lom.fr\/site\/wp-content\/uploads\/2022\/06\/canonnade-poe\u0301tique-3-pour-site-photo-mam-450x300.jpg 450w\" sizes=\"auto, (max-width: 900px) 100vw, 900px\" \/> <img loading=\"lazy\" decoding=\"async\" class=\"alignnone size-full wp-image-2576\" src=\"http:\/\/www.lucie-lom.fr\/site\/wp-content\/uploads\/2022\/06\/Canonnade-poe\u0301tique-4-pour-site-photo-mam.jpg\" alt=\"Canonnade poe\u0301tique-4-pour site-photo mam\" width=\"900\" height=\"1191\" srcset=\"http:\/\/www.lucie-lom.fr\/site\/wp-content\/uploads\/2022\/06\/Canonnade-poe\u0301tique-4-pour-site-photo-mam.jpg 900w, http:\/\/www.lucie-lom.fr\/site\/wp-content\/uploads\/2022\/06\/Canonnade-poe\u0301tique-4-pour-site-photo-mam-227x300.jpg 227w, http:\/\/www.lucie-lom.fr\/site\/wp-content\/uploads\/2022\/06\/Canonnade-poe\u0301tique-4-pour-site-photo-mam-768x1016.jpg 768w, http:\/\/www.lucie-lom.fr\/site\/wp-content\/uploads\/2022\/06\/Canonnade-poe\u0301tique-4-pour-site-photo-mam-774x1024.jpg 774w\" sizes=\"auto, (max-width: 900px) 100vw, 900px\" \/><\/p>\n<p style=\"text-align: justify;\">Contact \/ Diffusion : contact@lucie-lom.fr<\/p>\n","protected":false},"excerpt":{"rendered":"<p>&nbsp; &nbsp; &nbsp; CANONNADE PO\u00c9TIQUE \u0152uvre artistique p\u00e9renne dans l&rsquo;espace public &#8211; Rochefort-sur-mer (17) &#8211; 2020 Les canons de Rochefort- sur-Mer pointaient autrefois depuis la cite\u0301 vers l\u2019exte\u0301rieur. Aujourd\u2019hui, comme sous l\u2019effet d\u2019un miroir du temps et de l\u2019espace, les &hellip; <a href=\"http:\/\/www.lucie-lom.fr\/site\/canonnade-poetique\/\">Lire la suite <span class=\"meta-nav\">&rarr;<\/span><\/a><\/p>\n","protected":false},"author":1,"featured_media":0,"parent":0,"menu_order":0,"comment_status":"closed","ping_status":"closed","template":"","meta":{"footnotes":""},"class_list":["post-2570","page","type-page","status-publish","hentry"],"_links":{"self":[{"href":"http:\/\/www.lucie-lom.fr\/site\/wp-json\/wp\/v2\/pages\/2570","targetHints":{"allow":["GET"]}}],"collection":[{"href":"http:\/\/www.lucie-lom.fr\/site\/wp-json\/wp\/v2\/pages"}],"about":[{"href":"http:\/\/www.lucie-lom.fr\/site\/wp-json\/wp\/v2\/types\/page"}],"author":[{"embeddable":true,"href":"http:\/\/www.lucie-lom.fr\/site\/wp-json\/wp\/v2\/users\/1"}],"replies":[{"embeddable":true,"href":"http:\/\/www.lucie-lom.fr\/site\/wp-json\/wp\/v2\/comments?post=2570"}],"version-history":[{"count":3,"href":"http:\/\/www.lucie-lom.fr\/site\/wp-json\/wp\/v2\/pages\/2570\/revisions"}],"predecessor-version":[{"id":2598,"href":"http:\/\/www.lucie-lom.fr\/site\/wp-json\/wp\/v2\/pages\/2570\/revisions\/2598"}],"wp:attachment":[{"href":"http:\/\/www.lucie-lom.fr\/site\/wp-json\/wp\/v2\/media?parent=2570"}],"curies":[{"name":"wp","href":"https:\/\/api.w.org\/{rel}","templated":true}]}}