{"id":2530,"date":"2022-05-11T13:04:19","date_gmt":"2022-05-11T11:04:19","guid":{"rendered":"http:\/\/www.lucie-lom.fr\/site\/?page_id=2530"},"modified":"2024-06-13T12:08:57","modified_gmt":"2024-06-13T10:08:57","slug":"dans-lencre-des-reves","status":"publish","type":"page","link":"http:\/\/www.lucie-lom.fr\/site\/dans-lencre-des-reves\/","title":{"rendered":"Dans l&rsquo;encre des r\u00eaves"},"content":{"rendered":"<p>&nbsp;<\/p>\n<p>&nbsp;<\/p>\n<p>&nbsp;<\/p>\n<p style=\"text-align: justify;\"><strong>DANS L&rsquo;ENCRE DES R\u00caVES<br \/>\nUne installation immersive &#8211; Ch\u00e2teau de Ch\u00e2teaubriant (44) &#8211; jusqu&rsquo;au 29 septembre 2024<br \/>\n<\/strong>Images vid\u00e9os : Olivier Guillemain &#8211; Cr\u00e9ation musicale : Patrice Grupallo<\/p>\n<div>Nous sommes au XVe si\u00e8cle. Dans le salon de lecture du ch\u00e2teau, Fran\u00e7oise de Dinan s\u2019est assoupie en lisant.<br \/>\nLa Baronne de Chateaubriant r\u00eave\u2026 et les images des manuscrits peuplent ses r\u00eaves.<\/div>\n<div>Sur l\u2019\u00e9critoire, un flacon s\u2019est renvers\u00e9 : de l\u2019encre noire s\u2019\u00e9coule au sol. Cette encre qui se r\u00e9pand\u00a0 dans un \u00e9trange mouvement perp\u00e9tuel va nous conduire de r\u00eaves en r\u00eaves. Dans ses m\u00e9andres se refl\u00e8tent des phylact\u00e8res flottants dans des cieux tourment\u00e9s, des cr\u00e9atures hybrides, des fleurs aux teintes que le temps n\u2019a pas alt\u00e9r\u00e9es, des oiseaux scintillants et des squelettes dansants, la figure d\u2019un g\u00e9ant que le corps constell\u00e9 d\u2019\u00e9toiles rend attachant&#8230;<br \/>\nSources des r\u00eaves, des livres d\u2019heures s\u2019ouvrent \u00e0 leurs plus belles pages dans le salon de lecture de Fran\u00e7oise de Dinan.<\/div>\n<p>&nbsp;<\/p>\n<p><iframe loading=\"lazy\" src=\"https:\/\/player.vimeo.com\/video\/706191930?h=2fd080d2f1&amp;title=0&amp;byline=0&amp;portrait=0\" width=\"900\" height=\"506\" frameborder=\"0\" allowfullscreen=\"allowfullscreen\"><\/iframe><img loading=\"lazy\" decoding=\"async\" class=\"alignnone size-full wp-image-2552\" src=\"http:\/\/www.lucie-lom.fr\/site\/wp-content\/uploads\/2022\/05\/affiche-Encre-des-reves-\u00a9Lucie-Lom.jpg\" alt=\"affiche Encre des reves \u00a9Lucie Lom\" width=\"900\" height=\"1286\" srcset=\"http:\/\/www.lucie-lom.fr\/site\/wp-content\/uploads\/2022\/05\/affiche-Encre-des-reves-\u00a9Lucie-Lom.jpg 900w, http:\/\/www.lucie-lom.fr\/site\/wp-content\/uploads\/2022\/05\/affiche-Encre-des-reves-\u00a9Lucie-Lom-210x300.jpg 210w, http:\/\/www.lucie-lom.fr\/site\/wp-content\/uploads\/2022\/05\/affiche-Encre-des-reves-\u00a9Lucie-Lom-768x1097.jpg 768w, http:\/\/www.lucie-lom.fr\/site\/wp-content\/uploads\/2022\/05\/affiche-Encre-des-reves-\u00a9Lucie-Lom-717x1024.jpg 717w\" sizes=\"auto, (max-width: 900px) 100vw, 900px\" \/><br \/>\n<img loading=\"lazy\" decoding=\"async\" class=\"alignnone size-full wp-image-2541\" src=\"http:\/\/www.lucie-lom.fr\/site\/wp-content\/uploads\/2022\/05\/encre-117184-retravaille\u0301e\u00a9lucielom\u00a9JefRabillon.jpg\" alt=\"encre-117184 retravaille\u0301e\u00a9lucielom\u00a9JefRabillon\" width=\"900\" height=\"969\" srcset=\"http:\/\/www.lucie-lom.fr\/site\/wp-content\/uploads\/2022\/05\/encre-117184-retravaille\u0301e\u00a9lucielom\u00a9JefRabillon.jpg 900w, http:\/\/www.lucie-lom.fr\/site\/wp-content\/uploads\/2022\/05\/encre-117184-retravaille\u0301e\u00a9lucielom\u00a9JefRabillon-279x300.jpg 279w, http:\/\/www.lucie-lom.fr\/site\/wp-content\/uploads\/2022\/05\/encre-117184-retravaille\u0301e\u00a9lucielom\u00a9JefRabillon-768x827.jpg 768w\" sizes=\"auto, (max-width: 900px) 100vw, 900px\" \/> <img loading=\"lazy\" decoding=\"async\" class=\"alignnone size-full wp-image-2539\" src=\"http:\/\/www.lucie-lom.fr\/site\/wp-content\/uploads\/2022\/05\/Dans-l-encre-des-reves-\u00a9p.pascal1\u00a9lucielom.jpg\" alt=\"Dans l encre des reves \u00a9p.pascal1\u00a9lucielom\" width=\"900\" height=\"600\" srcset=\"http:\/\/www.lucie-lom.fr\/site\/wp-content\/uploads\/2022\/05\/Dans-l-encre-des-reves-\u00a9p.pascal1\u00a9lucielom.jpg 900w, http:\/\/www.lucie-lom.fr\/site\/wp-content\/uploads\/2022\/05\/Dans-l-encre-des-reves-\u00a9p.pascal1\u00a9lucielom-300x200.jpg 300w, http:\/\/www.lucie-lom.fr\/site\/wp-content\/uploads\/2022\/05\/Dans-l-encre-des-reves-\u00a9p.pascal1\u00a9lucielom-768x512.jpg 768w, http:\/\/www.lucie-lom.fr\/site\/wp-content\/uploads\/2022\/05\/Dans-l-encre-des-reves-\u00a9p.pascal1\u00a9lucielom-450x300.jpg 450w\" sizes=\"auto, (max-width: 900px) 100vw, 900px\" \/> <img loading=\"lazy\" decoding=\"async\" class=\"alignnone size-full wp-image-2542\" src=\"http:\/\/www.lucie-lom.fr\/site\/wp-content\/uploads\/2022\/05\/encre-117231-retravaille\u0301e\u00a9lucielom\u00a9JefRabillon.jpg\" alt=\"encre-117231 retravaille\u0301e\u00a9lucielom\u00a9JefRabillon\" width=\"900\" height=\"775\" srcset=\"http:\/\/www.lucie-lom.fr\/site\/wp-content\/uploads\/2022\/05\/encre-117231-retravaille\u0301e\u00a9lucielom\u00a9JefRabillon.jpg 900w, http:\/\/www.lucie-lom.fr\/site\/wp-content\/uploads\/2022\/05\/encre-117231-retravaille\u0301e\u00a9lucielom\u00a9JefRabillon-300x258.jpg 300w, http:\/\/www.lucie-lom.fr\/site\/wp-content\/uploads\/2022\/05\/encre-117231-retravaille\u0301e\u00a9lucielom\u00a9JefRabillon-768x661.jpg 768w, http:\/\/www.lucie-lom.fr\/site\/wp-content\/uploads\/2022\/05\/encre-117231-retravaille\u0301e\u00a9lucielom\u00a9JefRabillon-348x300.jpg 348w\" sizes=\"auto, (max-width: 900px) 100vw, 900px\" \/> <img loading=\"lazy\" decoding=\"async\" class=\"alignnone size-full wp-image-2543\" src=\"http:\/\/www.lucie-lom.fr\/site\/wp-content\/uploads\/2022\/05\/encre-117304-retravaille\u0301e\u00a9lucielom\u00a9JefRabillon.jpg\" alt=\"encre-117304 retravaille\u0301e\u00a9lucielom\u00a9JefRabillon\" width=\"900\" height=\"608\" srcset=\"http:\/\/www.lucie-lom.fr\/site\/wp-content\/uploads\/2022\/05\/encre-117304-retravaille\u0301e\u00a9lucielom\u00a9JefRabillon.jpg 900w, http:\/\/www.lucie-lom.fr\/site\/wp-content\/uploads\/2022\/05\/encre-117304-retravaille\u0301e\u00a9lucielom\u00a9JefRabillon-300x203.jpg 300w, http:\/\/www.lucie-lom.fr\/site\/wp-content\/uploads\/2022\/05\/encre-117304-retravaille\u0301e\u00a9lucielom\u00a9JefRabillon-768x519.jpg 768w, http:\/\/www.lucie-lom.fr\/site\/wp-content\/uploads\/2022\/05\/encre-117304-retravaille\u0301e\u00a9lucielom\u00a9JefRabillon-444x300.jpg 444w\" sizes=\"auto, (max-width: 900px) 100vw, 900px\" \/> <img loading=\"lazy\" decoding=\"async\" class=\"alignnone size-full wp-image-2538\" src=\"http:\/\/www.lucie-lom.fr\/site\/wp-content\/uploads\/2022\/05\/Dans-l-encre-des-reves-\u00a9p.pascal\u00a9lucielom\u00a9.jpg\" alt=\"Dans l encre des reves \u00a9p.pascal\u00a9lucielom\u00a9\" width=\"900\" height=\"600\" srcset=\"http:\/\/www.lucie-lom.fr\/site\/wp-content\/uploads\/2022\/05\/Dans-l-encre-des-reves-\u00a9p.pascal\u00a9lucielom\u00a9.jpg 900w, http:\/\/www.lucie-lom.fr\/site\/wp-content\/uploads\/2022\/05\/Dans-l-encre-des-reves-\u00a9p.pascal\u00a9lucielom\u00a9-300x200.jpg 300w, http:\/\/www.lucie-lom.fr\/site\/wp-content\/uploads\/2022\/05\/Dans-l-encre-des-reves-\u00a9p.pascal\u00a9lucielom\u00a9-768x512.jpg 768w, http:\/\/www.lucie-lom.fr\/site\/wp-content\/uploads\/2022\/05\/Dans-l-encre-des-reves-\u00a9p.pascal\u00a9lucielom\u00a9-450x300.jpg 450w\" sizes=\"auto, (max-width: 900px) 100vw, 900px\" \/><\/p>\n<p style=\"text-align: justify;\">R\u00e9alisation du clip vid\u00e9o \u00a9 Mathieu Moch &#8211; d\u00e9partement loire atlantique<br \/>\nPhotographies : \u00a9 Jef Rabillon photo 1, 3, 4 &#8211;\u00a0 \u00a9 Paul Pascal photo 2, 5<\/p>\n<p style=\"text-align: justify;\">Contact \/ Diffusion : contact@lucie-lom.fr<\/p>\n<p><strong>\u00ab DANS L\u2019ENCRE DES R\u00caVES \u00bb LE LIVRE<br \/>\nUne \u00e9dition cr\u00e9e par Lucie Lom et produite par Grand Patrimoine Loire-Atlantique en 2024<\/strong><\/p>\n<p style=\"text-align: justify;\"><strong><img loading=\"lazy\" decoding=\"async\" class=\"alignnone size-full wp-image-2701\" src=\"http:\/\/www.lucie-lom.fr\/site\/wp-content\/uploads\/2024\/06\/livre-d-DLDR.jpg\" alt=\"livre d DLDR\" width=\"900\" height=\"395\" srcset=\"http:\/\/www.lucie-lom.fr\/site\/wp-content\/uploads\/2024\/06\/livre-d-DLDR.jpg 900w, http:\/\/www.lucie-lom.fr\/site\/wp-content\/uploads\/2024\/06\/livre-d-DLDR-300x132.jpg 300w, http:\/\/www.lucie-lom.fr\/site\/wp-content\/uploads\/2024\/06\/livre-d-DLDR-768x337.jpg 768w, http:\/\/www.lucie-lom.fr\/site\/wp-content\/uploads\/2024\/06\/livre-d-DLDR-500x219.jpg 500w\" sizes=\"auto, (max-width: 900px) 100vw, 900px\" \/><\/strong><\/p>\n<p>R\u00e9\u00e7it graphique inspir\u00e9 des manuscrits m\u00e9di\u00e9vaux et de l\u2019installation avec de nombreux r\u00eaves in\u00e9dits.<br \/>\nEn vente au Ch\u00e2teau de Chateaubriant et au Mus\u00e9e Dobr\u00e9e.<\/p>\n","protected":false},"excerpt":{"rendered":"<p>&nbsp; &nbsp; &nbsp; DANS L&rsquo;ENCRE DES R\u00caVES Une installation immersive &#8211; Ch\u00e2teau de Ch\u00e2teaubriant (44) &#8211; jusqu&rsquo;au 29 septembre 2024 Images vid\u00e9os : Olivier Guillemain &#8211; Cr\u00e9ation musicale : Patrice Grupallo Nous sommes au XVe si\u00e8cle. Dans le salon de &hellip; <a href=\"http:\/\/www.lucie-lom.fr\/site\/dans-lencre-des-reves\/\">Lire la suite <span class=\"meta-nav\">&rarr;<\/span><\/a><\/p>\n","protected":false},"author":1,"featured_media":0,"parent":0,"menu_order":0,"comment_status":"closed","ping_status":"closed","template":"","meta":{"footnotes":""},"class_list":["post-2530","page","type-page","status-publish","hentry"],"_links":{"self":[{"href":"http:\/\/www.lucie-lom.fr\/site\/wp-json\/wp\/v2\/pages\/2530","targetHints":{"allow":["GET"]}}],"collection":[{"href":"http:\/\/www.lucie-lom.fr\/site\/wp-json\/wp\/v2\/pages"}],"about":[{"href":"http:\/\/www.lucie-lom.fr\/site\/wp-json\/wp\/v2\/types\/page"}],"author":[{"embeddable":true,"href":"http:\/\/www.lucie-lom.fr\/site\/wp-json\/wp\/v2\/users\/1"}],"replies":[{"embeddable":true,"href":"http:\/\/www.lucie-lom.fr\/site\/wp-json\/wp\/v2\/comments?post=2530"}],"version-history":[{"count":15,"href":"http:\/\/www.lucie-lom.fr\/site\/wp-json\/wp\/v2\/pages\/2530\/revisions"}],"predecessor-version":[{"id":2705,"href":"http:\/\/www.lucie-lom.fr\/site\/wp-json\/wp\/v2\/pages\/2530\/revisions\/2705"}],"wp:attachment":[{"href":"http:\/\/www.lucie-lom.fr\/site\/wp-json\/wp\/v2\/media?parent=2530"}],"curies":[{"name":"wp","href":"https:\/\/api.w.org\/{rel}","templated":true}]}}