{"id":245,"date":"2014-03-23T10:56:54","date_gmt":"2014-03-23T18:56:54","guid":{"rendered":"http:\/\/www.lucie-lom.fr\/?page_id=245"},"modified":"2017-10-20T11:42:31","modified_gmt":"2017-10-20T09:42:31","slug":"ombres-et-lumiere","status":"publish","type":"page","link":"http:\/\/www.lucie-lom.fr\/site\/scenographies\/ombres-et-lumiere\/","title":{"rendered":"Ombres et Lumi\u00e8re"},"content":{"rendered":"<p>&nbsp;<\/p>\n<p>&nbsp;<\/p>\n<p>&nbsp;<\/p>\n<p>&nbsp;<\/p>\n<p style=\"text-align: left;\"><strong>OMBRES ET LUMI\u00c8RES<\/strong>\u00a0\u00a0\u00a0 Centre Georges Pompidou et Cit\u00e9 des sciences, Paris 2005\/2014<\/p>\n<p style=\"text-align: left;\">Ombres et lumi\u00e8re consistait en deux expositions :\u00a0 <em>R\u00eaves d\u2019ombre<\/em> au Centre Georges-Pompidou et <em>L\u2019ombre \u00e0 la port\u00e9e des enfants<\/em>, \u00e0 la cit\u00e9 des sciences \u00e0 Paris. \u00a0L\u2019ombre et la lumi\u00e8re, servent autant l\u2019imaginaire des scientifiques que des artistes. Ces deux notions ins\u00e9parables habitent les contes, abritent les intrigues, r\u00e9v\u00e8lent la beaut\u00e9 des paysages et des \u00eatres, expliquent notre place dans l\u2019univers, aident \u00e0 mesurer le temps, et \u00e0 calculer la position des plan\u00e8tes\u2026Nous avons crois\u00e9 la science et l\u2019art dans l\u2019appartement d\u2019un savant fou, collectionneur et exp\u00e9rimentateur d\u2019ombres pour partir \u00e0 la rencontre de Peter Pan, de Peter Schlemihl et de Copernic et faire connaissance avec l\u2019ombre et la lumi\u00e8re.<\/p>\n<p>&nbsp;<\/p>\n<p style=\"text-align: left;\">\n<p style=\"text-align: left;\"><img loading=\"lazy\" decoding=\"async\" class=\"alignnone size-full wp-image-2299\" src=\"http:\/\/www.lucie-lom.fr\/site\/wp-content\/uploads\/2017\/10\/lucie-lom-ombre-et-lumiere-1.jpg\" alt=\"lucie lom ombre et lumiere 1\" width=\"900\" height=\"470\" srcset=\"http:\/\/www.lucie-lom.fr\/site\/wp-content\/uploads\/2017\/10\/lucie-lom-ombre-et-lumiere-1.jpg 900w, http:\/\/www.lucie-lom.fr\/site\/wp-content\/uploads\/2017\/10\/lucie-lom-ombre-et-lumiere-1-300x157.jpg 300w, http:\/\/www.lucie-lom.fr\/site\/wp-content\/uploads\/2017\/10\/lucie-lom-ombre-et-lumiere-1-768x401.jpg 768w, http:\/\/www.lucie-lom.fr\/site\/wp-content\/uploads\/2017\/10\/lucie-lom-ombre-et-lumiere-1-500x261.jpg 500w\" sizes=\"auto, (max-width: 900px) 100vw, 900px\" \/> <img loading=\"lazy\" decoding=\"async\" class=\"alignnone size-full wp-image-2300\" src=\"http:\/\/www.lucie-lom.fr\/site\/wp-content\/uploads\/2017\/10\/lucie-lom-ombre-et-lumiere-3.jpg\" alt=\"lucie lom ombre et lumiere 3\" width=\"900\" height=\"595\" srcset=\"http:\/\/www.lucie-lom.fr\/site\/wp-content\/uploads\/2017\/10\/lucie-lom-ombre-et-lumiere-3.jpg 900w, http:\/\/www.lucie-lom.fr\/site\/wp-content\/uploads\/2017\/10\/lucie-lom-ombre-et-lumiere-3-300x198.jpg 300w, http:\/\/www.lucie-lom.fr\/site\/wp-content\/uploads\/2017\/10\/lucie-lom-ombre-et-lumiere-3-768x508.jpg 768w, http:\/\/www.lucie-lom.fr\/site\/wp-content\/uploads\/2017\/10\/lucie-lom-ombre-et-lumiere-3-454x300.jpg 454w\" sizes=\"auto, (max-width: 900px) 100vw, 900px\" \/> <img loading=\"lazy\" decoding=\"async\" class=\"alignnone size-full wp-image-2302\" src=\"http:\/\/www.lucie-lom.fr\/site\/wp-content\/uploads\/2017\/10\/lucie-lom-ombre-et-lumiere-21.jpg\" alt=\"lucie lom ombre et lumiere 21\" width=\"900\" height=\"546\" srcset=\"http:\/\/www.lucie-lom.fr\/site\/wp-content\/uploads\/2017\/10\/lucie-lom-ombre-et-lumiere-21.jpg 900w, http:\/\/www.lucie-lom.fr\/site\/wp-content\/uploads\/2017\/10\/lucie-lom-ombre-et-lumiere-21-300x182.jpg 300w, http:\/\/www.lucie-lom.fr\/site\/wp-content\/uploads\/2017\/10\/lucie-lom-ombre-et-lumiere-21-768x466.jpg 768w, http:\/\/www.lucie-lom.fr\/site\/wp-content\/uploads\/2017\/10\/lucie-lom-ombre-et-lumiere-21-495x300.jpg 495w\" sizes=\"auto, (max-width: 900px) 100vw, 900px\" \/> <img loading=\"lazy\" decoding=\"async\" class=\"alignnone size-full wp-image-2301\" src=\"http:\/\/www.lucie-lom.fr\/site\/wp-content\/uploads\/2017\/10\/lucie-lom-ombre-et-lumiere-4.jpg\" alt=\"lucie lom ombre et lumiere 4\" width=\"900\" height=\"593\" srcset=\"http:\/\/www.lucie-lom.fr\/site\/wp-content\/uploads\/2017\/10\/lucie-lom-ombre-et-lumiere-4.jpg 900w, http:\/\/www.lucie-lom.fr\/site\/wp-content\/uploads\/2017\/10\/lucie-lom-ombre-et-lumiere-4-300x198.jpg 300w, http:\/\/www.lucie-lom.fr\/site\/wp-content\/uploads\/2017\/10\/lucie-lom-ombre-et-lumiere-4-768x506.jpg 768w, http:\/\/www.lucie-lom.fr\/site\/wp-content\/uploads\/2017\/10\/lucie-lom-ombre-et-lumiere-4-455x300.jpg 455w\" sizes=\"auto, (max-width: 900px) 100vw, 900px\" \/><\/p>\n<p style=\"text-align: left;\"><span style=\"color: #999999;\"><em>Photographies : J.C. Planchet, Jef Rabillon et Sophie Chivet<\/em><\/span><\/p>\n<p><span style=\"border-radius: 2px; text-indent: 20px; width: auto; padding: 0px 4px 0px 0px; text-align: center; font: bold 11px\/20px 'Helvetica Neue',Helvetica,sans-serif; color: #ffffff; background: #bd081c no-repeat scroll 3px 50% \/ 14px 14px; position: absolute; opacity: 1; z-index: 8675309; display: none; cursor: pointer;\">Enregistrer<\/span><\/p>\n","protected":false},"excerpt":{"rendered":"<p>&nbsp; &nbsp; &nbsp; &nbsp; OMBRES ET LUMI\u00c8RES\u00a0\u00a0\u00a0 Centre Georges Pompidou et Cit\u00e9 des sciences, Paris 2005\/2014 Ombres et lumi\u00e8re consistait en deux expositions :\u00a0 R\u00eaves d\u2019ombre au Centre Georges-Pompidou et L\u2019ombre \u00e0 la port\u00e9e des enfants, \u00e0 la cit\u00e9 des &hellip; <a href=\"http:\/\/www.lucie-lom.fr\/site\/scenographies\/ombres-et-lumiere\/\">Lire la suite <span class=\"meta-nav\">&rarr;<\/span><\/a><\/p>\n","protected":false},"author":1,"featured_media":0,"parent":9,"menu_order":6,"comment_status":"closed","ping_status":"open","template":"","meta":{"footnotes":""},"class_list":["post-245","page","type-page","status-publish","hentry"],"_links":{"self":[{"href":"http:\/\/www.lucie-lom.fr\/site\/wp-json\/wp\/v2\/pages\/245","targetHints":{"allow":["GET"]}}],"collection":[{"href":"http:\/\/www.lucie-lom.fr\/site\/wp-json\/wp\/v2\/pages"}],"about":[{"href":"http:\/\/www.lucie-lom.fr\/site\/wp-json\/wp\/v2\/types\/page"}],"author":[{"embeddable":true,"href":"http:\/\/www.lucie-lom.fr\/site\/wp-json\/wp\/v2\/users\/1"}],"replies":[{"embeddable":true,"href":"http:\/\/www.lucie-lom.fr\/site\/wp-json\/wp\/v2\/comments?post=245"}],"version-history":[{"count":13,"href":"http:\/\/www.lucie-lom.fr\/site\/wp-json\/wp\/v2\/pages\/245\/revisions"}],"predecessor-version":[{"id":2305,"href":"http:\/\/www.lucie-lom.fr\/site\/wp-json\/wp\/v2\/pages\/245\/revisions\/2305"}],"up":[{"embeddable":true,"href":"http:\/\/www.lucie-lom.fr\/site\/wp-json\/wp\/v2\/pages\/9"}],"wp:attachment":[{"href":"http:\/\/www.lucie-lom.fr\/site\/wp-json\/wp\/v2\/media?parent=245"}],"curies":[{"name":"wp","href":"https:\/\/api.w.org\/{rel}","templated":true}]}}