{"id":243,"date":"2014-03-23T10:54:33","date_gmt":"2014-03-23T18:54:33","guid":{"rendered":"http:\/\/www.lucie-lom.fr\/?page_id=243"},"modified":"2017-10-20T11:33:07","modified_gmt":"2017-10-20T09:33:07","slug":"les-voisin-de-farman","status":"publish","type":"page","link":"http:\/\/www.lucie-lom.fr\/site\/scenographies\/les-voisin-de-farman\/","title":{"rendered":"Les voisin de Farman"},"content":{"rendered":"<p>&nbsp;<\/p>\n<p>&nbsp;<\/p>\n<p>&nbsp;<\/p>\n<p>&nbsp;<\/p>\n<p style=\"text-align: left;\"><strong>LES VOISIN DE FARMAN<\/strong>\u00a0\u00a0\u00a0 Mus\u00e9e de l\u2019Air et de l\u2019Espace, Le Bourget &#8211; 2008<\/p>\n<p style=\"text-align: left;\">Cette exposition encore visible, au mus\u00e9e de l\u2019Air et de l\u2019Espace du Bourget, met en sc\u00e8ne le formidable engouement pour l\u2019aviation au d\u00e9but du XXe si\u00e8cle. Nous avons choisi de conduire le public dans un lieu embl\u00e9matique de cette \u00e9poque : un atelier de construction d\u2019avion. L\u00e0, entre les \u00e9tablis, les plans et les moteurs, dans les odeurs<br \/>\nde colle et de bois, le public croise les aviateurs, inventeurs et m\u00e9c\u00e8nes qui ont associ\u00e9 leurs noms aux progr\u00e8s de l\u2019aviation, tandis que d\u00e9colle au dessus des t\u00eates l\u2019avion original d\u2019Henri Farman sur fond de films d\u2019\u00e9poque.<\/p>\n<p>&nbsp;<\/p>\n<p style=\"text-align: left;\"><img loading=\"lazy\" decoding=\"async\" class=\"alignnone size-full wp-image-2291\" src=\"http:\/\/www.lucie-lom.fr\/site\/wp-content\/uploads\/2017\/10\/lucie-lom-1908-1.jpg\" alt=\"lucie lom 1908 1\" width=\"900\" height=\"600\" srcset=\"http:\/\/www.lucie-lom.fr\/site\/wp-content\/uploads\/2017\/10\/lucie-lom-1908-1.jpg 900w, http:\/\/www.lucie-lom.fr\/site\/wp-content\/uploads\/2017\/10\/lucie-lom-1908-1-300x200.jpg 300w, http:\/\/www.lucie-lom.fr\/site\/wp-content\/uploads\/2017\/10\/lucie-lom-1908-1-768x512.jpg 768w, http:\/\/www.lucie-lom.fr\/site\/wp-content\/uploads\/2017\/10\/lucie-lom-1908-1-450x300.jpg 450w\" sizes=\"auto, (max-width: 900px) 100vw, 900px\" \/> <img loading=\"lazy\" decoding=\"async\" class=\"alignnone size-full wp-image-2292\" src=\"http:\/\/www.lucie-lom.fr\/site\/wp-content\/uploads\/2017\/10\/lucie-lom-1908-2.jpg\" alt=\"lucie lom 1908 2\" width=\"900\" height=\"600\" srcset=\"http:\/\/www.lucie-lom.fr\/site\/wp-content\/uploads\/2017\/10\/lucie-lom-1908-2.jpg 900w, http:\/\/www.lucie-lom.fr\/site\/wp-content\/uploads\/2017\/10\/lucie-lom-1908-2-300x200.jpg 300w, http:\/\/www.lucie-lom.fr\/site\/wp-content\/uploads\/2017\/10\/lucie-lom-1908-2-768x512.jpg 768w, http:\/\/www.lucie-lom.fr\/site\/wp-content\/uploads\/2017\/10\/lucie-lom-1908-2-450x300.jpg 450w\" sizes=\"auto, (max-width: 900px) 100vw, 900px\" \/> <img loading=\"lazy\" decoding=\"async\" class=\"alignnone size-full wp-image-2293\" src=\"http:\/\/www.lucie-lom.fr\/site\/wp-content\/uploads\/2017\/10\/lucie-lom-1908-3.jpg\" alt=\"lucie lom 1908 3\" width=\"900\" height=\"600\" srcset=\"http:\/\/www.lucie-lom.fr\/site\/wp-content\/uploads\/2017\/10\/lucie-lom-1908-3.jpg 900w, http:\/\/www.lucie-lom.fr\/site\/wp-content\/uploads\/2017\/10\/lucie-lom-1908-3-300x200.jpg 300w, http:\/\/www.lucie-lom.fr\/site\/wp-content\/uploads\/2017\/10\/lucie-lom-1908-3-768x512.jpg 768w, http:\/\/www.lucie-lom.fr\/site\/wp-content\/uploads\/2017\/10\/lucie-lom-1908-3-450x300.jpg 450w\" sizes=\"auto, (max-width: 900px) 100vw, 900px\" \/> <img loading=\"lazy\" decoding=\"async\" class=\"alignnone size-full wp-image-2295\" src=\"http:\/\/www.lucie-lom.fr\/site\/wp-content\/uploads\/2017\/10\/lucie-lom-1908-5.jpg\" alt=\"lucie lom 1908 5\" width=\"900\" height=\"596\" srcset=\"http:\/\/www.lucie-lom.fr\/site\/wp-content\/uploads\/2017\/10\/lucie-lom-1908-5.jpg 900w, http:\/\/www.lucie-lom.fr\/site\/wp-content\/uploads\/2017\/10\/lucie-lom-1908-5-300x199.jpg 300w, http:\/\/www.lucie-lom.fr\/site\/wp-content\/uploads\/2017\/10\/lucie-lom-1908-5-768x509.jpg 768w, http:\/\/www.lucie-lom.fr\/site\/wp-content\/uploads\/2017\/10\/lucie-lom-1908-5-453x300.jpg 453w\" sizes=\"auto, (max-width: 900px) 100vw, 900px\" \/> <img loading=\"lazy\" decoding=\"async\" class=\"alignnone size-full wp-image-2294\" src=\"http:\/\/www.lucie-lom.fr\/site\/wp-content\/uploads\/2017\/10\/lucie-lom-1908-4.jpg\" alt=\"lucie lom 1908 4\" width=\"900\" height=\"600\" srcset=\"http:\/\/www.lucie-lom.fr\/site\/wp-content\/uploads\/2017\/10\/lucie-lom-1908-4.jpg 900w, http:\/\/www.lucie-lom.fr\/site\/wp-content\/uploads\/2017\/10\/lucie-lom-1908-4-300x200.jpg 300w, http:\/\/www.lucie-lom.fr\/site\/wp-content\/uploads\/2017\/10\/lucie-lom-1908-4-768x512.jpg 768w, http:\/\/www.lucie-lom.fr\/site\/wp-content\/uploads\/2017\/10\/lucie-lom-1908-4-450x300.jpg 450w\" sizes=\"auto, (max-width: 900px) 100vw, 900px\" \/><\/p>\n<p style=\"text-align: left;\"><span style=\"color: #999999;\"><em>Photographies\u00a0: Nicolette Humbert<\/em><\/span><\/p>\n<p><span style=\"border-radius: 2px; text-indent: 20px; width: auto; padding: 0px 4px 0px 0px; text-align: center; font: bold 11px\/20px 'Helvetica Neue',Helvetica,sans-serif; color: #ffffff; background: #bd081c no-repeat scroll 3px 50% \/ 14px 14px; position: absolute; opacity: 1; z-index: 8675309; display: none; cursor: pointer; top: 41px; left: 20px;\">Enregistrer<\/span><\/p>\n","protected":false},"excerpt":{"rendered":"<p>&nbsp; &nbsp; &nbsp; &nbsp; LES VOISIN DE FARMAN\u00a0\u00a0\u00a0 Mus\u00e9e de l\u2019Air et de l\u2019Espace, Le Bourget &#8211; 2008 Cette exposition encore visible, au mus\u00e9e de l\u2019Air et de l\u2019Espace du Bourget, met en sc\u00e8ne le formidable engouement pour l\u2019aviation au &hellip; <a href=\"http:\/\/www.lucie-lom.fr\/site\/scenographies\/les-voisin-de-farman\/\">Lire la suite <span class=\"meta-nav\">&rarr;<\/span><\/a><\/p>\n","protected":false},"author":1,"featured_media":0,"parent":9,"menu_order":5,"comment_status":"closed","ping_status":"open","template":"","meta":{"footnotes":""},"class_list":["post-243","page","type-page","status-publish","hentry"],"_links":{"self":[{"href":"http:\/\/www.lucie-lom.fr\/site\/wp-json\/wp\/v2\/pages\/243","targetHints":{"allow":["GET"]}}],"collection":[{"href":"http:\/\/www.lucie-lom.fr\/site\/wp-json\/wp\/v2\/pages"}],"about":[{"href":"http:\/\/www.lucie-lom.fr\/site\/wp-json\/wp\/v2\/types\/page"}],"author":[{"embeddable":true,"href":"http:\/\/www.lucie-lom.fr\/site\/wp-json\/wp\/v2\/users\/1"}],"replies":[{"embeddable":true,"href":"http:\/\/www.lucie-lom.fr\/site\/wp-json\/wp\/v2\/comments?post=243"}],"version-history":[{"count":9,"href":"http:\/\/www.lucie-lom.fr\/site\/wp-json\/wp\/v2\/pages\/243\/revisions"}],"predecessor-version":[{"id":2298,"href":"http:\/\/www.lucie-lom.fr\/site\/wp-json\/wp\/v2\/pages\/243\/revisions\/2298"}],"up":[{"embeddable":true,"href":"http:\/\/www.lucie-lom.fr\/site\/wp-json\/wp\/v2\/pages\/9"}],"wp:attachment":[{"href":"http:\/\/www.lucie-lom.fr\/site\/wp-json\/wp\/v2\/media?parent=243"}],"curies":[{"name":"wp","href":"https:\/\/api.w.org\/{rel}","templated":true}]}}