{"id":221,"date":"2014-03-21T02:59:50","date_gmt":"2014-03-21T10:59:50","guid":{"rendered":"http:\/\/www.lucie-lom.fr\/?page_id=221"},"modified":"2017-10-20T15:18:05","modified_gmt":"2017-10-20T13:18:05","slug":"adolescences-en-herbe","status":"publish","type":"page","link":"http:\/\/www.lucie-lom.fr\/site\/installations-urbaines\/adolescences-en-herbe\/","title":{"rendered":"Adolescence en herbe"},"content":{"rendered":"<p>&nbsp;<\/p>\n<p>&nbsp;<\/p>\n<p>&nbsp;<\/p>\n<p>&nbsp;<\/p>\n<p style=\"text-align: left;\">\n<p style=\"text-align: left;\"><strong>ADOLESCENCE EN HERBE \u00a0 \u00a0<\/strong>Le Longeron (49) &#8211; 1993<\/p>\n<p style=\"text-align: left;\">Cette installation est le fruit d\u2019un travail en commun r\u00e9alis\u00e9 avec les \u00e9l\u00e8ves d\u2019un lyc\u00e9e et le photographe Bogdan Konopka. Dans un \u00e9clairage de pleine lune, des sculptures d\u2019adolescents semblaient sortir du sol et grimper aux arbres. A leurs visages blancs aux yeux ferm\u00e9s r\u00e9pondaient leurs portraits sur lesquels le photographe avait mis un regard.<\/p>\n<p>&nbsp;<\/p>\n<p style=\"text-align: left;\"><img loading=\"lazy\" decoding=\"async\" class=\"alignnone size-full wp-image-2375\" src=\"http:\/\/www.lucie-lom.fr\/site\/wp-content\/uploads\/2017\/10\/Lucie-Lom-adolescence-1.jpg\" alt=\"Lucie Lom adolescence 1\" width=\"900\" height=\"672\" srcset=\"http:\/\/www.lucie-lom.fr\/site\/wp-content\/uploads\/2017\/10\/Lucie-Lom-adolescence-1.jpg 900w, http:\/\/www.lucie-lom.fr\/site\/wp-content\/uploads\/2017\/10\/Lucie-Lom-adolescence-1-300x224.jpg 300w, http:\/\/www.lucie-lom.fr\/site\/wp-content\/uploads\/2017\/10\/Lucie-Lom-adolescence-1-768x573.jpg 768w, http:\/\/www.lucie-lom.fr\/site\/wp-content\/uploads\/2017\/10\/Lucie-Lom-adolescence-1-402x300.jpg 402w\" sizes=\"auto, (max-width: 900px) 100vw, 900px\" \/> <img loading=\"lazy\" decoding=\"async\" class=\"alignnone size-full wp-image-2376\" src=\"http:\/\/www.lucie-lom.fr\/site\/wp-content\/uploads\/2017\/10\/Lucie-Lom-adolescence-2.jpg\" alt=\"Lucie Lom adolescence 2\" width=\"900\" height=\"738\" srcset=\"http:\/\/www.lucie-lom.fr\/site\/wp-content\/uploads\/2017\/10\/Lucie-Lom-adolescence-2.jpg 900w, http:\/\/www.lucie-lom.fr\/site\/wp-content\/uploads\/2017\/10\/Lucie-Lom-adolescence-2-300x246.jpg 300w, http:\/\/www.lucie-lom.fr\/site\/wp-content\/uploads\/2017\/10\/Lucie-Lom-adolescence-2-768x630.jpg 768w, http:\/\/www.lucie-lom.fr\/site\/wp-content\/uploads\/2017\/10\/Lucie-Lom-adolescence-2-366x300.jpg 366w\" sizes=\"auto, (max-width: 900px) 100vw, 900px\" \/><\/p>\n<p style=\"text-align: left;\"><span style=\"color: #888888;\"><em>Photographies\u00a0: Jef Rabillon<\/em><\/span><\/p>\n<p><span style=\"border-radius: 2px; text-indent: 20px; width: auto; padding: 0px 4px 0px 0px; text-align: center; font: bold 11px\/20px 'Helvetica Neue',Helvetica,sans-serif; color: #ffffff; background: #bd081c  no-repeat scroll 3px 50% \/ 14px 14px; position: absolute; opacity: 1; z-index: 8675309; display: none; cursor: pointer;\">Enregistrer<\/span><\/p>\n","protected":false},"excerpt":{"rendered":"<p>&nbsp; &nbsp; &nbsp; &nbsp; ADOLESCENCE EN HERBE \u00a0 \u00a0Le Longeron (49) &#8211; 1993 Cette installation est le fruit d\u2019un travail en commun r\u00e9alis\u00e9 avec les \u00e9l\u00e8ves d\u2019un lyc\u00e9e et le photographe Bogdan Konopka. Dans un \u00e9clairage de pleine lune, des &hellip; <a href=\"http:\/\/www.lucie-lom.fr\/site\/installations-urbaines\/adolescences-en-herbe\/\">Lire la suite <span class=\"meta-nav\">&rarr;<\/span><\/a><\/p>\n","protected":false},"author":1,"featured_media":0,"parent":11,"menu_order":11,"comment_status":"closed","ping_status":"open","template":"","meta":{"footnotes":""},"class_list":["post-221","page","type-page","status-publish","hentry"],"_links":{"self":[{"href":"http:\/\/www.lucie-lom.fr\/site\/wp-json\/wp\/v2\/pages\/221","targetHints":{"allow":["GET"]}}],"collection":[{"href":"http:\/\/www.lucie-lom.fr\/site\/wp-json\/wp\/v2\/pages"}],"about":[{"href":"http:\/\/www.lucie-lom.fr\/site\/wp-json\/wp\/v2\/types\/page"}],"author":[{"embeddable":true,"href":"http:\/\/www.lucie-lom.fr\/site\/wp-json\/wp\/v2\/users\/1"}],"replies":[{"embeddable":true,"href":"http:\/\/www.lucie-lom.fr\/site\/wp-json\/wp\/v2\/comments?post=221"}],"version-history":[{"count":9,"href":"http:\/\/www.lucie-lom.fr\/site\/wp-json\/wp\/v2\/pages\/221\/revisions"}],"predecessor-version":[{"id":1080,"href":"http:\/\/www.lucie-lom.fr\/site\/wp-json\/wp\/v2\/pages\/221\/revisions\/1080"}],"up":[{"embeddable":true,"href":"http:\/\/www.lucie-lom.fr\/site\/wp-json\/wp\/v2\/pages\/11"}],"wp:attachment":[{"href":"http:\/\/www.lucie-lom.fr\/site\/wp-json\/wp\/v2\/media?parent=221"}],"curies":[{"name":"wp","href":"https:\/\/api.w.org\/{rel}","templated":true}]}}