{"id":2162,"date":"2017-04-04T16:10:00","date_gmt":"2017-04-04T14:10:00","guid":{"rendered":"http:\/\/www.lucie-lom.fr\/site\/?page_id=2162"},"modified":"2020-12-09T11:24:33","modified_gmt":"2020-12-09T10:24:33","slug":"sylva","status":"publish","type":"page","link":"http:\/\/www.lucie-lom.fr\/site\/sylva\/","title":{"rendered":"Sylva"},"content":{"rendered":"<p>&nbsp;<\/p>\n<p>&nbsp;<\/p>\n<p>&nbsp;<\/p>\n<p style=\"text-align: justify;\"><strong>S Y L V A<br \/>\nUne installation de Lucie Lom &#8211; Carte blanche \u00e0 la Coll\u00e9giale Saint-Martin \u00e0 Angers &#8211; du 19 septembre 2020 au 31 janvier 2021.<br \/>\n<\/strong>Images vid\u00e9os : Olivier Guillemain &#8211; Cr\u00e9ation musicale : Patrice Grupallo<\/p>\n<p style=\"text-align: justify;\">Cette installation invite les visiteurs \u00e0 p\u00e9n\u00e9trer progressivement dans une for\u00eat dont on ne mesure pas les limites.<br \/>\nComme dans un r\u00eave, les arbres \u00e9mergent de la p\u00e9nombre. Fr\u00e9missants et argent\u00e9s, ils semblent parcourus de s\u00e8ve et de vent. Le soleil se faufile entre leurs branches, r\u00e9veille des oiseaux invisibles, et r\u00e9v\u00e8le des feuillages ondulants.\u00a0 On entre\u00a0 dans cette for\u00eat comme dans une maison habit\u00e9e : avec discr\u00e9tion, tenant compte de ce qui vit l\u00e0. C\u2019est l\u2019imaginaire qui guide les pas ; r\u00eaveur, on observe autour de soi, on contemple et on \u00e9coute.<\/p>\n<p><iframe loading=\"lazy\" src=\"https:\/\/player.vimeo.com\/video\/465701587?title=0&amp;byline=0&amp;portrait=0\" width=\"900\" height=\"506\" frameborder=\"0\" allowfullscreen=\"allowfullscreen\"><\/iframe><br \/>\n<img loading=\"lazy\" decoding=\"async\" class=\"alignnone size-full wp-image-2452\" src=\"http:\/\/www.lucie-lom.fr\/site\/wp-content\/uploads\/2020\/10\/sylva-115760.jpg\" alt=\"sylva-115760\" width=\"900\" height=\"1266\" srcset=\"http:\/\/www.lucie-lom.fr\/site\/wp-content\/uploads\/2020\/10\/sylva-115760.jpg 900w, http:\/\/www.lucie-lom.fr\/site\/wp-content\/uploads\/2020\/10\/sylva-115760-213x300.jpg 213w, http:\/\/www.lucie-lom.fr\/site\/wp-content\/uploads\/2020\/10\/sylva-115760-768x1080.jpg 768w, http:\/\/www.lucie-lom.fr\/site\/wp-content\/uploads\/2020\/10\/sylva-115760-728x1024.jpg 728w\" sizes=\"auto, (max-width: 900px) 100vw, 900px\" \/> <img loading=\"lazy\" decoding=\"async\" class=\"alignnone size-full wp-image-2453\" src=\"http:\/\/www.lucie-lom.fr\/site\/wp-content\/uploads\/2020\/10\/sylva-115843.jpg\" alt=\"sylva-115843\" width=\"900\" height=\"1354\" srcset=\"http:\/\/www.lucie-lom.fr\/site\/wp-content\/uploads\/2020\/10\/sylva-115843.jpg 900w, http:\/\/www.lucie-lom.fr\/site\/wp-content\/uploads\/2020\/10\/sylva-115843-199x300.jpg 199w, http:\/\/www.lucie-lom.fr\/site\/wp-content\/uploads\/2020\/10\/sylva-115843-768x1155.jpg 768w, http:\/\/www.lucie-lom.fr\/site\/wp-content\/uploads\/2020\/10\/sylva-115843-681x1024.jpg 681w\" sizes=\"auto, (max-width: 900px) 100vw, 900px\" \/> <img loading=\"lazy\" decoding=\"async\" class=\"alignnone size-full wp-image-2451\" src=\"http:\/\/www.lucie-lom.fr\/site\/wp-content\/uploads\/2020\/10\/sylva-12346.jpg\" alt=\"sylva-12346\" width=\"900\" height=\"601\" srcset=\"http:\/\/www.lucie-lom.fr\/site\/wp-content\/uploads\/2020\/10\/sylva-12346.jpg 900w, http:\/\/www.lucie-lom.fr\/site\/wp-content\/uploads\/2020\/10\/sylva-12346-300x200.jpg 300w, http:\/\/www.lucie-lom.fr\/site\/wp-content\/uploads\/2020\/10\/sylva-12346-768x513.jpg 768w, http:\/\/www.lucie-lom.fr\/site\/wp-content\/uploads\/2020\/10\/sylva-12346-449x300.jpg 449w\" sizes=\"auto, (max-width: 900px) 100vw, 900px\" \/> <img loading=\"lazy\" decoding=\"async\" class=\"alignnone size-full wp-image-2454\" src=\"http:\/\/www.lucie-lom.fr\/site\/wp-content\/uploads\/2020\/10\/sylva-115855.jpg\" alt=\"sylva-115855\" width=\"900\" height=\"599\" srcset=\"http:\/\/www.lucie-lom.fr\/site\/wp-content\/uploads\/2020\/10\/sylva-115855.jpg 900w, http:\/\/www.lucie-lom.fr\/site\/wp-content\/uploads\/2020\/10\/sylva-115855-300x200.jpg 300w, http:\/\/www.lucie-lom.fr\/site\/wp-content\/uploads\/2020\/10\/sylva-115855-768x511.jpg 768w, http:\/\/www.lucie-lom.fr\/site\/wp-content\/uploads\/2020\/10\/sylva-115855-451x300.jpg 451w\" sizes=\"auto, (max-width: 900px) 100vw, 900px\" \/><\/p>\n<p style=\"text-align: justify;\">Photographies : Jef Rabillon &#8211; Vid\u00e9o : Cr\u00e9ative Corner<\/p>\n<p style=\"text-align: justify;\">Contact \/ Diffusion : contact@lucie-lom.fr<\/p>\n","protected":false},"excerpt":{"rendered":"<p>&nbsp; &nbsp; &nbsp; S Y L V A Une installation de Lucie Lom &#8211; Carte blanche \u00e0 la Coll\u00e9giale Saint-Martin \u00e0 Angers &#8211; du 19 septembre 2020 au 31 janvier 2021. Images vid\u00e9os : Olivier Guillemain &#8211; Cr\u00e9ation musicale : &hellip; <a href=\"http:\/\/www.lucie-lom.fr\/site\/sylva\/\">Lire la suite <span class=\"meta-nav\">&rarr;<\/span><\/a><\/p>\n","protected":false},"author":1,"featured_media":0,"parent":0,"menu_order":0,"comment_status":"closed","ping_status":"closed","template":"","meta":{"footnotes":""},"class_list":["post-2162","page","type-page","status-publish","hentry"],"_links":{"self":[{"href":"http:\/\/www.lucie-lom.fr\/site\/wp-json\/wp\/v2\/pages\/2162","targetHints":{"allow":["GET"]}}],"collection":[{"href":"http:\/\/www.lucie-lom.fr\/site\/wp-json\/wp\/v2\/pages"}],"about":[{"href":"http:\/\/www.lucie-lom.fr\/site\/wp-json\/wp\/v2\/types\/page"}],"author":[{"embeddable":true,"href":"http:\/\/www.lucie-lom.fr\/site\/wp-json\/wp\/v2\/users\/1"}],"replies":[{"embeddable":true,"href":"http:\/\/www.lucie-lom.fr\/site\/wp-json\/wp\/v2\/comments?post=2162"}],"version-history":[{"count":20,"href":"http:\/\/www.lucie-lom.fr\/site\/wp-json\/wp\/v2\/pages\/2162\/revisions"}],"predecessor-version":[{"id":2471,"href":"http:\/\/www.lucie-lom.fr\/site\/wp-json\/wp\/v2\/pages\/2162\/revisions\/2471"}],"wp:attachment":[{"href":"http:\/\/www.lucie-lom.fr\/site\/wp-json\/wp\/v2\/media?parent=2162"}],"curies":[{"name":"wp","href":"https:\/\/api.w.org\/{rel}","templated":true}]}}