{"id":213,"date":"2014-03-21T02:53:32","date_gmt":"2014-03-21T10:53:32","guid":{"rendered":"http:\/\/www.lucie-lom.fr\/?page_id=213"},"modified":"2017-10-20T15:03:36","modified_gmt":"2017-10-20T13:03:36","slug":"le-port-du-ralliement","status":"publish","type":"page","link":"http:\/\/www.lucie-lom.fr\/site\/installations-urbaines\/le-port-du-ralliement\/","title":{"rendered":"Le port du ralliement"},"content":{"rendered":"<p>&nbsp;<\/p>\n<p>&nbsp;<\/p>\n<p>&nbsp;<\/p>\n<p>&nbsp;<\/p>\n<p style=\"text-align: left;\">\n<p style=\"text-align: left;\"><strong>LE PORT DU RALLIEMENT<\/strong>\u00a0\u00a0\u00a0Les Accroche-c\u0153urs, Angers &#8211; 2002\u00a0\u00a0<span style=\"color: #888888;\"><em><br \/>\n<\/em><\/span><\/p>\n<p style=\"text-align: left;\">Venus de tous les continents,\u00a0 des bateaux se sont amarr\u00e9s aux balcons d\u2019une ville. \u00c0 la nuit tomb\u00e9e, les l\u00e9gendes de la mer animent les voiles et les fa\u00e7ades.<\/p>\n<p style=\"text-align: left;\"><img loading=\"lazy\" decoding=\"async\" class=\"alignnone size-full wp-image-2358\" src=\"http:\/\/www.lucie-lom.fr\/site\/wp-content\/uploads\/2017\/10\/Lucie-Lom-port-du-ralliement-1.jpg\" alt=\"Lucie Lom port du ralliement 1\" width=\"900\" height=\"586\" srcset=\"http:\/\/www.lucie-lom.fr\/site\/wp-content\/uploads\/2017\/10\/Lucie-Lom-port-du-ralliement-1.jpg 900w, http:\/\/www.lucie-lom.fr\/site\/wp-content\/uploads\/2017\/10\/Lucie-Lom-port-du-ralliement-1-300x195.jpg 300w, http:\/\/www.lucie-lom.fr\/site\/wp-content\/uploads\/2017\/10\/Lucie-Lom-port-du-ralliement-1-768x500.jpg 768w, http:\/\/www.lucie-lom.fr\/site\/wp-content\/uploads\/2017\/10\/Lucie-Lom-port-du-ralliement-1-461x300.jpg 461w\" sizes=\"auto, (max-width: 900px) 100vw, 900px\" \/> <img loading=\"lazy\" decoding=\"async\" class=\"alignnone size-full wp-image-2359\" src=\"http:\/\/www.lucie-lom.fr\/site\/wp-content\/uploads\/2017\/10\/Lucie-Lom-port-du-ralliement-2.jpg\" alt=\"Lucie Lom port du ralliement 2\" width=\"900\" height=\"586\" srcset=\"http:\/\/www.lucie-lom.fr\/site\/wp-content\/uploads\/2017\/10\/Lucie-Lom-port-du-ralliement-2.jpg 900w, http:\/\/www.lucie-lom.fr\/site\/wp-content\/uploads\/2017\/10\/Lucie-Lom-port-du-ralliement-2-300x195.jpg 300w, http:\/\/www.lucie-lom.fr\/site\/wp-content\/uploads\/2017\/10\/Lucie-Lom-port-du-ralliement-2-768x500.jpg 768w, http:\/\/www.lucie-lom.fr\/site\/wp-content\/uploads\/2017\/10\/Lucie-Lom-port-du-ralliement-2-461x300.jpg 461w\" sizes=\"auto, (max-width: 900px) 100vw, 900px\" \/> <img loading=\"lazy\" decoding=\"async\" class=\"alignnone size-full wp-image-2360\" src=\"http:\/\/www.lucie-lom.fr\/site\/wp-content\/uploads\/2017\/10\/Lucie-Lom-port-du-ralliement-3.jpg\" alt=\"Lucie Lom port du ralliement 3\" width=\"900\" height=\"762\" srcset=\"http:\/\/www.lucie-lom.fr\/site\/wp-content\/uploads\/2017\/10\/Lucie-Lom-port-du-ralliement-3.jpg 900w, http:\/\/www.lucie-lom.fr\/site\/wp-content\/uploads\/2017\/10\/Lucie-Lom-port-du-ralliement-3-300x254.jpg 300w, http:\/\/www.lucie-lom.fr\/site\/wp-content\/uploads\/2017\/10\/Lucie-Lom-port-du-ralliement-3-768x650.jpg 768w, http:\/\/www.lucie-lom.fr\/site\/wp-content\/uploads\/2017\/10\/Lucie-Lom-port-du-ralliement-3-354x300.jpg 354w\" sizes=\"auto, (max-width: 900px) 100vw, 900px\" \/><\/p>\n<p style=\"text-align: left;\"><span style=\"color: #888888;\"><em>Photographies\u00a0: Jef Rabillon<\/em><\/span><\/p>\n<p><span style=\"border-radius: 2px; text-indent: 20px; width: auto; padding: 0px 4px 0px 0px; text-align: center; font: bold 11px\/20px 'Helvetica Neue',Helvetica,sans-serif; color: #ffffff; background: #bd081c  no-repeat scroll 3px 50% \/ 14px 14px; position: absolute; opacity: 1; z-index: 8675309; display: none; cursor: pointer; top: 212px; left: 20px;\">Enregistrer<\/span><\/p>\n","protected":false},"excerpt":{"rendered":"<p>&nbsp; &nbsp; &nbsp; &nbsp; LE PORT DU RALLIEMENT\u00a0\u00a0\u00a0Les Accroche-c\u0153urs, Angers &#8211; 2002\u00a0\u00a0 Venus de tous les continents,\u00a0 des bateaux se sont amarr\u00e9s aux balcons d\u2019une ville. \u00c0 la nuit tomb\u00e9e, les l\u00e9gendes de la mer animent les voiles et les &hellip; <a href=\"http:\/\/www.lucie-lom.fr\/site\/installations-urbaines\/le-port-du-ralliement\/\">Lire la suite <span class=\"meta-nav\">&rarr;<\/span><\/a><\/p>\n","protected":false},"author":1,"featured_media":0,"parent":11,"menu_order":7,"comment_status":"closed","ping_status":"open","template":"","meta":{"footnotes":""},"class_list":["post-213","page","type-page","status-publish","hentry"],"_links":{"self":[{"href":"http:\/\/www.lucie-lom.fr\/site\/wp-json\/wp\/v2\/pages\/213","targetHints":{"allow":["GET"]}}],"collection":[{"href":"http:\/\/www.lucie-lom.fr\/site\/wp-json\/wp\/v2\/pages"}],"about":[{"href":"http:\/\/www.lucie-lom.fr\/site\/wp-json\/wp\/v2\/types\/page"}],"author":[{"embeddable":true,"href":"http:\/\/www.lucie-lom.fr\/site\/wp-json\/wp\/v2\/users\/1"}],"replies":[{"embeddable":true,"href":"http:\/\/www.lucie-lom.fr\/site\/wp-json\/wp\/v2\/comments?post=213"}],"version-history":[{"count":7,"href":"http:\/\/www.lucie-lom.fr\/site\/wp-json\/wp\/v2\/pages\/213\/revisions"}],"predecessor-version":[{"id":2362,"href":"http:\/\/www.lucie-lom.fr\/site\/wp-json\/wp\/v2\/pages\/213\/revisions\/2362"}],"up":[{"embeddable":true,"href":"http:\/\/www.lucie-lom.fr\/site\/wp-json\/wp\/v2\/pages\/11"}],"wp:attachment":[{"href":"http:\/\/www.lucie-lom.fr\/site\/wp-json\/wp\/v2\/media?parent=213"}],"curies":[{"name":"wp","href":"https:\/\/api.w.org\/{rel}","templated":true}]}}