{"id":209,"date":"2014-03-21T02:50:39","date_gmt":"2014-03-21T10:50:39","guid":{"rendered":"http:\/\/www.lucie-lom.fr\/?page_id=209"},"modified":"2017-10-20T15:04:25","modified_gmt":"2017-10-20T13:04:25","slug":"b-l-o-b","status":"publish","type":"page","link":"http:\/\/www.lucie-lom.fr\/site\/installations-urbaines\/b-l-o-b\/","title":{"rendered":"B.L.O.B."},"content":{"rendered":"<p>&nbsp;<\/p>\n<p>&nbsp;<\/p>\n<p>&nbsp;<\/p>\n<p style=\"text-align: left;\">\n<p style=\"text-align: left;\"><strong>BLOB\u00a0<\/strong>\u00a0\u00a0Les Accroche-c\u0153urs, Angers &#8211; 2008<\/p>\n<p style=\"text-align: left;\">Un vent \u00e9trange a souffl\u00e9 sur le Mus\u00e9e Pinc\u00e9 \u00e0 Angers, provoquant un ph\u00e9nom\u00e8ne in\u00e9dit : le d\u00e9collement des fa\u00e7ades \u2026 Non moins bizarre, des formes organiques, se r\u00e9pandent dans la cour\u2026 \u00c0 la nuit tomb\u00e9e, l\u2019ensemble prend vie dans une lente respiration lumineuse qui r\u00e9v\u00e8le la cour et les fa\u00e7ades.<\/p>\n<p>&nbsp;<\/p>\n<p style=\"text-align: left;\"><img loading=\"lazy\" decoding=\"async\" class=\"alignnone size-full wp-image-2348\" src=\"http:\/\/www.lucie-lom.fr\/site\/wp-content\/uploads\/2017\/10\/Lucie-Lom-blob.jpg\" alt=\"Lucie Lom blob\" width=\"900\" height=\"1355\" srcset=\"http:\/\/www.lucie-lom.fr\/site\/wp-content\/uploads\/2017\/10\/Lucie-Lom-blob.jpg 900w, http:\/\/www.lucie-lom.fr\/site\/wp-content\/uploads\/2017\/10\/Lucie-Lom-blob-199x300.jpg 199w, http:\/\/www.lucie-lom.fr\/site\/wp-content\/uploads\/2017\/10\/Lucie-Lom-blob-768x1156.jpg 768w, http:\/\/www.lucie-lom.fr\/site\/wp-content\/uploads\/2017\/10\/Lucie-Lom-blob-680x1024.jpg 680w\" sizes=\"auto, (max-width: 900px) 100vw, 900px\" \/><\/p>\n<p style=\"text-align: left;\"><span style=\"color: #888888;\"><em>Photographies\u00a0: Jef Rabillon<\/em><\/span><\/p>\n<p><span style=\"border-radius: 2px; text-indent: 20px; width: auto; padding: 0px 4px 0px 0px; text-align: center; font: bold 11px\/20px 'Helvetica Neue',Helvetica,sans-serif; color: #ffffff; background: #bd081c  no-repeat scroll 3px 50% \/ 14px 14px; position: absolute; opacity: 1; z-index: 8675309; display: none; cursor: pointer; top: 260px; left: 20px;\">Enregistrer<\/span><\/p>\n","protected":false},"excerpt":{"rendered":"<p>&nbsp; &nbsp; &nbsp; BLOB\u00a0\u00a0\u00a0Les Accroche-c\u0153urs, Angers &#8211; 2008 Un vent \u00e9trange a souffl\u00e9 sur le Mus\u00e9e Pinc\u00e9 \u00e0 Angers, provoquant un ph\u00e9nom\u00e8ne in\u00e9dit : le d\u00e9collement des fa\u00e7ades \u2026 Non moins bizarre, des formes organiques, se r\u00e9pandent dans la cour\u2026 &hellip; <a href=\"http:\/\/www.lucie-lom.fr\/site\/installations-urbaines\/b-l-o-b\/\">Lire la suite <span class=\"meta-nav\">&rarr;<\/span><\/a><\/p>\n","protected":false},"author":1,"featured_media":0,"parent":11,"menu_order":4,"comment_status":"closed","ping_status":"open","template":"","meta":{"footnotes":""},"class_list":["post-209","page","type-page","status-publish","hentry"],"_links":{"self":[{"href":"http:\/\/www.lucie-lom.fr\/site\/wp-json\/wp\/v2\/pages\/209","targetHints":{"allow":["GET"]}}],"collection":[{"href":"http:\/\/www.lucie-lom.fr\/site\/wp-json\/wp\/v2\/pages"}],"about":[{"href":"http:\/\/www.lucie-lom.fr\/site\/wp-json\/wp\/v2\/types\/page"}],"author":[{"embeddable":true,"href":"http:\/\/www.lucie-lom.fr\/site\/wp-json\/wp\/v2\/users\/1"}],"replies":[{"embeddable":true,"href":"http:\/\/www.lucie-lom.fr\/site\/wp-json\/wp\/v2\/comments?post=209"}],"version-history":[{"count":9,"href":"http:\/\/www.lucie-lom.fr\/site\/wp-json\/wp\/v2\/pages\/209\/revisions"}],"predecessor-version":[{"id":2349,"href":"http:\/\/www.lucie-lom.fr\/site\/wp-json\/wp\/v2\/pages\/209\/revisions\/2349"}],"up":[{"embeddable":true,"href":"http:\/\/www.lucie-lom.fr\/site\/wp-json\/wp\/v2\/pages\/11"}],"wp:attachment":[{"href":"http:\/\/www.lucie-lom.fr\/site\/wp-json\/wp\/v2\/media?parent=209"}],"curies":[{"name":"wp","href":"https:\/\/api.w.org\/{rel}","templated":true}]}}