{"id":207,"date":"2014-03-21T02:45:15","date_gmt":"2014-03-21T10:45:15","guid":{"rendered":"http:\/\/www.lucie-lom.fr\/?page_id=207"},"modified":"2017-10-20T14:55:28","modified_gmt":"2017-10-20T12:55:28","slug":"la-necropole-des-anges","status":"publish","type":"page","link":"http:\/\/www.lucie-lom.fr\/site\/installations-urbaines\/la-necropole-des-anges\/","title":{"rendered":"La n\u00e9cropole des anges"},"content":{"rendered":"<p>&nbsp;<\/p>\n<p>&nbsp;<\/p>\n<p>&nbsp;<\/p>\n<p style=\"text-align: left;\"><strong>LA N\u00c9CROPOLE DES ANGES<\/strong>\u00a0\u00a0\u00a0Les Accroche-c\u0153urs, Angers &#8211; 2009<\/p>\n<p style=\"text-align: left;\">De fausses fouilles arch\u00e9ologiques mettent \u00e0 jour une n\u00e9cropole merveilleuse d\u2019o\u00f9 \u00e9mergent un demi-millier d\u2019anges fa\u00e7onn\u00e9s, pour l\u2019installation, par les \u00e9coliers de la ville.<\/p>\n<p style=\"text-align: left;\"><img loading=\"lazy\" decoding=\"async\" class=\"alignnone size-full wp-image-2352\" src=\"http:\/\/www.lucie-lom.fr\/site\/wp-content\/uploads\/2017\/10\/lucie-lom-ne\u0301cropole-des-anges-2.jpg\" alt=\"lucie lom ne\u0301cropole des anges 2\" width=\"900\" height=\"598\" srcset=\"http:\/\/www.lucie-lom.fr\/site\/wp-content\/uploads\/2017\/10\/lucie-lom-ne\u0301cropole-des-anges-2.jpg 900w, http:\/\/www.lucie-lom.fr\/site\/wp-content\/uploads\/2017\/10\/lucie-lom-ne\u0301cropole-des-anges-2-300x199.jpg 300w, http:\/\/www.lucie-lom.fr\/site\/wp-content\/uploads\/2017\/10\/lucie-lom-ne\u0301cropole-des-anges-2-768x510.jpg 768w, http:\/\/www.lucie-lom.fr\/site\/wp-content\/uploads\/2017\/10\/lucie-lom-ne\u0301cropole-des-anges-2-452x300.jpg 452w\" sizes=\"auto, (max-width: 900px) 100vw, 900px\" \/> <img loading=\"lazy\" decoding=\"async\" class=\"alignnone size-full wp-image-2353\" src=\"http:\/\/www.lucie-lom.fr\/site\/wp-content\/uploads\/2017\/10\/lucie-lom-ne\u0301cropole-des-anges-3.jpg\" alt=\"lucie lom ne\u0301cropole des anges 3\" width=\"900\" height=\"1251\" srcset=\"http:\/\/www.lucie-lom.fr\/site\/wp-content\/uploads\/2017\/10\/lucie-lom-ne\u0301cropole-des-anges-3.jpg 900w, http:\/\/www.lucie-lom.fr\/site\/wp-content\/uploads\/2017\/10\/lucie-lom-ne\u0301cropole-des-anges-3-216x300.jpg 216w, http:\/\/www.lucie-lom.fr\/site\/wp-content\/uploads\/2017\/10\/lucie-lom-ne\u0301cropole-des-anges-3-768x1068.jpg 768w, http:\/\/www.lucie-lom.fr\/site\/wp-content\/uploads\/2017\/10\/lucie-lom-ne\u0301cropole-des-anges-3-737x1024.jpg 737w\" sizes=\"auto, (max-width: 900px) 100vw, 900px\" \/> <img loading=\"lazy\" decoding=\"async\" class=\"alignnone size-full wp-image-2351\" src=\"http:\/\/www.lucie-lom.fr\/site\/wp-content\/uploads\/2017\/10\/lucie-lom-ne\u0301cropole-des-anges-1.jpg\" alt=\"lucie lom ne\u0301cropole des anges 1\" width=\"900\" height=\"1509\" srcset=\"http:\/\/www.lucie-lom.fr\/site\/wp-content\/uploads\/2017\/10\/lucie-lom-ne\u0301cropole-des-anges-1.jpg 900w, http:\/\/www.lucie-lom.fr\/site\/wp-content\/uploads\/2017\/10\/lucie-lom-ne\u0301cropole-des-anges-1-179x300.jpg 179w, http:\/\/www.lucie-lom.fr\/site\/wp-content\/uploads\/2017\/10\/lucie-lom-ne\u0301cropole-des-anges-1-768x1288.jpg 768w, http:\/\/www.lucie-lom.fr\/site\/wp-content\/uploads\/2017\/10\/lucie-lom-ne\u0301cropole-des-anges-1-611x1024.jpg 611w\" sizes=\"auto, (max-width: 900px) 100vw, 900px\" \/><\/p>\n<p style=\"text-align: left;\"><span style=\"color: #888888;\"><em>Photographies\u00a0: Audrey Paquereau<\/em><\/span><\/p>\n<p><span style=\"border-radius: 2px; text-indent: 20px; width: auto; padding: 0px 4px 0px 0px; text-align: center; font: bold 11px\/20px 'Helvetica Neue',Helvetica,sans-serif; color: #ffffff; background: #bd081c  no-repeat scroll 3px 50% \/ 14px 14px; position: absolute; opacity: 1; z-index: 8675309; display: none; cursor: pointer; top: 212px; left: 20px;\">Enregistrer<\/span><\/p>\n","protected":false},"excerpt":{"rendered":"<p>&nbsp; &nbsp; &nbsp; LA N\u00c9CROPOLE DES ANGES\u00a0\u00a0\u00a0Les Accroche-c\u0153urs, Angers &#8211; 2009 De fausses fouilles arch\u00e9ologiques mettent \u00e0 jour une n\u00e9cropole merveilleuse d\u2019o\u00f9 \u00e9mergent un demi-millier d\u2019anges fa\u00e7onn\u00e9s, pour l\u2019installation, par les \u00e9coliers de la ville. Photographies\u00a0: Audrey Paquereau Enregistrer<\/p>\n","protected":false},"author":1,"featured_media":0,"parent":11,"menu_order":4,"comment_status":"closed","ping_status":"open","template":"","meta":{"footnotes":""},"class_list":["post-207","page","type-page","status-publish","hentry"],"_links":{"self":[{"href":"http:\/\/www.lucie-lom.fr\/site\/wp-json\/wp\/v2\/pages\/207","targetHints":{"allow":["GET"]}}],"collection":[{"href":"http:\/\/www.lucie-lom.fr\/site\/wp-json\/wp\/v2\/pages"}],"about":[{"href":"http:\/\/www.lucie-lom.fr\/site\/wp-json\/wp\/v2\/types\/page"}],"author":[{"embeddable":true,"href":"http:\/\/www.lucie-lom.fr\/site\/wp-json\/wp\/v2\/users\/1"}],"replies":[{"embeddable":true,"href":"http:\/\/www.lucie-lom.fr\/site\/wp-json\/wp\/v2\/comments?post=207"}],"version-history":[{"count":10,"href":"http:\/\/www.lucie-lom.fr\/site\/wp-json\/wp\/v2\/pages\/207\/revisions"}],"predecessor-version":[{"id":2357,"href":"http:\/\/www.lucie-lom.fr\/site\/wp-json\/wp\/v2\/pages\/207\/revisions\/2357"}],"up":[{"embeddable":true,"href":"http:\/\/www.lucie-lom.fr\/site\/wp-json\/wp\/v2\/pages\/11"}],"wp:attachment":[{"href":"http:\/\/www.lucie-lom.fr\/site\/wp-json\/wp\/v2\/media?parent=207"}],"curies":[{"name":"wp","href":"https:\/\/api.w.org\/{rel}","templated":true}]}}