{"id":205,"date":"2014-03-21T02:42:50","date_gmt":"2014-03-21T10:42:50","guid":{"rendered":"http:\/\/www.lucie-lom.fr\/?page_id=205"},"modified":"2017-10-20T14:47:15","modified_gmt":"2017-10-20T12:47:15","slug":"le-havre-dalice-carte-blanche","status":"publish","type":"page","link":"http:\/\/www.lucie-lom.fr\/site\/installations-urbaines\/le-havre-dalice-carte-blanche\/","title":{"rendered":"Le havre d\u2019Alice"},"content":{"rendered":"<p>&nbsp;<\/p>\n<p>&nbsp;<\/p>\n<p>&nbsp;<\/p>\n<p>&nbsp;<\/p>\n<p style=\"text-align: left;\"><strong>LE HAVRE D\u2019ALICE<\/strong>\u00a0\u00a0 La nuit d\u00e9tonnante, Tourcoing &#8211; 2012<\/p>\n<p style=\"text-align: left;\">Cette nuit l\u00e0, port\u00e9s par un vent d\u2019est qui s\u2019engouffrait par les br\u00e8ches du toit, des rideaux blancs volaient aux fen\u00eatres. Alice et son univers voltigeaient aux fen\u00eatres et les arbres du jardin port\u00e9s par cette intrusion merveilleuse.<\/p>\n<p>&nbsp;<\/p>\n<p style=\"text-align: left;\"><img loading=\"lazy\" decoding=\"async\" class=\"alignnone size-full wp-image-2343\" src=\"http:\/\/www.lucie-lom.fr\/site\/wp-content\/uploads\/2017\/10\/Lucie-lom-le-havre-dalice-1.jpg\" alt=\"Lucie lom le havre d'alice 1\" width=\"900\" height=\"600\" srcset=\"http:\/\/www.lucie-lom.fr\/site\/wp-content\/uploads\/2017\/10\/Lucie-lom-le-havre-dalice-1.jpg 900w, http:\/\/www.lucie-lom.fr\/site\/wp-content\/uploads\/2017\/10\/Lucie-lom-le-havre-dalice-1-300x200.jpg 300w, http:\/\/www.lucie-lom.fr\/site\/wp-content\/uploads\/2017\/10\/Lucie-lom-le-havre-dalice-1-768x512.jpg 768w, http:\/\/www.lucie-lom.fr\/site\/wp-content\/uploads\/2017\/10\/Lucie-lom-le-havre-dalice-1-450x300.jpg 450w\" sizes=\"auto, (max-width: 900px) 100vw, 900px\" \/> <img loading=\"lazy\" decoding=\"async\" class=\"alignnone size-full wp-image-2344\" src=\"http:\/\/www.lucie-lom.fr\/site\/wp-content\/uploads\/2017\/10\/Lucie-lom-le-havre-dalice-2.jpg\" alt=\"Lucie lom le havre d'alice 2\" width=\"900\" height=\"1350\" srcset=\"http:\/\/www.lucie-lom.fr\/site\/wp-content\/uploads\/2017\/10\/Lucie-lom-le-havre-dalice-2.jpg 900w, http:\/\/www.lucie-lom.fr\/site\/wp-content\/uploads\/2017\/10\/Lucie-lom-le-havre-dalice-2-200x300.jpg 200w, http:\/\/www.lucie-lom.fr\/site\/wp-content\/uploads\/2017\/10\/Lucie-lom-le-havre-dalice-2-768x1152.jpg 768w, http:\/\/www.lucie-lom.fr\/site\/wp-content\/uploads\/2017\/10\/Lucie-lom-le-havre-dalice-2-683x1024.jpg 683w\" sizes=\"auto, (max-width: 900px) 100vw, 900px\" \/> <img loading=\"lazy\" decoding=\"async\" class=\"alignnone size-full wp-image-2345\" src=\"http:\/\/www.lucie-lom.fr\/site\/wp-content\/uploads\/2017\/10\/Lucie-lom-le-havre-dalice-3.jpg\" alt=\"Lucie lom le havre d'alice 3\" width=\"900\" height=\"1349\" srcset=\"http:\/\/www.lucie-lom.fr\/site\/wp-content\/uploads\/2017\/10\/Lucie-lom-le-havre-dalice-3.jpg 900w, http:\/\/www.lucie-lom.fr\/site\/wp-content\/uploads\/2017\/10\/Lucie-lom-le-havre-dalice-3-200x300.jpg 200w, http:\/\/www.lucie-lom.fr\/site\/wp-content\/uploads\/2017\/10\/Lucie-lom-le-havre-dalice-3-768x1151.jpg 768w, http:\/\/www.lucie-lom.fr\/site\/wp-content\/uploads\/2017\/10\/Lucie-lom-le-havre-dalice-3-683x1024.jpg 683w\" sizes=\"auto, (max-width: 900px) 100vw, 900px\" \/><\/p>\n<p style=\"text-align: left;\"><span style=\"color: #888888;\"><em>Photographies\u00a0: Elisa Fache<\/em><\/span><\/p>\n<p><span style=\"border-radius: 2px; text-indent: 20px; width: auto; padding: 0px 4px 0px 0px; text-align: center; font: bold 11px\/20px 'Helvetica Neue',Helvetica,sans-serif; color: #ffffff; background: #bd081c no-repeat scroll 3px 50% \/ 14px 14px; position: absolute; opacity: 1; z-index: 8675309; display: none; cursor: pointer;\">Enregistrer<\/span><\/p>\n","protected":false},"excerpt":{"rendered":"<p>&nbsp; &nbsp; &nbsp; &nbsp; LE HAVRE D\u2019ALICE\u00a0\u00a0 La nuit d\u00e9tonnante, Tourcoing &#8211; 2012 Cette nuit l\u00e0, port\u00e9s par un vent d\u2019est qui s\u2019engouffrait par les br\u00e8ches du toit, des rideaux blancs volaient aux fen\u00eatres. Alice et son univers voltigeaient aux &hellip; <a href=\"http:\/\/www.lucie-lom.fr\/site\/installations-urbaines\/le-havre-dalice-carte-blanche\/\">Lire la suite <span class=\"meta-nav\">&rarr;<\/span><\/a><\/p>\n","protected":false},"author":1,"featured_media":0,"parent":11,"menu_order":3,"comment_status":"closed","ping_status":"open","template":"","meta":{"footnotes":""},"class_list":["post-205","page","type-page","status-publish","hentry"],"_links":{"self":[{"href":"http:\/\/www.lucie-lom.fr\/site\/wp-json\/wp\/v2\/pages\/205","targetHints":{"allow":["GET"]}}],"collection":[{"href":"http:\/\/www.lucie-lom.fr\/site\/wp-json\/wp\/v2\/pages"}],"about":[{"href":"http:\/\/www.lucie-lom.fr\/site\/wp-json\/wp\/v2\/types\/page"}],"author":[{"embeddable":true,"href":"http:\/\/www.lucie-lom.fr\/site\/wp-json\/wp\/v2\/users\/1"}],"replies":[{"embeddable":true,"href":"http:\/\/www.lucie-lom.fr\/site\/wp-json\/wp\/v2\/comments?post=205"}],"version-history":[{"count":11,"href":"http:\/\/www.lucie-lom.fr\/site\/wp-json\/wp\/v2\/pages\/205\/revisions"}],"predecessor-version":[{"id":2347,"href":"http:\/\/www.lucie-lom.fr\/site\/wp-json\/wp\/v2\/pages\/205\/revisions\/2347"}],"up":[{"embeddable":true,"href":"http:\/\/www.lucie-lom.fr\/site\/wp-json\/wp\/v2\/pages\/11"}],"wp:attachment":[{"href":"http:\/\/www.lucie-lom.fr\/site\/wp-json\/wp\/v2\/media?parent=205"}],"curies":[{"name":"wp","href":"https:\/\/api.w.org\/{rel}","templated":true}]}}