{"id":2047,"date":"2016-06-21T15:01:50","date_gmt":"2016-06-21T13:01:50","guid":{"rendered":"http:\/\/www.lucie-lom.fr\/site\/?page_id=2047"},"modified":"2024-06-13T11:36:22","modified_gmt":"2024-06-13T09:36:22","slug":"le-mystere-des-faluns","status":"publish","type":"page","link":"http:\/\/www.lucie-lom.fr\/site\/le-mystere-des-faluns\/","title":{"rendered":"Le myst\u00e8re des faluns"},"content":{"rendered":"<h2><span style=\"color: #ffffff;\">.<\/span><\/h2>\n<h2><span style=\"color: #ffffff;\">.<\/span><\/h2>\n<p><span style=\"color: #ffffff;\">.<\/span><\/p>\n<h2><strong>LE MYST\u00c8RE DES FALUNS, 10 millions d&rsquo;ann\u00e9es sous terre<br \/>\n<\/strong><\/h2>\n<p>&nbsp;<\/p>\n<h2><\/h2>\n<h2><strong>Parcours sc\u00e9nographi\u00e9 p\u00e9renne \u2013 Les Perri\u00e8res, Dou\u00e9-la-Fontaine (49) \u2013 2014 \u00e0 aujourd&rsquo;hui<\/strong><\/h2>\n<p>&nbsp;<\/p>\n<p>Dans le labyrinthe des caves d\u2019extraction de falun du site des Perri\u00e8res, le public d\u00e9couvre la sc\u00e9nographie que nous ont inspir\u00e9 ces lieux magnifiques.<br \/>\nQuand l\u2019histoire, la science, la po\u00e9sie et le r\u00eave se rejoignent en un voyage extraordinaire\u2026Comme dans une lente plong\u00e9e en apn\u00e9e dans les galeries iris\u00e9es de bleu, parcourues de la pulsation tr\u00e8s ample de la musique de Patrice Grupallo, nous serons poisson entre les algues, esquiverons les requins, et explorerons tel Jonas, les entrailles d\u2018une baleine. Puis guid\u00e9s par des constellations de fossiles luminescents nous irons \u00e0 la rencontre des carriers qui, en extrayant la pierre de falun, nous laiss\u00e8rent en h\u00e9ritage ces galeries extraordinaires.<\/p>\n<p><span style=\"color: #ffffff;\">.<\/span><\/p>\n<p><img loading=\"lazy\" decoding=\"async\" class=\"alignnone size-full wp-image-2039\" src=\"http:\/\/www.lucie-lom.fr\/site\/wp-content\/uploads\/2016\/06\/myste\u0300re-des-faluns1.jpg\" alt=\"myste\u0300re des faluns1\" width=\"900\" height=\"1348\" srcset=\"http:\/\/www.lucie-lom.fr\/site\/wp-content\/uploads\/2016\/06\/myste\u0300re-des-faluns1.jpg 900w, http:\/\/www.lucie-lom.fr\/site\/wp-content\/uploads\/2016\/06\/myste\u0300re-des-faluns1-200x300.jpg 200w, http:\/\/www.lucie-lom.fr\/site\/wp-content\/uploads\/2016\/06\/myste\u0300re-des-faluns1-768x1150.jpg 768w, http:\/\/www.lucie-lom.fr\/site\/wp-content\/uploads\/2016\/06\/myste\u0300re-des-faluns1-684x1024.jpg 684w\" sizes=\"auto, (max-width: 900px) 100vw, 900px\" \/> <img loading=\"lazy\" decoding=\"async\" class=\"alignnone size-full wp-image-2040\" src=\"http:\/\/www.lucie-lom.fr\/site\/wp-content\/uploads\/2016\/06\/myste\u0300re-des-faluns2.jpg\" alt=\"myste\u0300re des faluns2\" width=\"900\" height=\"1348\" srcset=\"http:\/\/www.lucie-lom.fr\/site\/wp-content\/uploads\/2016\/06\/myste\u0300re-des-faluns2.jpg 900w, http:\/\/www.lucie-lom.fr\/site\/wp-content\/uploads\/2016\/06\/myste\u0300re-des-faluns2-200x300.jpg 200w, http:\/\/www.lucie-lom.fr\/site\/wp-content\/uploads\/2016\/06\/myste\u0300re-des-faluns2-768x1150.jpg 768w, http:\/\/www.lucie-lom.fr\/site\/wp-content\/uploads\/2016\/06\/myste\u0300re-des-faluns2-684x1024.jpg 684w\" sizes=\"auto, (max-width: 900px) 100vw, 900px\" \/> <img loading=\"lazy\" decoding=\"async\" class=\"alignnone size-full wp-image-2522\" src=\"http:\/\/www.lucie-lom.fr\/site\/wp-content\/uploads\/2022\/03\/theatresmarins1.jpg\" alt=\"theatresmarins1\" width=\"900\" height=\"600\" srcset=\"http:\/\/www.lucie-lom.fr\/site\/wp-content\/uploads\/2022\/03\/theatresmarins1.jpg 900w, http:\/\/www.lucie-lom.fr\/site\/wp-content\/uploads\/2022\/03\/theatresmarins1-300x200.jpg 300w, http:\/\/www.lucie-lom.fr\/site\/wp-content\/uploads\/2022\/03\/theatresmarins1-768x512.jpg 768w, http:\/\/www.lucie-lom.fr\/site\/wp-content\/uploads\/2022\/03\/theatresmarins1-450x300.jpg 450w\" sizes=\"auto, (max-width: 900px) 100vw, 900px\" \/> <img loading=\"lazy\" decoding=\"async\" class=\"alignnone size-full wp-image-2043\" src=\"http:\/\/www.lucie-lom.fr\/site\/wp-content\/uploads\/2016\/06\/myste\u0300re-des-faluns5.jpg\" alt=\"myste\u0300re des faluns5\" width=\"900\" height=\"599\" srcset=\"http:\/\/www.lucie-lom.fr\/site\/wp-content\/uploads\/2016\/06\/myste\u0300re-des-faluns5.jpg 900w, http:\/\/www.lucie-lom.fr\/site\/wp-content\/uploads\/2016\/06\/myste\u0300re-des-faluns5-300x200.jpg 300w, http:\/\/www.lucie-lom.fr\/site\/wp-content\/uploads\/2016\/06\/myste\u0300re-des-faluns5-768x511.jpg 768w, http:\/\/www.lucie-lom.fr\/site\/wp-content\/uploads\/2016\/06\/myste\u0300re-des-faluns5-451x300.jpg 451w\" sizes=\"auto, (max-width: 900px) 100vw, 900px\" \/> <img loading=\"lazy\" decoding=\"async\" class=\"alignnone size-full wp-image-2042\" src=\"http:\/\/www.lucie-lom.fr\/site\/wp-content\/uploads\/2016\/06\/myste\u0300re-des-faluns4.jpg\" alt=\"myste\u0300re des faluns4\" width=\"900\" height=\"598\" srcset=\"http:\/\/www.lucie-lom.fr\/site\/wp-content\/uploads\/2016\/06\/myste\u0300re-des-faluns4.jpg 900w, http:\/\/www.lucie-lom.fr\/site\/wp-content\/uploads\/2016\/06\/myste\u0300re-des-faluns4-300x199.jpg 300w, http:\/\/www.lucie-lom.fr\/site\/wp-content\/uploads\/2016\/06\/myste\u0300re-des-faluns4-768x510.jpg 768w, http:\/\/www.lucie-lom.fr\/site\/wp-content\/uploads\/2016\/06\/myste\u0300re-des-faluns4-452x300.jpg 452w\" sizes=\"auto, (max-width: 900px) 100vw, 900px\" \/> <img loading=\"lazy\" decoding=\"async\" class=\"alignnone size-full wp-image-2044\" src=\"http:\/\/www.lucie-lom.fr\/site\/wp-content\/uploads\/2016\/06\/myste\u0300re-des-faluns6.jpg\" alt=\"myste\u0300re des faluns6\" width=\"900\" height=\"598\" srcset=\"http:\/\/www.lucie-lom.fr\/site\/wp-content\/uploads\/2016\/06\/myste\u0300re-des-faluns6.jpg 900w, http:\/\/www.lucie-lom.fr\/site\/wp-content\/uploads\/2016\/06\/myste\u0300re-des-faluns6-300x199.jpg 300w, http:\/\/www.lucie-lom.fr\/site\/wp-content\/uploads\/2016\/06\/myste\u0300re-des-faluns6-768x510.jpg 768w, http:\/\/www.lucie-lom.fr\/site\/wp-content\/uploads\/2016\/06\/myste\u0300re-des-faluns6-452x300.jpg 452w\" sizes=\"auto, (max-width: 900px) 100vw, 900px\" \/> <img loading=\"lazy\" decoding=\"async\" class=\"alignnone size-full wp-image-2046\" src=\"http:\/\/www.lucie-lom.fr\/site\/wp-content\/uploads\/2016\/06\/myste\u0300re-des-faluns8.jpg\" alt=\"myste\u0300re des faluns8\" width=\"900\" height=\"390\" srcset=\"http:\/\/www.lucie-lom.fr\/site\/wp-content\/uploads\/2016\/06\/myste\u0300re-des-faluns8.jpg 900w, http:\/\/www.lucie-lom.fr\/site\/wp-content\/uploads\/2016\/06\/myste\u0300re-des-faluns8-300x130.jpg 300w, http:\/\/www.lucie-lom.fr\/site\/wp-content\/uploads\/2016\/06\/myste\u0300re-des-faluns8-768x333.jpg 768w, http:\/\/www.lucie-lom.fr\/site\/wp-content\/uploads\/2016\/06\/myste\u0300re-des-faluns8-500x217.jpg 500w\" sizes=\"auto, (max-width: 900px) 100vw, 900px\" \/> <img loading=\"lazy\" decoding=\"async\" class=\"alignnone size-full wp-image-2694\" src=\"http:\/\/www.lucie-lom.fr\/site\/wp-content\/uploads\/2024\/06\/Nouvel-espace-Mystere-des-Faluns\u00a9Pascal-Girault.jpg\" alt=\"Nouvel-espace-Mystere-des-Faluns\u00a9Pascal Girault\" width=\"900\" height=\"508\" srcset=\"http:\/\/www.lucie-lom.fr\/site\/wp-content\/uploads\/2024\/06\/Nouvel-espace-Mystere-des-Faluns\u00a9Pascal-Girault.jpg 900w, http:\/\/www.lucie-lom.fr\/site\/wp-content\/uploads\/2024\/06\/Nouvel-espace-Mystere-des-Faluns\u00a9Pascal-Girault-300x169.jpg 300w, http:\/\/www.lucie-lom.fr\/site\/wp-content\/uploads\/2024\/06\/Nouvel-espace-Mystere-des-Faluns\u00a9Pascal-Girault-768x433.jpg 768w, http:\/\/www.lucie-lom.fr\/site\/wp-content\/uploads\/2024\/06\/Nouvel-espace-Mystere-des-Faluns\u00a9Pascal-Girault-500x282.jpg 500w\" sizes=\"auto, (max-width: 900px) 100vw, 900px\" \/> <img loading=\"lazy\" decoding=\"async\" class=\"alignnone size-full wp-image-2695\" src=\"http:\/\/www.lucie-lom.fr\/site\/wp-content\/uploads\/2024\/06\/du-fossile-a-la-pierre.png\" alt=\"du fossile a la pierre\" width=\"900\" height=\"1601\" srcset=\"http:\/\/www.lucie-lom.fr\/site\/wp-content\/uploads\/2024\/06\/du-fossile-a-la-pierre.png 900w, http:\/\/www.lucie-lom.fr\/site\/wp-content\/uploads\/2024\/06\/du-fossile-a-la-pierre-169x300.png 169w, http:\/\/www.lucie-lom.fr\/site\/wp-content\/uploads\/2024\/06\/du-fossile-a-la-pierre-768x1366.png 768w, http:\/\/www.lucie-lom.fr\/site\/wp-content\/uploads\/2024\/06\/du-fossile-a-la-pierre-576x1024.png 576w\" sizes=\"auto, (max-width: 900px) 100vw, 900px\" \/><br \/>\nSc\u00e9nographie : Lucie Lom<\/p>\n<p>Vid\u00e9ographies : Olivier Guillemain<\/p>\n<p>Musique : Patrice Gupallo<\/p>\n<p>Toutes les photographies sont de Jef Rabilllon sauf l&rsquo;avant derni\u00e8re qui est de Pascal Girault et la derni\u00e8re qui est un extrait de la vid\u00e9o d&rsquo;Olivier Guillemain<\/p>\n<p>&nbsp;<\/p>\n<p>&nbsp;<\/p>\n<p>&nbsp;<\/p>\n<p><span style=\"border-radius: 2px; text-indent: 20px; width: auto; padding: 0px 4px 0px 0px; text-align: center; font: bold 11px\/20px 'Helvetica Neue',Helvetica,sans-serif; color: #ffffff; background: #bd081c no-repeat scroll 3px 50% \/ 14px 14px; position: absolute; opacity: 1; z-index: 8675309; display: none; cursor: pointer;\">Enregistrer<\/span><\/p>\n<p><span style=\"border-radius: 2px; text-indent: 20px; width: auto; padding: 0px 4px 0px 0px; text-align: center; font: bold 11px\/20px 'Helvetica Neue',Helvetica,sans-serif; color: #ffffff; background: #bd081c no-repeat scroll 3px 50% \/ 14px 14px; position: absolute; opacity: 0.85; z-index: 8675309; display: none; cursor: pointer; top: 729px; left: 20px;\">Enregistrer<\/span><\/p>\n<p><span style=\"border-radius: 2px; text-indent: 20px; width: auto; padding: 0px 4px 0px 0px; text-align: center; font: bold 11px\/20px 'Helvetica Neue',Helvetica,sans-serif; color: #ffffff; background: #bd081c no-repeat scroll 3px 50% \/ 14px 14px; position: absolute; opacity: 1; z-index: 8675309; display: none; cursor: pointer;\">Enregistrer<\/span><\/p>\n<p><span style=\"border-radius: 2px; text-indent: 20px; width: auto; padding: 0px 4px 0px 0px; text-align: center; font: bold 11px\/20px 'Helvetica Neue',Helvetica,sans-serif; color: #ffffff; background: #bd081c no-repeat scroll 3px 50% \/ 14px 14px; position: absolute; opacity: 1; z-index: 8675309; display: none; cursor: pointer;\">Enregistrer<\/span><\/p>\n<p><span style=\"border-radius: 2px; text-indent: 20px; width: auto; padding: 0px 4px 0px 0px; text-align: center; font: bold 11px\/20px 'Helvetica Neue',Helvetica,sans-serif; color: #ffffff; background: #bd081c no-repeat scroll 3px 50% \/ 14px 14px; position: absolute; opacity: 1; z-index: 8675309; display: none; cursor: pointer;\">Enregistrer<\/span><\/p>\n<p><span style=\"border-radius: 2px; text-indent: 20px; width: auto; padding: 0px 4px 0px 0px; text-align: center; font: bold 11px\/20px 'Helvetica Neue',Helvetica,sans-serif; color: #ffffff; background: #bd081c no-repeat scroll 3px 50% \/ 14px 14px; position: absolute; opacity: 1; z-index: 8675309; display: none; cursor: pointer; top: 1560px; left: 20px;\">Enregistrer<\/span><\/p>\n<p><span style=\"border-radius: 2px; text-indent: 20px; width: auto; padding: 0px 4px 0px 0px; text-align: center; font: bold 11px\/20px 'Helvetica Neue',Helvetica,sans-serif; color: #ffffff; background: #bd081c no-repeat scroll 3px 50% \/ 14px 14px; position: absolute; opacity: 1; z-index: 8675309; display: none; cursor: pointer; top: 656px; left: 20px;\">Enregistrer<\/span><\/p>\n","protected":false},"excerpt":{"rendered":"<p>. . . LE MYST\u00c8RE DES FALUNS, 10 millions d&rsquo;ann\u00e9es sous terre &nbsp; Parcours sc\u00e9nographi\u00e9 p\u00e9renne \u2013 Les Perri\u00e8res, Dou\u00e9-la-Fontaine (49) \u2013 2014 \u00e0 aujourd&rsquo;hui &nbsp; Dans le labyrinthe des caves d\u2019extraction de falun du site des Perri\u00e8res, le public &hellip; <a href=\"http:\/\/www.lucie-lom.fr\/site\/le-mystere-des-faluns\/\">Lire la suite <span class=\"meta-nav\">&rarr;<\/span><\/a><\/p>\n","protected":false},"author":1,"featured_media":0,"parent":0,"menu_order":0,"comment_status":"closed","ping_status":"closed","template":"","meta":{"footnotes":""},"class_list":["post-2047","page","type-page","status-publish","hentry"],"_links":{"self":[{"href":"http:\/\/www.lucie-lom.fr\/site\/wp-json\/wp\/v2\/pages\/2047","targetHints":{"allow":["GET"]}}],"collection":[{"href":"http:\/\/www.lucie-lom.fr\/site\/wp-json\/wp\/v2\/pages"}],"about":[{"href":"http:\/\/www.lucie-lom.fr\/site\/wp-json\/wp\/v2\/types\/page"}],"author":[{"embeddable":true,"href":"http:\/\/www.lucie-lom.fr\/site\/wp-json\/wp\/v2\/users\/1"}],"replies":[{"embeddable":true,"href":"http:\/\/www.lucie-lom.fr\/site\/wp-json\/wp\/v2\/comments?post=2047"}],"version-history":[{"count":16,"href":"http:\/\/www.lucie-lom.fr\/site\/wp-json\/wp\/v2\/pages\/2047\/revisions"}],"predecessor-version":[{"id":2697,"href":"http:\/\/www.lucie-lom.fr\/site\/wp-json\/wp\/v2\/pages\/2047\/revisions\/2697"}],"wp:attachment":[{"href":"http:\/\/www.lucie-lom.fr\/site\/wp-json\/wp\/v2\/media?parent=2047"}],"curies":[{"name":"wp","href":"https:\/\/api.w.org\/{rel}","templated":true}]}}