{"id":203,"date":"2014-03-21T02:36:48","date_gmt":"2014-03-21T10:36:48","guid":{"rendered":"http:\/\/www.lucie-lom.fr\/?page_id=203"},"modified":"2023-07-04T12:08:18","modified_gmt":"2023-07-04T10:08:18","slug":"les-troncs-qui-parlent","status":"publish","type":"page","link":"http:\/\/www.lucie-lom.fr\/site\/installations-urbaines\/les-troncs-qui-parlent\/","title":{"rendered":"Les troncs qui parlent"},"content":{"rendered":"<p>&nbsp;<\/p>\n<p>&nbsp;<\/p>\n<p>&nbsp;<\/p>\n<h2><\/h2>\n<h2><strong>LES TRONCS QUI PARLENT \u00a0 \u00a0<\/strong><\/h2>\n<p>&nbsp;<br \/>\n1 % artistique pour la m\u00e9diath\u00e8que La Bulle, Maz\u00e9, architecture Atelier de la Maison Rouge &#8211; 2012<\/p>\n<div class=\"page\" title=\"Page 4\">\n<div class=\"section\">\n<div class=\"layoutArea\">\n<div class=\"column\">\n<p><img loading=\"lazy\" decoding=\"async\" class=\"wp-image-2615 size-full\" src=\"http:\/\/www.lucie-lom.fr\/site\/wp-content\/uploads\/2014\/03\/Lestroncsquiparlent.2013.maze_.web_.jpg\" width=\"900\" height=\"585\" srcset=\"http:\/\/www.lucie-lom.fr\/site\/wp-content\/uploads\/2014\/03\/Lestroncsquiparlent.2013.maze_.web_.jpg 900w, http:\/\/www.lucie-lom.fr\/site\/wp-content\/uploads\/2014\/03\/Lestroncsquiparlent.2013.maze_.web_-300x195.jpg 300w, http:\/\/www.lucie-lom.fr\/site\/wp-content\/uploads\/2014\/03\/Lestroncsquiparlent.2013.maze_.web_-768x499.jpg 768w, http:\/\/www.lucie-lom.fr\/site\/wp-content\/uploads\/2014\/03\/Lestroncsquiparlent.2013.maze_.web_-462x300.jpg 462w\" sizes=\"auto, (max-width: 900px) 100vw, 900px\" \/><\/p>\n<p><img loading=\"lazy\" decoding=\"async\" class=\"alignnone size-full wp-image-2239\" src=\"http:\/\/www.lucie-lom.fr\/site\/wp-content\/uploads\/2017\/10\/07-Maze\u0301-copie.jpg\" alt=\"\" width=\"900\" height=\"585\" srcset=\"http:\/\/www.lucie-lom.fr\/site\/wp-content\/uploads\/2017\/10\/07-Maze\u0301-copie.jpg 900w, http:\/\/www.lucie-lom.fr\/site\/wp-content\/uploads\/2017\/10\/07-Maze\u0301-copie-300x195.jpg 300w, http:\/\/www.lucie-lom.fr\/site\/wp-content\/uploads\/2017\/10\/07-Maze\u0301-copie-768x499.jpg 768w, http:\/\/www.lucie-lom.fr\/site\/wp-content\/uploads\/2017\/10\/07-Maze\u0301-copie-462x300.jpg 462w\" sizes=\"auto, (max-width: 900px) 100vw, 900px\" \/> <img loading=\"lazy\" decoding=\"async\" class=\"alignnone wp-image-2237 size-full\" src=\"http:\/\/www.lucie-lom.fr\/site\/wp-content\/uploads\/2017\/10\/01-Maze\u0301.jpg\" width=\"900\" height=\"526\" srcset=\"http:\/\/www.lucie-lom.fr\/site\/wp-content\/uploads\/2017\/10\/01-Maze\u0301.jpg 900w, http:\/\/www.lucie-lom.fr\/site\/wp-content\/uploads\/2017\/10\/01-Maze\u0301-300x175.jpg 300w, http:\/\/www.lucie-lom.fr\/site\/wp-content\/uploads\/2017\/10\/01-Maze\u0301-768x449.jpg 768w, http:\/\/www.lucie-lom.fr\/site\/wp-content\/uploads\/2017\/10\/01-Maze\u0301-500x292.jpg 500w\" sizes=\"auto, (max-width: 900px) 100vw, 900px\" \/><\/p>\n<p style=\"text-align: center;\">\u00a0\u00a0\u00a0 <span style=\"color: #888888;\"><em>Photographies\u00a0: Jef Rabillon et Service communication de la Ville de Maz\u00e9<\/em><\/span><\/p>\n<p><span style=\"border-radius: 2px; text-indent: 20px; width: auto; padding: 0px 4px 0px 0px; text-align: center; font: bold 11px\/20px 'Helvetica Neue',Helvetica,sans-serif; color: #ffffff; background: #bd081c no-repeat scroll 3px 50% \/ 14px 14px; position: absolute; opacity: 1; z-index: 8675309; display: none; cursor: pointer; top: 336px; left: 20px;\">Enregistrer<\/span><\/p>\n","protected":false},"excerpt":{"rendered":"<p>&nbsp; &nbsp; &nbsp; LES TRONCS QUI PARLENT \u00a0 \u00a0 &nbsp; 1 % artistique pour la m\u00e9diath\u00e8que La Bulle, Maz\u00e9, architecture Atelier de la Maison Rouge &#8211; 2012 \u00a0\u00a0\u00a0 Photographies\u00a0: Jef Rabillon et Service communication de la Ville de Maz\u00e9 Enregistrer<\/p>\n","protected":false},"author":1,"featured_media":0,"parent":11,"menu_order":2,"comment_status":"closed","ping_status":"open","template":"showcase.php","meta":{"footnotes":""},"class_list":["post-203","page","type-page","status-publish","hentry"],"_links":{"self":[{"href":"http:\/\/www.lucie-lom.fr\/site\/wp-json\/wp\/v2\/pages\/203","targetHints":{"allow":["GET"]}}],"collection":[{"href":"http:\/\/www.lucie-lom.fr\/site\/wp-json\/wp\/v2\/pages"}],"about":[{"href":"http:\/\/www.lucie-lom.fr\/site\/wp-json\/wp\/v2\/types\/page"}],"author":[{"embeddable":true,"href":"http:\/\/www.lucie-lom.fr\/site\/wp-json\/wp\/v2\/users\/1"}],"replies":[{"embeddable":true,"href":"http:\/\/www.lucie-lom.fr\/site\/wp-json\/wp\/v2\/comments?post=203"}],"version-history":[{"count":15,"href":"http:\/\/www.lucie-lom.fr\/site\/wp-json\/wp\/v2\/pages\/203\/revisions"}],"predecessor-version":[{"id":2617,"href":"http:\/\/www.lucie-lom.fr\/site\/wp-json\/wp\/v2\/pages\/203\/revisions\/2617"}],"up":[{"embeddable":true,"href":"http:\/\/www.lucie-lom.fr\/site\/wp-json\/wp\/v2\/pages\/11"}],"wp:attachment":[{"href":"http:\/\/www.lucie-lom.fr\/site\/wp-json\/wp\/v2\/media?parent=203"}],"curies":[{"name":"wp","href":"https:\/\/api.w.org\/{rel}","templated":true}]}}