{"id":1952,"date":"2016-06-17T17:07:11","date_gmt":"2016-06-17T15:07:11","guid":{"rendered":"http:\/\/www.lucie-lom.fr\/site\/?page_id=1952"},"modified":"2023-07-04T15:41:51","modified_gmt":"2023-07-04T13:41:51","slug":"1952-2","status":"publish","type":"page","link":"http:\/\/www.lucie-lom.fr\/site\/1952-2\/","title":{"rendered":"L&rsquo;ouvre 9"},"content":{"rendered":"<h2><span style=\"color: #ffffff;\">.<\/span><\/h2>\n<h2><span style=\"color: #ffffff;\">.<\/span><\/h2>\n<h2><span style=\"color: #ffffff;\">.<\/span><\/h2>\n<h2><span style=\"color: #ffffff;\">.<\/span><\/h2>\n<h2><span style=\"color: #ffffff;\">.<\/span><\/h2>\n<h2><span style=\"color: #ffffff;\">.<\/span><strong>L&rsquo;OUVRE 9<br \/>\n<\/strong><\/h2>\n<p style=\"text-align: justify;\"><strong>Le Louvre en r\u00e9cits dessin\u00e9s \u2013\u00a0Montue Museum, Taipei, Ta\u00efwan, 2015 \u2013 conception de la sc\u00e9nographie Lucie Lom \u2013 ex\u00e9cution de la sc\u00e9nographie Noiz architects \u2013 commissariat Fabrice Douar<\/strong><\/p>\n<p style=\"text-align: left;\">Cette exposition pr\u00e9sente une r\u00e9trospective des \u0153uvres d\u2019auteurs de bandes dessin\u00e9es ayant r\u00e9alis\u00e9 des r\u00e9cits autour du Mus\u00e9e du Louvre. Sur 3 niveaux, un leporello g\u00e9ant chahute l\u2019ordonnancement des espaces et guide le visiteur dans sa d\u00e9couverte du Grand Louvre \u00abgreff\u00e9\u00bb pour l\u2019occasion dans ce mus\u00e9e tr\u00e8s contemporain. Outre les encadrements classiques, les \u0153uvres originales sont aussi pr\u00e9sent\u00e9es sur le leporello.<br \/>\nDe grandes reproductions imprim\u00e9es sur des voilages transparents font dialoguer entre elles les \u0153uvres de bandes dessin\u00e9es et celles du Louvre, tout en pr\u00e9servant les lumi\u00e8res naturelles et les images de la ville provenant de l\u2019ext\u00e9rieur.<\/p>\n<p><span style=\"color: #ffffff;\">.<\/span><\/p>\n<p style=\"text-align: justify;\"><img loading=\"lazy\" decoding=\"async\" class=\"size-full wp-image-1737 alignnone\" src=\"http:\/\/www.lucie-lom.fr\/site\/wp-content\/uploads\/2016\/05\/LOuvre-9-Lucie-Lom2.jpg\" alt=\"L'Ouvre 9 Lucie Lom2\" width=\"900\" height=\"601\" srcset=\"http:\/\/www.lucie-lom.fr\/site\/wp-content\/uploads\/2016\/05\/LOuvre-9-Lucie-Lom2.jpg 900w, http:\/\/www.lucie-lom.fr\/site\/wp-content\/uploads\/2016\/05\/LOuvre-9-Lucie-Lom2-300x200.jpg 300w, http:\/\/www.lucie-lom.fr\/site\/wp-content\/uploads\/2016\/05\/LOuvre-9-Lucie-Lom2-600x400.jpg 600w, http:\/\/www.lucie-lom.fr\/site\/wp-content\/uploads\/2016\/05\/LOuvre-9-Lucie-Lom2-449x300.jpg 449w\" sizes=\"auto, (max-width: 900px) 100vw, 900px\" \/> <img loading=\"lazy\" decoding=\"async\" class=\"size-full wp-image-1731 alignnone\" src=\"http:\/\/www.lucie-lom.fr\/site\/wp-content\/uploads\/2016\/05\/LOuvre-9-Lucie-Lom3.jpg\" alt=\"Louvre\" width=\"900\" height=\"599\" srcset=\"http:\/\/www.lucie-lom.fr\/site\/wp-content\/uploads\/2016\/05\/LOuvre-9-Lucie-Lom3.jpg 900w, http:\/\/www.lucie-lom.fr\/site\/wp-content\/uploads\/2016\/05\/LOuvre-9-Lucie-Lom3-300x199.jpg 300w, http:\/\/www.lucie-lom.fr\/site\/wp-content\/uploads\/2016\/05\/LOuvre-9-Lucie-Lom3-600x399.jpg 600w, http:\/\/www.lucie-lom.fr\/site\/wp-content\/uploads\/2016\/05\/LOuvre-9-Lucie-Lom3-450x300.jpg 450w\" sizes=\"auto, (max-width: 900px) 100vw, 900px\" \/> <img loading=\"lazy\" decoding=\"async\" class=\"size-full wp-image-1729 alignnone\" src=\"http:\/\/www.lucie-lom.fr\/site\/wp-content\/uploads\/2016\/05\/LOuvre-9-Lucie-Lom1.jpg\" alt=\"L'Ouvre 9 Lucie Lom1\" width=\"900\" height=\"598\" srcset=\"http:\/\/www.lucie-lom.fr\/site\/wp-content\/uploads\/2016\/05\/LOuvre-9-Lucie-Lom1.jpg 900w, http:\/\/www.lucie-lom.fr\/site\/wp-content\/uploads\/2016\/05\/LOuvre-9-Lucie-Lom1-300x199.jpg 300w, http:\/\/www.lucie-lom.fr\/site\/wp-content\/uploads\/2016\/05\/LOuvre-9-Lucie-Lom1-600x398.jpg 600w, http:\/\/www.lucie-lom.fr\/site\/wp-content\/uploads\/2016\/05\/LOuvre-9-Lucie-Lom1-451x300.jpg 451w\" sizes=\"auto, (max-width: 900px) 100vw, 900px\" \/><img loading=\"lazy\" decoding=\"async\" class=\"alignnone size-full wp-image-1966\" src=\"http:\/\/www.lucie-lom.fr\/site\/wp-content\/uploads\/2016\/06\/Louvre9montue.jpg\" alt=\"L'ouvre9montue\" width=\"900\" height=\"1033\" srcset=\"http:\/\/www.lucie-lom.fr\/site\/wp-content\/uploads\/2016\/06\/Louvre9montue.jpg 900w, http:\/\/www.lucie-lom.fr\/site\/wp-content\/uploads\/2016\/06\/Louvre9montue-261x300.jpg 261w, http:\/\/www.lucie-lom.fr\/site\/wp-content\/uploads\/2016\/06\/Louvre9montue-768x881.jpg 768w, http:\/\/www.lucie-lom.fr\/site\/wp-content\/uploads\/2016\/06\/Louvre9montue-892x1024.jpg 892w\" sizes=\"auto, (max-width: 900px) 100vw, 900px\" \/> <img loading=\"lazy\" decoding=\"async\" class=\"alignnone size-full wp-image-1968\" src=\"http:\/\/www.lucie-lom.fr\/site\/wp-content\/uploads\/2016\/06\/Louvre9montue2.jpg\" alt=\"L'ouvre9montue2\" width=\"900\" height=\"599\" srcset=\"http:\/\/www.lucie-lom.fr\/site\/wp-content\/uploads\/2016\/06\/Louvre9montue2.jpg 900w, http:\/\/www.lucie-lom.fr\/site\/wp-content\/uploads\/2016\/06\/Louvre9montue2-300x200.jpg 300w, http:\/\/www.lucie-lom.fr\/site\/wp-content\/uploads\/2016\/06\/Louvre9montue2-768x511.jpg 768w, http:\/\/www.lucie-lom.fr\/site\/wp-content\/uploads\/2016\/06\/Louvre9montue2-451x300.jpg 451w\" sizes=\"auto, (max-width: 900px) 100vw, 900px\" \/> <img loading=\"lazy\" decoding=\"async\" class=\"alignnone size-full wp-image-1967\" src=\"http:\/\/www.lucie-lom.fr\/site\/wp-content\/uploads\/2016\/06\/Louvre9montue1.jpg\" alt=\"L'ouvre9montue1\" width=\"900\" height=\"600\" srcset=\"http:\/\/www.lucie-lom.fr\/site\/wp-content\/uploads\/2016\/06\/Louvre9montue1.jpg 900w, http:\/\/www.lucie-lom.fr\/site\/wp-content\/uploads\/2016\/06\/Louvre9montue1-300x200.jpg 300w, http:\/\/www.lucie-lom.fr\/site\/wp-content\/uploads\/2016\/06\/Louvre9montue1-768x512.jpg 768w, http:\/\/www.lucie-lom.fr\/site\/wp-content\/uploads\/2016\/06\/Louvre9montue1-450x300.jpg 450w\" sizes=\"auto, (max-width: 900px) 100vw, 900px\" \/><\/p>\n<p><span style=\"border-radius: 2px; text-indent: 20px; width: auto; padding: 0px 4px 0px 0px; text-align: center; font: bold 11px\/20px 'Helvetica Neue',Helvetica,sans-serif; color: #ffffff; background: #bd081c no-repeat scroll 3px 50% \/ 14px 14px; position: absolute; opacity: 1; z-index: 8675309; display: none; cursor: pointer;\">Enregistrer<\/span><\/p>\n<p><span style=\"border-radius: 2px; text-indent: 20px; width: auto; padding: 0px 4px 0px 0px; text-align: center; font: bold 11px\/20px 'Helvetica Neue',Helvetica,sans-serif; color: #ffffff; background: #bd081c no-repeat scroll 3px 50% \/ 14px 14px; position: absolute; opacity: 0.85; z-index: 8675309; display: none; cursor: pointer; top: 651px; left: 20px;\">Enregistrer<\/span><\/p>\n<p><span style=\"border-radius: 2px; text-indent: 20px; width: auto; padding: 0px 4px 0px 0px; text-align: center; font: bold 11px\/20px 'Helvetica Neue',Helvetica,sans-serif; color: #ffffff; background: #bd081c no-repeat scroll 3px 50% \/ 14px 14px; position: absolute; opacity: 0.85; z-index: 8675309; display: none; cursor: pointer; top: 669px; left: 20px;\">Enregistrer<\/span><\/p>\n<p><span style=\"border-radius: 2px; text-indent: 20px; width: auto; padding: 0px 4px 0px 0px; text-align: center; font: bold 11px\/20px 'Helvetica Neue',Helvetica,sans-serif; color: #ffffff; background: #bd081c no-repeat scroll 3px 50% \/ 14px 14px; position: absolute; opacity: 1; z-index: 8675309; display: none; cursor: pointer;\">Enregistrer<\/span><\/p>\n<p><span style=\"border-radius: 2px; text-indent: 20px; width: auto; padding: 0px 4px 0px 0px; text-align: center; font: bold 11px\/20px 'Helvetica Neue',Helvetica,sans-serif; color: #ffffff; background: #bd081c no-repeat scroll 3px 50% \/ 14px 14px; position: absolute; opacity: 1; z-index: 8675309; display: none; cursor: pointer;\">Enregistrer<\/span><\/p>\n<p><span style=\"border-radius: 2px; text-indent: 20px; width: auto; padding: 0px 4px 0px 0px; text-align: center; font: bold 11px\/20px 'Helvetica Neue',Helvetica,sans-serif; color: #ffffff; background: #bd081c no-repeat scroll 3px 50% \/ 14px 14px; position: absolute; opacity: 0.85; z-index: 8675309; display: none; cursor: pointer; top: 651px; left: 20px;\">Enregistrer<\/span><\/p>\n<p><span style=\"border-radius: 2px; text-indent: 20px; width: auto; padding: 0px 4px 0px 0px; text-align: center; font: bold 11px\/20px 'Helvetica Neue',Helvetica,sans-serif; color: #ffffff; background: #bd081c no-repeat scroll 3px 50% \/ 14px 14px; position: absolute; opacity: 0.85; z-index: 8675309; display: none; cursor: pointer; top: 651px; left: 20px;\">Enregistrer<\/span><\/p>\n<p><span style=\"border-radius: 2px; text-indent: 20px; width: auto; padding: 0px 4px 0px 0px; text-align: center; font: bold 11px\/20px 'Helvetica Neue',Helvetica,sans-serif; color: #ffffff; background: #bd081c no-repeat scroll 3px 50% \/ 14px 14px; position: absolute; opacity: 0.85; z-index: 8675309; display: none; cursor: pointer; top: 1500px; left: 20px;\">Enregistrer<\/span><\/p>\n<p><span style=\"border-radius: 2px; text-indent: 20px; width: auto; padding: 0px 4px 0px 0px; text-align: center; font: bold 11px\/20px 'Helvetica Neue',Helvetica,sans-serif; color: #ffffff; background: #bd081c no-repeat scroll 3px 50% \/ 14px 14px; position: absolute; opacity: 1; z-index: 8675309; display: none; cursor: pointer;\">Enregistrer<\/span><\/p>\n<p><span style=\"border-radius: 2px; text-indent: 20px; width: auto; padding: 0px 4px 0px 0px; text-align: center; font: bold 11px\/20px 'Helvetica Neue',Helvetica,sans-serif; color: #ffffff; background: #bd081c no-repeat scroll 3px 50% \/ 14px 14px; position: absolute; opacity: 1; z-index: 8675309; display: none; cursor: pointer;\">Enregistrer<\/span><\/p>\n<p><span style=\"border-radius: 2px; text-indent: 20px; width: auto; padding: 0px 4px 0px 0px; text-align: center; font: bold 11px\/20px 'Helvetica Neue',Helvetica,sans-serif; color: #ffffff; background: #bd081c no-repeat scroll 3px 50% \/ 14px 14px; position: absolute; opacity: 1; z-index: 8675309; display: none; cursor: pointer;\">Enregistrer<\/span><\/p>\n<p><span style=\"border-radius: 2px; text-indent: 20px; width: auto; padding: 0px 4px 0px 0px; text-align: center; font: bold 11px\/20px 'Helvetica Neue',Helvetica,sans-serif; color: #ffffff; background: #bd081c no-repeat scroll 3px 50% \/ 14px 14px; position: absolute; opacity: 1; z-index: 8675309; display: none; cursor: pointer;\">Enregistrer<\/span><\/p>\n","protected":false},"excerpt":{"rendered":"<p>. . . . . .L&rsquo;OUVRE 9 Le Louvre en r\u00e9cits dessin\u00e9s \u2013\u00a0Montue Museum, Taipei, Ta\u00efwan, 2015 \u2013 conception de la sc\u00e9nographie Lucie Lom \u2013 ex\u00e9cution de la sc\u00e9nographie Noiz architects \u2013 commissariat Fabrice Douar Cette exposition pr\u00e9sente une r\u00e9trospective &hellip; <a href=\"http:\/\/www.lucie-lom.fr\/site\/1952-2\/\">Lire la suite <span class=\"meta-nav\">&rarr;<\/span><\/a><\/p>\n","protected":false},"author":1,"featured_media":0,"parent":0,"menu_order":0,"comment_status":"closed","ping_status":"closed","template":"","meta":{"footnotes":""},"class_list":["post-1952","page","type-page","status-publish","hentry"],"_links":{"self":[{"href":"http:\/\/www.lucie-lom.fr\/site\/wp-json\/wp\/v2\/pages\/1952","targetHints":{"allow":["GET"]}}],"collection":[{"href":"http:\/\/www.lucie-lom.fr\/site\/wp-json\/wp\/v2\/pages"}],"about":[{"href":"http:\/\/www.lucie-lom.fr\/site\/wp-json\/wp\/v2\/types\/page"}],"author":[{"embeddable":true,"href":"http:\/\/www.lucie-lom.fr\/site\/wp-json\/wp\/v2\/users\/1"}],"replies":[{"embeddable":true,"href":"http:\/\/www.lucie-lom.fr\/site\/wp-json\/wp\/v2\/comments?post=1952"}],"version-history":[{"count":15,"href":"http:\/\/www.lucie-lom.fr\/site\/wp-json\/wp\/v2\/pages\/1952\/revisions"}],"predecessor-version":[{"id":2665,"href":"http:\/\/www.lucie-lom.fr\/site\/wp-json\/wp\/v2\/pages\/1952\/revisions\/2665"}],"wp:attachment":[{"href":"http:\/\/www.lucie-lom.fr\/site\/wp-json\/wp\/v2\/media?parent=1952"}],"curies":[{"name":"wp","href":"https:\/\/api.w.org\/{rel}","templated":true}]}}