{"id":195,"date":"2014-03-20T20:45:56","date_gmt":"2014-03-20T19:45:56","guid":{"rendered":"http:\/\/www.lucie-lom.fr\/?page_id=195"},"modified":"2024-12-18T17:51:11","modified_gmt":"2024-12-18T16:51:11","slug":"installations-urbaines","status":"publish","type":"page","link":"http:\/\/www.lucie-lom.fr\/site\/archives\/installations-urbaines\/","title":{"rendered":"Installations immersives et urbaines"},"content":{"rendered":"<p>&nbsp;<\/p>\n<p>&nbsp;<\/p>\n<p><strong>ARCHIVES \/ installations immersives et installations urbaines<br \/>\n<\/strong><\/p>\n<p><strong><strong>PROFONDEURS<br \/>\n<\/strong><\/strong>Une installation immersive<br \/>\nColl\u00e9giale Saint-Martin \u00e0 Angers 2024-2025<\/p>\n<p><strong>LE FORT IMMERG\u00c9<\/strong><br \/>\nParcours immersif dans les fonds marins des pertuis \u2013 sc\u00e9nographie p\u00e9renne<br \/>\nFort Li\u00e9dot, \u00eele d\u2019Aix (33) &#8211; 2024<strong><strong><br \/>\n<\/strong><\/strong><\/p>\n<p><strong><strong>LE MYST\u00c8RE DES FALUNS<br \/>\n<\/strong><\/strong>Parcours immersif p\u00e9renne<br \/>\nDou\u00e9 la Fontaine &#8211; 2014-2024<strong><strong><strong><strong><br \/>\n<\/strong><\/strong><br \/>\nL\u2019AIGRETTE<br \/>\n<\/strong><\/strong>\u0152uvre p\u00e9renne en bord de Loire \u2013 Dans le cadre du fil artistique paysager Loire Layon Aubance &#8211; Port de la Possonni\u00e8re 2023<br \/>\n<strong><strong><br \/>\nDANS L&rsquo;ENCRE DES R\u00caVES<br \/>\n<\/strong><\/strong>Installation immersive &#8211;<br \/>\nCh\u00e2teau de Ch\u00e2teaubriant &#8211; 2022 &#8211; 2024<strong><strong><br \/>\n<\/strong><\/strong><strong><strong><br \/>\nLA CLAIRI\u00c8RE ENVISAG\u00c9E<br \/>\n<\/strong><\/strong>Installation immersive<br \/>\nBetton &#8211; 2022<\/p>\n<p><strong>L\u2019ARBORESCENCE DES R\u00caVES<\/strong><br \/>\nInstallation dans le paysage &#8211;<br \/>\nCh\u00e2teau de Laval &#8211; 2021<\/p>\n<p><strong>CANNONADES PO\u00c9TIQUES<\/strong><br \/>\n\u0152uvre urbaine p\u00e9renne\u00a0 &#8211;<br \/>\nRochefort-sur-mer &#8211; 2020<\/p>\n<p><strong>SYLVA<\/strong><br \/>\nInstallation immersive<br \/>\nColl\u00e9giale Saint-Martin, Angers &#8211; 2020<\/p>\n<p><strong>LA CAVE DE LA SIBYLLE<\/strong><br \/>\nParcours immersif p\u00e9renne<br \/>\nPanzoult &#8211; 2019<\/p>\n<p><strong>LES R\u00caVEURS ET LA PIERRE TREMBLANTE<\/strong><br \/>\nInstallation dans le paysage<br \/>\nCheix-en-Retz &#8211; 2018<\/p>\n<p><strong>DANS LES BRAS DE LA FOR\u00caT<\/strong><br \/>\nInstallation immersive &#8211;<br \/>\nMaison du parc r\u00e9gional de Montsoreau &#8211; 2018<\/p>\n<p><strong>PARMI-NOUS<\/strong><br \/>\nInstallation urbaine &#8211; Centenaire de la bataille de la Somme<br \/>\nAmiens &#8211; 2016 \/ 2017 \/ 2018<strong><strong><br \/>\n<\/strong><\/strong><\/p>\n<p><strong><strong>SYLVA<br \/>\n<\/strong><\/strong>Installation immersive &#8211;<br \/>\nSt Martin-de-R\u00e9 &#8211; 2017<strong><strong><br \/>\n<\/strong><\/strong><\/p>\n<p><strong><strong>L\u2019ARBRE A R\u00caVES<br \/>\n<\/strong><\/strong>Installation dans le paysage &#8211;<br \/>\nOrl\u00e9ans &#8211; 2017<\/p>\n<p><strong>ICI \/ AILLEURS<\/strong><br \/>\nInstallation urbaine &#8211;<br \/>\nClermont-Ferrand &#8211; 2017<\/p>\n<p><strong>LES R\u00caVEURS<\/strong><br \/>\nInstallation<br \/>\nCh\u00e2teau de Saumur &#8211; 2015<\/p>\n<p><strong>S.E.N.S<\/strong><br \/>\nInstallation immersive<br \/>\nLiFE, Saint-Nazaire &#8211; 2015<\/p>\n<p><strong><strong><br \/>\nLES R\u00caVEURS<\/strong><br \/>\n<\/strong>Milton Keynes (Grande Bretagne) &#8211; 2014<\/p>\n<p><strong>LE MUS\u00c9E REVISITE<\/strong><br \/>\n<em>Installations pour l&rsquo;anniversaire des mus\u00e9es d&rsquo;Angers<\/em><br \/>\nMus\u00e9es des Beaux-Arts, Angers &#8211; 2014<\/p>\n<p><strong>LE MYST\u00c8RE DES FALUNS<\/strong><br \/>\n<em>Parcours souterrain dans les carri\u00e8res de falun<\/em><br \/>\nLes Perri\u00e8res, Dou\u00e9-la-Fontaine &#8211; 2014<\/p>\n<p><strong>LES R\u00caVEURS<\/strong><br \/>\nCh\u00e2teau de Nantes &#8211; 2013<\/p>\n<p><strong>LES R\u00caVEURS<\/strong><br \/>\n<em>Installation \u00ab R\u00eaves-Fronti\u00e8res \u00bb pour le festival Nord Magnetic<\/em><br \/>\nHazebrouck, Bailleul &#8211; 2013<\/p>\n<p><strong>LES R\u00caVEURS<\/strong><br \/>\nSt-S\u00e9bastien-sur-Loire &#8211; 2012<\/p>\n<p><strong>LE HAVRE D\u2019ALICE<\/strong><br \/>\n<em>Installation pour la manifestation La nuit d\u00e9tonnante<\/em><br \/>\nTourcoing &#8211; 2012<\/p>\n<p><strong>LES TRONCS QUI PARLENT<\/strong><br \/>\n<em>1 % artistique pour la m\u00e9diath\u00e8que La Bulle<\/em><br \/>\nMaz\u00e9 &#8211; 2012<\/p>\n<p><strong>LES R\u00caVEURS<\/strong><br \/>\nAngers &#8211; 2011<\/p>\n<p><strong>LES R\u00caVEURS<\/strong><br \/>\nFolelli, Corse &#8211; 2011<\/p>\n<p><strong>CARTE BLANCHE<\/strong><br \/>\n<em>Installation pour la manifestation Les Invites<\/em><br \/>\nVilleurbanne &#8211; 2011<\/p>\n<p><strong>LES R\u00caVEURS<\/strong><br \/>\n<em>Installation pour la manifestation La nuit d\u00e9tonnante<\/em><br \/>\nTourcoing &#8211; 2011<\/p>\n<p><strong>LES R\u00caVEURS<\/strong><br \/>\nNiort &#8211; 2010<\/p>\n<p><strong>LES R\u00caVEURS<\/strong><br \/>\nKatowice, Pologne &#8211; 2010<\/p>\n<p><strong>LA N\u00c9CROPOLE DES ANGES<\/strong><br \/>\n<em>Festival Les Accroche-c\u0153urs<\/em><br \/>\nAngers &#8211; 2009<\/p>\n<p><strong>LES R\u00caVEURS<\/strong><br \/>\nSaintes &#8211; 2008<\/p>\n<p><strong>B.L.O.B.<\/strong><br \/>\n<em>Festival Les Accroche-c\u0153urs<\/em><br \/>\nAngers &#8211; 2008<\/p>\n<p><strong>PHOT\u0152ILS<\/strong><br \/>\n<em>Installation pour la manifestation Aux heures d\u2019\u00e9t\u00e9<\/em><br \/>\nNantes &#8211; 2006<\/p>\n<p><strong>LA FOR\u00caT SUSPENDUE<\/strong><br \/>\n<em>Lille, capitale europ\u00e9enne de la Culture<\/em><br \/>\nRoubaix, Arras, Lille et Hellemmes &#8211; d\u00e9c. 2003 \/ sept. 2004<\/p>\n<p><strong>LES R\u00caVEURS<\/strong><br \/>\nManchester, Angleterre &#8211; 2002<\/p>\n<p><strong>LES R\u00caVEURS<\/strong><br \/>\nTours &#8211; 2002<\/p>\n<p><strong>LE PORT DU RALLIEMENT<\/strong><br \/>\n<em>Festival Les Accroche-c\u0153urs<\/em><br \/>\nAngers &#8211; 2002<\/p>\n<p><strong>LES R\u00caVEURS<\/strong><br \/>\n<em>Festival Les Accroche-c\u0153urs<\/em><br \/>\nAngers &#8211; 2001<\/p>\n<p><strong>\u00ab ON PEUT REFAIRE LE MONDE \u00bb<\/strong><br \/>\n<em>R\u00e9alisation d\u2019un bus itin\u00e9rant pour Emma\u00fcs France<\/em> &#8211; 1999<\/p>\n<p><strong>AUTOFOSSILES<\/strong><br \/>\n<em>Festival Les Accroche-c\u0153urs<\/em><br \/>\nAngers &#8211; 1999<\/p>\n<p><strong>ALG\u00c9RIE, LA DOULEUR ET LE MAL<\/strong><br \/>\n<em>Six auteurs pour l\u2019Alg\u00e9rie<\/em><br \/>\nBDBoum, Blois &#8211; 1998<\/p>\n<p><strong>DIX SEMBLABLES<\/strong><br \/>\n<em>La diff\u00e9rence, une valeur pour la soci\u00e9t\u00e9<\/em><br \/>\nBDBoum, Blois \u2013 1997<\/p>\n<p><strong>ADOLESCENCE EN HERBE<\/strong><br \/>\nLe Longeron &#8211; 1993<\/p>\n<p><strong>GA\u00cfA, \u00c9TAT DES LIEUX<\/strong><br \/>\nParc des expositions<br \/>\nAngers &#8211; 1992<\/p>\n<p><strong>MATA VERDE<\/strong><br \/>\nParc des expositions<br \/>\nAngers &#8211; 1989<\/p>\n","protected":false},"excerpt":{"rendered":"<p>&nbsp; &nbsp; ARCHIVES \/ installations immersives et installations urbaines PROFONDEURS Une installation immersive Coll\u00e9giale Saint-Martin \u00e0 Angers 2024-2025 LE FORT IMMERG\u00c9 Parcours immersif dans les fonds marins des pertuis \u2013 sc\u00e9nographie p\u00e9renne Fort Li\u00e9dot, \u00eele d\u2019Aix (33) &#8211; 2024 LE &hellip; <a href=\"http:\/\/www.lucie-lom.fr\/site\/archives\/installations-urbaines\/\">Lire la suite <span class=\"meta-nav\">&rarr;<\/span><\/a><\/p>\n","protected":false},"author":1,"featured_media":0,"parent":17,"menu_order":2,"comment_status":"closed","ping_status":"closed","template":"showcase.php","meta":{"footnotes":""},"class_list":["post-195","page","type-page","status-publish","hentry"],"_links":{"self":[{"href":"http:\/\/www.lucie-lom.fr\/site\/wp-json\/wp\/v2\/pages\/195","targetHints":{"allow":["GET"]}}],"collection":[{"href":"http:\/\/www.lucie-lom.fr\/site\/wp-json\/wp\/v2\/pages"}],"about":[{"href":"http:\/\/www.lucie-lom.fr\/site\/wp-json\/wp\/v2\/types\/page"}],"author":[{"embeddable":true,"href":"http:\/\/www.lucie-lom.fr\/site\/wp-json\/wp\/v2\/users\/1"}],"replies":[{"embeddable":true,"href":"http:\/\/www.lucie-lom.fr\/site\/wp-json\/wp\/v2\/comments?post=195"}],"version-history":[{"count":20,"href":"http:\/\/www.lucie-lom.fr\/site\/wp-json\/wp\/v2\/pages\/195\/revisions"}],"predecessor-version":[{"id":2741,"href":"http:\/\/www.lucie-lom.fr\/site\/wp-json\/wp\/v2\/pages\/195\/revisions\/2741"}],"up":[{"embeddable":true,"href":"http:\/\/www.lucie-lom.fr\/site\/wp-json\/wp\/v2\/pages\/17"}],"wp:attachment":[{"href":"http:\/\/www.lucie-lom.fr\/site\/wp-json\/wp\/v2\/media?parent=195"}],"curies":[{"name":"wp","href":"https:\/\/api.w.org\/{rel}","templated":true}]}}