{"id":1936,"date":"2016-06-17T16:52:31","date_gmt":"2016-06-17T14:52:31","guid":{"rendered":"http:\/\/www.lucie-lom.fr\/site\/?page_id=1936"},"modified":"2017-10-17T17:13:26","modified_gmt":"2017-10-17T15:13:26","slug":"western-for-ever","status":"publish","type":"page","link":"http:\/\/www.lucie-lom.fr\/site\/western-for-ever\/","title":{"rendered":"Western for ever"},"content":{"rendered":"<h2><span style=\"color: #ffffff;\">.<\/span><\/h2>\n<h2><span style=\"color: #ffffff;\">.<\/span><\/h2>\n<h2><span style=\"color: #ffffff;\">.<\/span><\/h2>\n<h2><span style=\"color: #ffffff;\">.<\/span><\/h2>\n<h2><span style=\"color: #ffffff;\">.<\/span><\/h2>\n<p><strong>WESTERN FOR EVER<br \/>\n<\/strong><\/p>\n<p style=\"text-align: justify;\"><strong>La bande dessin\u00e9e r\u00e9investit le Western\u00a0 \u2013\u00a0Sc\u00e9nographie pour le festival \u2028\u00ab BD \u00e0 Bastia 2016 \u00bb\u00a0\u2013<\/strong><\/p>\n<p style=\"text-align: left;\">L\u2019odeur de poudre a disparu, pourtant subsiste encore cette atmosph\u00e8re qui faisait \u2028d\u2019une bourgade perdue et poussi\u00e9reuse, \u2028un th\u00e9\u00e2tre mythique. Saloon, banque, prison voyaient s\u2019affronter ici des gar\u00e7ons vachers, \u2028qui gr\u00e2ce aux artifices du cin\u00e9ma devenaient des h\u00e9ros : \u2028les \u00ab cow-boys \u00bb. Au d\u00e9tour d\u2019un canyon, l\u2019envers \u2028du d\u00e9cor r\u00e9v\u00e8le une loge oubli\u00e9e, un sc\u00e9nario, \u2028une cartouchi\u00e8re\u2026 Des accessoires qui paraissent attendre la reprise du tournage. Dans ce d\u00e9cor de cin\u00e9ma abandonn\u00e9, les planches de bande dessin\u00e9es expos\u00e9es, r\u00e9veillent \u00e0 leur fa\u00e7on ces m\u00e9moires du Far West.<\/p>\n<p><span style=\"color: #ffffff;\">.<\/span><\/p>\n<p style=\"text-align: justify;\"><img loading=\"lazy\" decoding=\"async\" class=\"alignnone size-full wp-image-1728\" src=\"http:\/\/www.lucie-lom.fr\/site\/wp-content\/uploads\/2016\/05\/western-Lucie-Lom-bastia-2016.jpg\" alt=\"western Lucie Lom bastia 2016\" width=\"900\" height=\"633\" srcset=\"http:\/\/www.lucie-lom.fr\/site\/wp-content\/uploads\/2016\/05\/western-Lucie-Lom-bastia-2016.jpg 900w, http:\/\/www.lucie-lom.fr\/site\/wp-content\/uploads\/2016\/05\/western-Lucie-Lom-bastia-2016-300x211.jpg 300w, http:\/\/www.lucie-lom.fr\/site\/wp-content\/uploads\/2016\/05\/western-Lucie-Lom-bastia-2016-600x422.jpg 600w, http:\/\/www.lucie-lom.fr\/site\/wp-content\/uploads\/2016\/05\/western-Lucie-Lom-bastia-2016-426x300.jpg 426w\" sizes=\"auto, (max-width: 900px) 100vw, 900px\" \/> <img loading=\"lazy\" decoding=\"async\" class=\"alignnone size-full wp-image-1727\" src=\"http:\/\/www.lucie-lom.fr\/site\/wp-content\/uploads\/2016\/05\/western-Lucie-Lom-bastia-2016-2.jpg\" alt=\"western for ever\" width=\"900\" height=\"592\" srcset=\"http:\/\/www.lucie-lom.fr\/site\/wp-content\/uploads\/2016\/05\/western-Lucie-Lom-bastia-2016-2.jpg 900w, http:\/\/www.lucie-lom.fr\/site\/wp-content\/uploads\/2016\/05\/western-Lucie-Lom-bastia-2016-2-300x197.jpg 300w, http:\/\/www.lucie-lom.fr\/site\/wp-content\/uploads\/2016\/05\/western-Lucie-Lom-bastia-2016-2-600x394.jpg 600w, http:\/\/www.lucie-lom.fr\/site\/wp-content\/uploads\/2016\/05\/western-Lucie-Lom-bastia-2016-2-456x300.jpg 456w\" sizes=\"auto, (max-width: 900px) 100vw, 900px\" \/><\/p>\n<p><span style=\"border-radius: 2px; text-indent: 20px; width: auto; padding: 0px 4px 0px 0px; text-align: center; font: bold 11px\/20px 'Helvetica Neue',Helvetica,sans-serif; color: #ffffff; background: #bd081c no-repeat scroll 3px 50% \/ 14px 14px; position: absolute; opacity: 0.85; z-index: 8675309; display: none; cursor: pointer; top: 577px; left: 20px;\">Enregistrer<\/span><\/p>\n<p><span style=\"border-radius: 2px; text-indent: 20px; width: auto; padding: 0px 4px 0px 0px; text-align: center; font: bold 11px\/20px 'Helvetica Neue',Helvetica,sans-serif; color: #ffffff; background: #bd081c no-repeat scroll 3px 50% \/ 14px 14px; position: absolute; opacity: 1; z-index: 8675309; display: none; cursor: pointer;\">Enregistrer<\/span><\/p>\n<p><span style=\"border-radius: 2px; text-indent: 20px; width: auto; padding: 0px 4px 0px 0px; text-align: center; font: bold 11px\/20px 'Helvetica Neue',Helvetica,sans-serif; color: #ffffff; background: #bd081c no-repeat scroll 3px 50% \/ 14px 14px; position: absolute; opacity: 1; z-index: 8675309; display: none; cursor: pointer;\">Enregistrer<\/span><\/p>\n<p><span style=\"border-radius: 2px; text-indent: 20px; width: auto; padding: 0px 4px 0px 0px; text-align: center; font: bold 11px\/20px 'Helvetica Neue',Helvetica,sans-serif; color: #ffffff; background: #bd081c no-repeat scroll 3px 50% \/ 14px 14px; position: absolute; opacity: 1; z-index: 8675309; display: none; cursor: pointer;\">Enregistrer<\/span><\/p>\n<p><span style=\"border-radius: 2px; text-indent: 20px; width: auto; padding: 0px 4px 0px 0px; text-align: center; font: bold 11px\/20px 'Helvetica Neue',Helvetica,sans-serif; color: #ffffff; background: #bd081c no-repeat scroll 3px 50% \/ 14px 14px; position: absolute; opacity: 0.85; z-index: 8675309; display: none; cursor: pointer; top: 456px; left: 20px;\">Enregistrer<\/span><\/p>\n<p><span style=\"border-radius: 2px; text-indent: 20px; width: auto; padding: 0px 4px 0px 0px; text-align: center; font: bold 11px\/20px 'Helvetica Neue',Helvetica,sans-serif; color: #ffffff; background: #bd081c no-repeat scroll 3px 50% \/ 14px 14px; position: absolute; opacity: 1; z-index: 8675309; display: none; cursor: pointer;\">Enregistrer<\/span><\/p>\n<p><span style=\"border-radius: 2px; text-indent: 20px; width: auto; padding: 0px 4px 0px 0px; text-align: center; font: bold 11px\/20px 'Helvetica Neue',Helvetica,sans-serif; color: #ffffff; background: #bd081c no-repeat scroll 3px 50% \/ 14px 14px; position: absolute; opacity: 1; z-index: 8675309; display: none; cursor: pointer;\">Enregistrer<\/span><\/p>\n<p><span style=\"border-radius: 2px; text-indent: 20px; width: auto; padding: 0px 4px 0px 0px; text-align: center; font: bold 11px\/20px 'Helvetica Neue',Helvetica,sans-serif; color: #ffffff; background: #bd081c no-repeat scroll 3px 50% \/ 14px 14px; position: absolute; opacity: 1; z-index: 8675309; display: none; cursor: pointer;\">Enregistrer<\/span><\/p>\n<p><span style=\"border-radius: 2px; text-indent: 20px; width: auto; padding: 0px 4px 0px 0px; text-align: center; font: bold 11px\/20px 'Helvetica Neue',Helvetica,sans-serif; color: #ffffff; background: #bd081c no-repeat scroll 3px 50% \/ 14px 14px; position: absolute; opacity: 1; z-index: 8675309; display: none; cursor: pointer;\">Enregistrer<\/span><\/p>\n<p><span style=\"border-radius: 2px; text-indent: 20px; width: auto; padding: 0px 4px 0px 0px; text-align: center; font: bold 11px\/20px 'Helvetica Neue',Helvetica,sans-serif; color: #ffffff; background: #bd081c no-repeat scroll 3px 50% \/ 14px 14px; position: absolute; opacity: 1; z-index: 8675309; display: none; cursor: pointer;\">Enregistrer<\/span><\/p>\n<p><span style=\"border-radius: 2px; text-indent: 20px; width: auto; padding: 0px 4px 0px 0px; text-align: center; font: bold 11px\/20px 'Helvetica Neue',Helvetica,sans-serif; color: #ffffff; background: #bd081c no-repeat scroll 3px 50% \/ 14px 14px; position: absolute; opacity: 1; z-index: 8675309; display: none; cursor: pointer;\">Enregistrer<\/span><\/p>\n<p><span style=\"border-radius: 2px; text-indent: 20px; width: auto; padding: 0px 4px 0px 0px; text-align: center; font: bold 11px\/20px 'Helvetica Neue',Helvetica,sans-serif; color: #ffffff; background: #bd081c  no-repeat scroll 3px 50% \/ 14px 14px; position: absolute; opacity: 1; z-index: 8675309; display: none; cursor: pointer;\">Enregistrer<\/span><\/p>\n","protected":false},"excerpt":{"rendered":"<p>. . . . . WESTERN FOR EVER La bande dessin\u00e9e r\u00e9investit le Western\u00a0 \u2013\u00a0Sc\u00e9nographie pour le festival \u2028\u00ab BD \u00e0 Bastia 2016 \u00bb\u00a0\u2013 L\u2019odeur de poudre a disparu, pourtant subsiste encore cette atmosph\u00e8re qui faisait \u2028d\u2019une bourgade perdue et &hellip; <a href=\"http:\/\/www.lucie-lom.fr\/site\/western-for-ever\/\">Lire la suite <span class=\"meta-nav\">&rarr;<\/span><\/a><\/p>\n","protected":false},"author":1,"featured_media":0,"parent":0,"menu_order":0,"comment_status":"closed","ping_status":"closed","template":"","meta":{"footnotes":""},"class_list":["post-1936","page","type-page","status-publish","hentry"],"_links":{"self":[{"href":"http:\/\/www.lucie-lom.fr\/site\/wp-json\/wp\/v2\/pages\/1936","targetHints":{"allow":["GET"]}}],"collection":[{"href":"http:\/\/www.lucie-lom.fr\/site\/wp-json\/wp\/v2\/pages"}],"about":[{"href":"http:\/\/www.lucie-lom.fr\/site\/wp-json\/wp\/v2\/types\/page"}],"author":[{"embeddable":true,"href":"http:\/\/www.lucie-lom.fr\/site\/wp-json\/wp\/v2\/users\/1"}],"replies":[{"embeddable":true,"href":"http:\/\/www.lucie-lom.fr\/site\/wp-json\/wp\/v2\/comments?post=1936"}],"version-history":[{"count":15,"href":"http:\/\/www.lucie-lom.fr\/site\/wp-json\/wp\/v2\/pages\/1936\/revisions"}],"predecessor-version":[{"id":2260,"href":"http:\/\/www.lucie-lom.fr\/site\/wp-json\/wp\/v2\/pages\/1936\/revisions\/2260"}],"wp:attachment":[{"href":"http:\/\/www.lucie-lom.fr\/site\/wp-json\/wp\/v2\/media?parent=1936"}],"curies":[{"name":"wp","href":"https:\/\/api.w.org\/{rel}","templated":true}]}}