{"id":185,"date":"2014-03-20T20:37:57","date_gmt":"2014-03-21T04:37:57","guid":{"rendered":"http:\/\/www.lucie-lom.fr\/?page_id=185"},"modified":"2023-07-04T12:17:16","modified_gmt":"2023-07-04T10:17:16","slug":"amenagement-du-chu","status":"publish","type":"page","link":"http:\/\/www.lucie-lom.fr\/site\/divers\/amenagement-du-chu\/","title":{"rendered":"Lucioles"},"content":{"rendered":"<p>&nbsp;<\/p>\n<p>&nbsp;<\/p>\n<p>&nbsp;<\/p>\n<p><strong>LUCIOLES<\/strong> \u2013 Am\u00e9nagement artistique en service Radiologie C suivant une commande du CHU d&rsquo;Angers &#8211;\u00a0 2014<\/p>\n<p style=\"text-align: left;\">Dans ces lieux souvent associ\u00e9s au stress, \u00e0 l\u2019inqui\u00e9tude, au d\u00e9sarroi, le personnel hospitalier, avec beaucoup d\u2019humanit\u00e9 soulage, soigne, accueille. Nous les avons associ\u00e9s \u00e0 notre projet pour que ces couloirs et ces salles d\u2019attente soient \u00e0 la mesure de leur engagement et offrent aux patients\u00a0 un confort sensoriel, un horizon, un sentiment de qui\u00e9tude. Images, sols, murs, plafonds, \u00e9clairages, citations ont \u00e9t\u00e9 imagin\u00e9s dans ce but en un ensemble harmonieux.<br \/>\nLe projet a \u00e9t\u00e9 soutenu par Fujifilm et Philips\/healthcare.<\/p>\n<p><img loading=\"lazy\" decoding=\"async\" class=\"alignnone size-full wp-image-1524\" src=\"http:\/\/www.lucie-lom.fr\/site\/wp-content\/uploads\/2014\/09\/hopital3734-copie.jpg\" alt=\"hopital3734 copie\" width=\"900\" height=\"594\" srcset=\"http:\/\/www.lucie-lom.fr\/site\/wp-content\/uploads\/2014\/09\/hopital3734-copie.jpg 900w, http:\/\/www.lucie-lom.fr\/site\/wp-content\/uploads\/2014\/09\/hopital3734-copie-300x198.jpg 300w, http:\/\/www.lucie-lom.fr\/site\/wp-content\/uploads\/2014\/09\/hopital3734-copie-454x300.jpg 454w\" sizes=\"auto, (max-width: 900px) 100vw, 900px\" \/> <img loading=\"lazy\" decoding=\"async\" class=\"alignnone wp-image-1522 size-full\" src=\"http:\/\/www.lucie-lom.fr\/site\/wp-content\/uploads\/2014\/09\/hopital3723-copie.jpg\" alt=\"hopital3723 copie\" width=\"900\" height=\"1350\" srcset=\"http:\/\/www.lucie-lom.fr\/site\/wp-content\/uploads\/2014\/09\/hopital3723-copie.jpg 900w, http:\/\/www.lucie-lom.fr\/site\/wp-content\/uploads\/2014\/09\/hopital3723-copie-200x300.jpg 200w, http:\/\/www.lucie-lom.fr\/site\/wp-content\/uploads\/2014\/09\/hopital3723-copie-682x1024.jpg 682w\" sizes=\"auto, (max-width: 900px) 100vw, 900px\" \/> <img loading=\"lazy\" decoding=\"async\" class=\"alignnone size-full wp-image-1521\" src=\"http:\/\/www.lucie-lom.fr\/site\/wp-content\/uploads\/2014\/09\/hopital3720-copie.jpg\" alt=\"hopital3720 copie\" width=\"900\" height=\"600\" srcset=\"http:\/\/www.lucie-lom.fr\/site\/wp-content\/uploads\/2014\/09\/hopital3720-copie.jpg 900w, http:\/\/www.lucie-lom.fr\/site\/wp-content\/uploads\/2014\/09\/hopital3720-copie-300x200.jpg 300w, http:\/\/www.lucie-lom.fr\/site\/wp-content\/uploads\/2014\/09\/hopital3720-copie-450x300.jpg 450w\" sizes=\"auto, (max-width: 900px) 100vw, 900px\" \/> <img loading=\"lazy\" decoding=\"async\" class=\"alignnone wp-image-1527 size-full\" src=\"http:\/\/www.lucie-lom.fr\/site\/wp-content\/uploads\/2014\/09\/hopital3742-copie.jpg\" alt=\"hopital3742 copie\" width=\"900\" height=\"1218\" srcset=\"http:\/\/www.lucie-lom.fr\/site\/wp-content\/uploads\/2014\/09\/hopital3742-copie.jpg 900w, http:\/\/www.lucie-lom.fr\/site\/wp-content\/uploads\/2014\/09\/hopital3742-copie-221x300.jpg 221w, http:\/\/www.lucie-lom.fr\/site\/wp-content\/uploads\/2014\/09\/hopital3742-copie-756x1024.jpg 756w\" sizes=\"auto, (max-width: 900px) 100vw, 900px\" \/> <img loading=\"lazy\" decoding=\"async\" class=\"alignnone size-full wp-image-1526\" src=\"http:\/\/www.lucie-lom.fr\/site\/wp-content\/uploads\/2014\/09\/hopital3740-copie.jpg\" alt=\"hopital3740 copie\" width=\"900\" height=\"715\" srcset=\"http:\/\/www.lucie-lom.fr\/site\/wp-content\/uploads\/2014\/09\/hopital3740-copie.jpg 900w, http:\/\/www.lucie-lom.fr\/site\/wp-content\/uploads\/2014\/09\/hopital3740-copie-300x238.jpg 300w, http:\/\/www.lucie-lom.fr\/site\/wp-content\/uploads\/2014\/09\/hopital3740-copie-377x300.jpg 377w\" sizes=\"auto, (max-width: 900px) 100vw, 900px\" \/> <img loading=\"lazy\" decoding=\"async\" class=\"alignnone wp-image-1523\" src=\"http:\/\/www.lucie-lom.fr\/site\/wp-content\/uploads\/2014\/09\/hopital3729-copie.jpg\" alt=\"hopital3729 copie\" width=\"900\" height=\"1350\" srcset=\"http:\/\/www.lucie-lom.fr\/site\/wp-content\/uploads\/2014\/09\/hopital3729-copie.jpg 600w, http:\/\/www.lucie-lom.fr\/site\/wp-content\/uploads\/2014\/09\/hopital3729-copie-200x300.jpg 200w\" sizes=\"auto, (max-width: 900px) 100vw, 900px\" \/> <img loading=\"lazy\" decoding=\"async\" class=\"alignnone size-full wp-image-1610\" src=\"http:\/\/www.lucie-lom.fr\/site\/wp-content\/uploads\/2014\/11\/10655170_694768610607611_1909920532155650924_o.jpg\" alt=\"lucioles\" width=\"900\" height=\"600\" srcset=\"http:\/\/www.lucie-lom.fr\/site\/wp-content\/uploads\/2014\/11\/10655170_694768610607611_1909920532155650924_o.jpg 900w, http:\/\/www.lucie-lom.fr\/site\/wp-content\/uploads\/2014\/11\/10655170_694768610607611_1909920532155650924_o-300x200.jpg 300w, http:\/\/www.lucie-lom.fr\/site\/wp-content\/uploads\/2014\/11\/10655170_694768610607611_1909920532155650924_o-450x300.jpg 450w\" sizes=\"auto, (max-width: 900px) 100vw, 900px\" \/><\/p>\n<p style=\"text-align: center;\"><strong>Lucioles &#8211;\u00a0 Am\u00e9nagement artistique dans un service de l\u2019h\u00f4pital<\/strong><\/p>\n<p style=\"text-align: center;\">C.H.U. Angers &#8211; 2014<em>\u00a0\u00a0\u00a0 <span style=\"color: #888888;\">Photographies\u00a0: Jef Rabillon et Catherine Jouannet &#8211; Cr\u00e9ation graphique : Lucie Lom<\/span><\/em><\/p>\n<p><span style=\"border-radius: 2px; text-indent: 20px; width: auto; padding: 0px 4px 0px 0px; text-align: center; font: bold 11px\/20px 'Helvetica Neue',Helvetica,sans-serif; color: #ffffff; background: #bd081c no-repeat scroll 3px 50% \/ 14px 14px; position: absolute; opacity: 1; z-index: 8675309; display: none; cursor: pointer; top: 834px; left: 20px;\">Enregistrer<\/span><\/p>\n<p><span style=\"border-radius: 2px; text-indent: 20px; width: auto; padding: 0px 4px 0px 0px; text-align: center; font: bold 11px\/20px 'Helvetica Neue',Helvetica,sans-serif; color: #ffffff; background: #bd081c no-repeat scroll 3px 50% \/ 14px 14px; position: absolute; opacity: 1; z-index: 8675309; display: none; cursor: pointer;\">Enregistrer<\/span><\/p>\n","protected":false},"excerpt":{"rendered":"<p>&nbsp; &nbsp; &nbsp; LUCIOLES \u2013 Am\u00e9nagement artistique en service Radiologie C suivant une commande du CHU d&rsquo;Angers &#8211;\u00a0 2014 Dans ces lieux souvent associ\u00e9s au stress, \u00e0 l\u2019inqui\u00e9tude, au d\u00e9sarroi, le personnel hospitalier, avec beaucoup d\u2019humanit\u00e9 soulage, soigne, accueille. Nous &hellip; <a href=\"http:\/\/www.lucie-lom.fr\/site\/divers\/amenagement-du-chu\/\">Lire la suite <span class=\"meta-nav\">&rarr;<\/span><\/a><\/p>\n","protected":false},"author":1,"featured_media":0,"parent":15,"menu_order":1,"comment_status":"closed","ping_status":"closed","template":"","meta":{"footnotes":""},"class_list":["post-185","page","type-page","status-publish","hentry"],"_links":{"self":[{"href":"http:\/\/www.lucie-lom.fr\/site\/wp-json\/wp\/v2\/pages\/185","targetHints":{"allow":["GET"]}}],"collection":[{"href":"http:\/\/www.lucie-lom.fr\/site\/wp-json\/wp\/v2\/pages"}],"about":[{"href":"http:\/\/www.lucie-lom.fr\/site\/wp-json\/wp\/v2\/types\/page"}],"author":[{"embeddable":true,"href":"http:\/\/www.lucie-lom.fr\/site\/wp-json\/wp\/v2\/users\/1"}],"replies":[{"embeddable":true,"href":"http:\/\/www.lucie-lom.fr\/site\/wp-json\/wp\/v2\/comments?post=185"}],"version-history":[{"count":14,"href":"http:\/\/www.lucie-lom.fr\/site\/wp-json\/wp\/v2\/pages\/185\/revisions"}],"predecessor-version":[{"id":1546,"href":"http:\/\/www.lucie-lom.fr\/site\/wp-json\/wp\/v2\/pages\/185\/revisions\/1546"}],"up":[{"embeddable":true,"href":"http:\/\/www.lucie-lom.fr\/site\/wp-json\/wp\/v2\/pages\/15"}],"wp:attachment":[{"href":"http:\/\/www.lucie-lom.fr\/site\/wp-json\/wp\/v2\/media?parent=185"}],"curies":[{"name":"wp","href":"https:\/\/api.w.org\/{rel}","templated":true}]}}